{"id":1224,"date":"2018-05-29T10:22:33","date_gmt":"2018-05-29T17:22:33","guid":{"rendered":"https:\/\/psgutenberg.pixelspoke.com\/?page_id=1224"},"modified":"2026-04-16T14:06:21","modified_gmt":"2026-04-16T21:06:21","slug":"home","status":"publish","type":"page","link":"https:\/\/www.pcfcu.org\/es\/","title":{"rendered":"Hogar"},"content":{"rendered":"<div class=\"co-flex_row co-flex_row__white co-flex_row__home-hero\" ><div class=\"co-flex_row--row co-row\">\t<header class=\"co-home_hero  co-home_hero__has_image display-img-desktop display-img-mobile\" id=\"js-home_hero_promo\" aria-label=\"Encabezado: Aqu\u00ed para ti\" data-ishome=\"\">\n\t\t<div class=\"co-home_hero--inner\">\n\t\t\t<div class=\"prow gap:5\">\n\t\t\t\t\t\t\t\t\t<div class=\"co-home_hero--img_wrap pcol-lg:5\">\n\t\t\t\t\t\t<img loading=\"lazy\" decoding=\"async\" width=\"840\" height=\"560\" src=\"https:\/\/www.pcfcu.org\/files\/DSA4031-8IN-840x560.jpg\" class=\"co-home_hero--img\" alt=\"Una pareja sonriente, una mujer y un hombre, de pie en el centro de Port Orchard.\" srcset=\"https:\/\/www.pcfcu.org\/files\/DSA4031-8IN-840x560.jpg 840w, https:\/\/www.pcfcu.org\/files\/DSA4031-8IN-540x360.jpg 540w, https:\/\/www.pcfcu.org\/files\/DSA4031-8IN-730x487.jpg 730w, https:\/\/www.pcfcu.org\/files\/DSA4031-8IN-768x512.jpg 768w, https:\/\/www.pcfcu.org\/files\/DSA4031-8IN-1536x1024.jpg 1536w, https:\/\/www.pcfcu.org\/files\/DSA4031-8IN-18x12.jpg 18w, https:\/\/www.pcfcu.org\/files\/DSA4031-8IN-396x264.jpg 396w, https:\/\/www.pcfcu.org\/files\/DSA4031-8IN-75x50.jpg 75w, https:\/\/www.pcfcu.org\/files\/DSA4031-8IN.jpg 1800w\" sizes=\"auto, (max-width: 840px) 100vw, 840px\" \/>\t\t\t\t\t<\/div>\n\t\t\t\t\t\t\t\t<div class=\"co-home_hero--text pcol-lg:7\">\n\t\t\t\t\t<div class=\"co-home_hero--text_inner\">\n\t\t\t\t\t\t\t\t\t\t\t\t<h1 class=\"co-home_hero--title\">\n\t\t\t\t\t\t\tAqu\u00ed para ti\t\t\t\t\t\t<\/h1>\n\t\t\t\t\t\t<p class=\"co-home_hero--tagline\">Desde 1935, nos hemos dedicado a ayudarle a alcanzar sus objetivos financieros.<\/p>\t\t\t\t\t<\/div>\n\t\t\t\t\t\t\t\t\t<\/div>\n\t\t\t<\/div>\n\t\t<\/div>\n\t<\/header>\n<\/div><\/div>\n\n<div class=\"co-flex_row co-flex_row__white co-flex_row__quick-links\" ><div class=\"co-flex_row--row co-row\">\t<div class=\"co-quick_links\">\n\t\t<h2 class=\"co-quick_links--headline\">Me gustar\u00eda:<\/h2>\t\t<div class=\"co-quick_links--ctas\">\n\t\t\t<a class=\"co-quick_links--cta\" href=\"https:\/\/www.pcfcu.org\/es\/unirse\/\"  >\u00danete a Pen\u00ednsula<\/a><a class=\"co-quick_links--cta\" href=\"https:\/\/www.pcfcu.org\/es\/fondos-de-emergencia\/\"  >Obtener fondos de emergencia<\/a><a class=\"co-quick_links--cta\" href=\"https:\/\/www.pcfcu.org\/es\/reconstruir-su-credito\/\"  >Reconstruir mi cr\u00e9dito<\/a><a class=\"co-quick_links--cta\" href=\"https:\/\/www.pcfcu.org\/es\/opciones-de-pago\/\"  >Pagar mi pr\u00e9stamo<\/a>\t\t<\/div>\n\t\t<button class=\"co-quick_links--button js-quick_links_button\">\n\t\t\t<span class=\"screen-reader-text\">Siguiente secci\u00f3n<\/span>\n\t\t\t<svg class=\"angle-down\" xmlns=\"http:\/\/www.w3.org\/2000\/svg\" xmlns:xlink=\"http:\/\/www.w3.org\/1999\/xlink\" width=\"25px\" height=\"14px\"><path fill-rule=\"evenodd\" fill=\"#fff\" d=\"M24.745,2.043 L12.476,13.995 L11.791,13.273 L0.257,1.760 L1.964,0.005 L12.516,10.538 L23.060,0.267 L24.745,2.043 Z\"><\/path><\/svg>\n\t\t<\/button>\n\t<\/div>\n<\/div><\/div>\n\n<div class=\"co-flex_row co-flex_row__white co-flex_row__columns\" ><div class=\"co-flex_row--row co-row\">\t<div class=\"co-columns\">\n\t\t\t\t<header class=\"co-intro_text\">\n\t\t\t<h2 class=\"co-intro_text--title\">Pen\u00ednsula te ayuda a echar ra\u00edces financieras y a prosperar.<\/h2>\t\t<\/header>\n\t\t\t\t\t<div class=\"co-columns--row prow prow-md:2 prow-lg:3 co-columns--row__no_media justify-center\">\n\t\t\t\t\t\t\t\t\t<div class=\"co-columns--box co-columns--box__secondchance\">\n\t\t\t\t\t\t<svg class=\"co-columns--box_icon\" xmlns=\"http:\/\/www.w3.org\/2000\/svg\" viewbox=\"0 0 50.2 80\" width=\"50.2\" height=\"80\"><title>segunda oportunidad<\/title><path d=\"M33.2,27.5s-.08-2.38-.59-3.39c-.5-1-2.49-1.61-3.64-.75a2.94,2.94,0,0,0-.88,3.64c.63,1.38,3.39,2.38,5.15,1.13S34.47,28.27,33.2,27.5Z\"\/><path d=\"M32.52,27.64s6.18-.47,4.62-8.78c-1.13-6.02-7.45-5.72-10.71-4.6-2.28.79-8.36,5.72-5.73,14.37,2.63,8.66,11.54,9.41,17.57,7.53,6.02-1.88,13.68-6.4,10.67-21.45C45.89-.33,30.11.05,24.95,1.05,19.8,2.05,8.26,6.82,8.13,26.39c-.11,17.57,6.88,30.88,17.2,53.02\" fill=\"none\" stroke=\"#fff\" stroke-linecap=\"round\" stroke-width=\"1.27\"\/><path d=\"M21.44,49.68c-1.26.38-2.03-3.36-5.65-2.13a4.57,4.57,0,0,0-3.03,3.35l-1.77-6.1a7.07,7.07,0,0,1,5.17-.42C20.42,45.66,22.69,49.31,21.44,49.68Z\"\/><path d=\"M26.75,61.47c-1.2.53-2.44-3.08-5.87-1.4a4.58,4.58,0,0,0-2.57,3.71l-2.52-5.79a7.08,7.08,0,0,1,5.07-.92C25.24,57.62,27.94,60.94,26.75,61.47Z\"\/><path d=\"M1.87,46.84c1.28-.27.16-3.93,3.92-4.59a4.58,4.58,0,0,1,4.27,1.47l-1.37-6.16a7.06,7.06,0,0,0-4.74,2.12C.81,42.84.59,47.12,1.87,46.84Z\"\/><path d=\"M.33,29.5c1.01.16,1.23-2.81,4.16-2.23a4.25,4.25,0,0,1,2.95,2.28l.51-4.87a5.52,5.52,0,0,0-4.05.2C.69,26.29-.69,29.34.33,29.5Z\"\/><path d=\"M16.98,38.23c-1.31.06-1.14-3.76-4.95-3.46a4.57,4.57,0,0,0-3.77,2.5l-.22-6.31a7.08,7.08,0,0,1,5.12.86C17,34.09,18.29,38.17,16.98,38.23Z\"\/><path d=\"M16,27.38c-1.24-.1-.62-3.66-4.23-3.84a4.32,4.32,0,0,0-3.83,1.89l.99-5.41a6.7,6.7,0,0,1,4.7,1.43C16.5,23.49,17.23,27.49,16,27.38Z\"\/><path d=\"M16.88,18.19c-1.05-.65,1.11-3.55-2.03-5.33a4.31,4.31,0,0,0-4.27-.05l3.19-5.05a6.71,6.71,0,0,1,3.55,3.4C19.1,14.96,17.94,18.85,16.88,18.19Z\"\/><path d=\"M21.53,11.23c-.67-.92,2.16-2.64.1-5.24a3.97,3.97,0,0,0-3.64-1.49l4.45-3.2a6.15,6.15,0,0,1,1.85,4.11C24.54,9.24,22.21,12.14,21.53,11.23Z\"\/><path d=\"M26.88,8.45c-.12-1.13,3.2-1.18,2.74-4.47a3.97,3.97,0,0,0-2.35-2.84l5.46-.52a6.14,6.14,0,0,1-.48,4.48C30.47,8.25,27,9.58,26.88,8.45Z\"\/><path d=\"M33.73,9.38c.1-1.13,3.37-.55,3.54-3.86a3.98,3.98,0,0,0-1.72-3.53l5.46.54a6.14,6.14,0,0,1-1.33,4.31C37.28,9.87,33.63,10.52,33.73,9.38Z\"\/><path d=\"M38.07,11.59c.68-.91,3.16,1.29,5.04-1.45a4.56,4.56,0,0,0,.67-3.91l4.08,3.3a6.14,6.14,0,0,1-3.35,3.51C40.86,13.87,37.4,12.51,38.07,11.59Z\"\/><path d=\"M41.29,16.27c.89-.54,2.23,2.19,4.76.52a4.63,4.63,0,0,0,2.01-3.19l1.86,4.33s-1.1,1.44-3.53,1.36C42.89,19.18,40.41,16.82,41.29,16.27Z\"\/><path d=\"M42.36,20.17c1.04.07.54,3.08,3.57,3.19a3.65,3.65,0,0,0,3.2-1.64l-.42,5.02a5.59,5.59,0,0,1-3.95-1.15C41.94,23.45,41.33,20.09,42.36,20.17Z\"\/><path d=\"M41.84,26.27c.74.46-.79,2.51,1.43,3.76a3.07,3.07,0,0,0,3.02.02l-2.26,3.58a4.66,4.66,0,0,1-2.51-2.38C40.27,28.56,41.09,25.81,41.84,26.27Z\"\/><path d=\"M38.82,28.98c.39.78-2.01,1.69-.81,3.94a3.07,3.07,0,0,0,2.54,1.63l-3.83,1.81a4.67,4.67,0,0,1-.83-3.36C36.26,30.07,38.44,28.19,38.82,28.98Z\"\/><path d=\"M33.74,30.58c.11.87-2.46.94-2.07,3.46a3.08,3.08,0,0,0,1.86,2.38l-4.21.45a4.68,4.68,0,0,1,.32-3.45C31,30.76,33.64,29.71,33.74,30.58Z\"\/><path d=\"M28.51,30.44c-.33.62-2.05-.51-2.95,1.34-.65,1.34.14,2.72.14,2.72l-2.97-1.91a3.77,3.77,0,0,1,1.79-2.13C26.59,29.29,28.84,29.82,28.51,30.44Z\"\/><path d=\"M25.52,28.03c-.66.23-1.16-1.77-3.07-1.02a2.47,2.47,0,0,0-1.54,1.88l-1.11-2.71a3.76,3.76,0,0,1,2.76-.35C24.88,25.89,26.18,27.8,25.52,28.03Z\"\/><path d=\"M25.26,24.27c-.69-.13-.13-2.12-2.16-2.41a2.47,2.47,0,0,0-2.27.87l.66-3.34a3.75,3.75,0,0,1,2.77,1.43C25.77,22.1,25.95,24.4,25.26,24.27Z\"\/><path d=\"M26.84,20.7c-.6-.36.64-2.02-1.15-3.03a2.48,2.48,0,0,0-2.43-.01l1.82-2.88a3.78,3.78,0,0,1,2.02,1.92C28.09,18.86,27.43,21.07,26.84,20.7Z\"\/><path d=\"M29.59,17.86c-.22-.52,1.37-1.01.69-2.5a1.99,1.99,0,0,0-1.57-1.16l2.54-1.01a3.01,3.01,0,0,1,.4,2.2C31.27,17.25,29.8,18.38,29.59,17.86Z\"\/><path d=\"M32.07,18.54c.2-.52,1.69.21,2.22-1.34a1.99,1.99,0,0,0-.34-1.92l2.54,1.02a3.02,3.02,0,0,1-1.23,1.87C33.71,19.28,31.86,19.07,32.07,18.54Z\"\/><path d=\"M32.85,20.37c.5-.25,1.12,1.29,2.55.49a1.98,1.98,0,0,0,1.03-1.66l1.21,2.45a3.04,3.04,0,0,1-2.09,1.12C33.58,22.01,32.34,20.63,32.85,20.37Z\"\/><path d=\"M33.38,22.94c.47.06.18,1.44,1.58,1.56a1.69,1.69,0,0,0,1.52-.69l-.42,2.45a2.59,2.59,0,0,1-1.81-.62C33.11,24.46,32.91,22.88,33.38,22.94Z\"\/><\/svg><h3 class=\"co-columns--box_headline\" >Opciones de segunda oportunidad<\/h3><div class=\"co-columns--box_desc text-component\"><p>La vida pasa, y creemos que todo el mundo merece un nuevo comienzo. Ofrecemos productos Segunda Oportunidad que le ayudar\u00e1n a recuperarse y a mejorar su vida financiera.<\/p>\n<\/div><div class=\"co-columns--box_button\"><a class=\"co-columns--button co-button gtm-button\" href=\"https:\/\/www.pcfcu.org\/es\/un-nuevo-comienzo\/\"  >Explore sus opciones para empezar de cero<\/a><\/div>\t\t\t\t\t<\/div>\n\t\t\t\t\t\t\t\t\t<div class=\"co-columns--box co-columns--box__secondchance_sibling\">\n\t\t\t\t\t\t<h3 class=\"co-columns--box_headline\" >Asesoramiento financiero en todas las sucursales<\/h3><div class=\"co-columns--box_desc text-component\"><p>Todas las personas que conocer\u00e1s en Peninsula son asesores financieros certificados. Desde la reparaci\u00f3n del cr\u00e9dito hasta la elaboraci\u00f3n de presupuestos, estamos aqu\u00ed para escucharte y echarte una mano.<\/p>\n<\/div><div class=\"co-columns--box_button\"><a class=\"co-columns--button co-button gtm-button\" href=\"https:\/\/www.pcfcu.org\/es\/asesoramiento-financiero\/\"  >Obtenga asesoramiento financiero gratuito en su sucursal<\/a><\/div>\t\t\t\t\t<\/div>\n\t\t\t\t\t\t\t\t\t<div class=\"co-columns--box co-columns--box__secondchance_sibling\">\n\t\t\t\t\t\t<h3 class=\"co-columns--box_headline\" >Un servicio atento y fiable<\/h3><div class=\"co-columns--box_desc text-component\"><p>Peninsula cuenta con personal local dedicado a servir a nuestros miembros. Somos conocidos por nuestro servicio, e iremos m\u00e1s all\u00e1 para ayudarte y estar ah\u00ed para nuestra comunidad.<\/p>\n<\/div><div class=\"co-columns--box_button\"><a class=\"co-columns--button co-button gtm-button\" href=\"https:\/\/www.pcfcu.org\/es\/sucursales-y-cajeros-automaticos\/\"  >Visite su sucursal m\u00e1s cercana<\/a><\/div>\t\t\t\t\t<\/div>\n\t\t\t\t\t\t\t<\/div>\n\t\t\t\t<\/div>\n<\/div><\/div>\n\n<div class=\"co-flex_row co-flex_row__white co-flex_row__testimonial\" ><div class=\"co-flex_row--row co-row\">\t<div class=\"co-testis co-testis__no_image co-testis__brown has_intro\">\n\t\t\t\t<header class=\"co-intro_text\">\n\t\t\t<h2 class=\"co-intro_text--title\">Me ayud\u00f3 a arreglar mi cr\u00e9dito<\/h2>\t\t<\/header>\n\t\t\t\t<div class=\"co-testi gap-y-lg:0 co-testi__no_image\">\n\t\t\t\t\t\t\t<img\n\t\t\t\t\tclass=\"co-testi--wood_image\"\n\t\t\t\t\tsrc=\"https:\/\/www.pcfcu.org\/wp-content\/themes\/peninsula-theme\/images\/wood-background.png\"\n\t\t\t\t\talt=\"madera\"\n\t\t\t\t\twidth=\"481\"\n\t\t\t\t\theight=\"475\"\n\t\t\t\t\tloading=\"lazy\"\n\t\t\t\t>\n\t\t\t\t\t\t\t\t\t<blockquote class=\"co-testi--quote co-testi--quote__center\">\n\t\t\t\t<div class=\"co-testi--quote_text text-component\">\n\t\t\t\t\t<p>He estado trabajando con Leah Pokraka en la sucursal de Belfair y perm\u00edtanme decir, WOW. Ella es fenomenal en lo que hace. Ella es tan bien informado y amable. Realmente me sorprendi\u00f3 que ella estaba tan dispuesta a ayudarme a arreglar mi cr\u00e9dito. \u00a1Estar\u00e9 siempre agradecido! Yo 100% la recomendaria a ella y a Peninsula Credit Union a todos.<\/p>\n\t\t\t\t<\/div>\n\t\t\t\t<cite class=\"co-testi--attr\">\n\t\t\t\t\tKrystal D., Belfair\t\t\t\t<\/cite>\n\t\t\t<\/blockquote>\n\t\t<\/div>\n\t<\/div>\n<\/div><\/div>\n\n<div class=\"co-flex_row co-flex_row__white co-flex_row__columns\" ><div class=\"co-flex_row--row co-row\">\t<div class=\"co-columns\">\n\t\t\t\t<header class=\"co-intro_text has_intro\">\n\t\t\t<h2 class=\"co-intro_text--title\">Juntos somos m\u00e1s fuertes.<\/h2><div class=\"co-intro_text--intro text-component\"><p>Las cooperativas de cr\u00e9dito ayudan a todos. Nuestros socios se benefician de comisiones m\u00e1s bajas y mejores tipos de inter\u00e9s, y nuestro estado se beneficia porque el dinero se queda en la zona y en los bolsillos de la gente. Peninsula est\u00e1 comprometida con el fortalecimiento de nuestras comunidades y la mejora de las vidas de las familias que viven aqu\u00ed.<\/p>\n<\/div>\t\t<\/header>\n\t\t\t\t\t<div class=\"co-columns--row prow prow-md:2 prow-lg:2 co-columns--row__no_media justify-center\">\n\t\t\t\t\t\t\t\t\t<div class=\"co-columns--box\">\n\t\t\t\t\t\t<h3 class=\"co-columns--box_headline\" >Nos gusta decir \"s\u00ed\", aunque nadie m\u00e1s lo haga.<\/h3><div class=\"co-columns--box_desc text-component\"><p>Toda nuestra comunidad es m\u00e1s fuerte cuando las personas que viven aqu\u00ed est\u00e1n mejor. Por eso abrimos nuestras puertas a todos los miembros de nuestra comunidad, porque nos preocupamos por usted y por su salud financiera.<\/p>\n<\/div>\t\t\t\t\t<\/div>\n\t\t\t\t\t\t\t\t\t<div class=\"co-columns--box\">\n\t\t\t\t\t\t<h3 class=\"co-columns--box_headline\" >Cuando eres miembro, formas parte de Pen\u00ednsula<\/h3><div class=\"co-columns--box_desc text-component\"><p>Peninsula no es una gran instituci\u00f3n financiera, somos una cooperativa de cr\u00e9dito local dedicada a servir a nuestras comunidades locales. Adem\u00e1s, Peninsula es propiedad de sus socios, por lo que cuando usted se afilia, se convierte realmente en parte de la cooperativa de cr\u00e9dito.<\/p>\n<\/div>\t\t\t\t\t<\/div>\n\t\t\t\t\t\t\t<\/div>\n\t\t\t<div class=\"co-columns--cta\"><a href=\"\" class=\"co-button gtm-button\">Descubra lo que nos diferencia<\/a>\n<\/div>\t<\/div>\n<\/div><\/div>\n\n<div class=\"co-flex_row co-flex_row__white co-flex_row__last co-flex_row__testimonial\" ><div class=\"co-flex_row--row co-row\">\t<div class=\"co-testis co-testis__no_image co-testis__green\">\n\t\t\t\t<div class=\"co-testi gap-y-lg:0 co-testi__no_image\">\n\t\t\t\t\t\t\t\t\t<blockquote class=\"co-testi--quote co-testi--quote__center\">\n\t\t\t\t<div class=\"co-testi--quote_text text-component\">\n\t\t\t\t\t<p>\u00a1Me encantan las alertas de d\u00e9bito de Peninsula! Me inscrib\u00ed en las alertas de d\u00e9bito para protegerme, y un d\u00eda recib\u00ed un mensaje de texto sobre una compra que no hab\u00eda realizado. Menos de 20 minutos despu\u00e9s recib\u00ed dos alertas m\u00e1s, el departamento de Fraude de PCU me llam\u00f3 para confirmar las transacciones, y a los 25 minutos de la primera alerta mi tarjeta estaba desactivada.<\/p>\n\t\t\t\t<\/div>\n\t\t\t\t<cite class=\"co-testi--attr\">\n\t\t\t\t\tKrystal, Belfair\t\t\t\t<\/cite>\n\t\t\t<\/blockquote>\n\t\t<\/div>\n\t<\/div>\n<\/div><\/div>","protected":false},"excerpt":{"rendered":"","protected":false},"author":10,"featured_media":0,"parent":0,"menu_order":0,"comment_status":"closed","ping_status":"closed","template":"","meta":{"_acf_changed":false,"footnotes":""},"class_list":["post-1224","page","type-page","status-publish","hentry"],"acf":[],"yoast_head":"<!-- This site is optimized with the Yoast SEO plugin v27.2 - https:\/\/yoast.com\/product\/yoast-seo-wordpress\/ -->\n<title>Home - Peninsula CU<\/title>\n<meta name=\"robots\" content=\"index, follow, max-snippet:-1, max-image-preview:large, max-video-preview:-1\" \/>\n<link rel=\"canonical\" href=\"https:\/\/www.pcfcu.org\/es\/\" \/>\n<meta property=\"og:locale\" content=\"es_ES\" \/>\n<meta property=\"og:type\" content=\"article\" \/>\n<meta property=\"og:title\" content=\"Home - Peninsula CU\" \/>\n<meta property=\"og:url\" content=\"https:\/\/www.pcfcu.org\/es\/\" \/>\n<meta property=\"og:site_name\" content=\"Peninsula CU\" \/>\n<meta property=\"article:publisher\" content=\"https:\/\/www.facebook.com\/PeninsulaCreditUnion\" \/>\n<meta property=\"article:modified_time\" content=\"2026-04-16T21:06:21+00:00\" \/>\n<meta name=\"twitter:card\" content=\"summary_large_image\" \/>\n<meta name=\"twitter:site\" content=\"@pcfcuwa\" \/>\n<meta name=\"twitter:label1\" content=\"Est. reading time\" \/>\n\t<meta name=\"twitter:data1\" content=\"1 minuto\" \/>\n<script type=\"application\/ld+json\" class=\"yoast-schema-graph\">{\"@context\":\"https:\/\/schema.org\",\"@graph\":[{\"@type\":\"WebPage\",\"@id\":\"https:\/\/www.pcfcu.org\/\",\"url\":\"https:\/\/www.pcfcu.org\/\",\"name\":\"Home - Peninsula CU\",\"isPartOf\":{\"@id\":\"https:\/\/www.pcfcu.org\/#website\"},\"datePublished\":\"2018-05-29T17:22:33+00:00\",\"dateModified\":\"2026-04-16T21:06:21+00:00\",\"breadcrumb\":{\"@id\":\"https:\/\/www.pcfcu.org\/#breadcrumb\"},\"inLanguage\":\"es-ES\",\"potentialAction\":[{\"@type\":\"ReadAction\",\"target\":[\"https:\/\/www.pcfcu.org\/\"]}]},{\"@type\":\"BreadcrumbList\",\"@id\":\"https:\/\/www.pcfcu.org\/#breadcrumb\",\"itemListElement\":[{\"@type\":\"ListItem\",\"position\":1,\"name\":\"Home\",\"item\":\"https:\/\/www.pcfcu.org\/\"},{\"@type\":\"ListItem\",\"position\":2,\"name\":\"Home\"}]},{\"@type\":\"WebSite\",\"@id\":\"https:\/\/www.pcfcu.org\/#website\",\"url\":\"https:\/\/www.pcfcu.org\/\",\"name\":\"Peninsula CU\",\"description\":\"Our Priority is You\",\"publisher\":{\"@id\":\"https:\/\/www.pcfcu.org\/#organization\"},\"potentialAction\":[{\"@type\":\"SearchAction\",\"target\":{\"@type\":\"EntryPoint\",\"urlTemplate\":\"https:\/\/www.pcfcu.org\/?s={search_term_string}\"},\"query-input\":{\"@type\":\"PropertyValueSpecification\",\"valueRequired\":true,\"valueName\":\"search_term_string\"}}],\"inLanguage\":\"es-ES\"},{\"@type\":\"Organization\",\"@id\":\"https:\/\/www.pcfcu.org\/#organization\",\"name\":\"Peninsula CU\",\"url\":\"https:\/\/www.pcfcu.org\/\",\"logo\":{\"@type\":\"ImageObject\",\"inLanguage\":\"es-ES\",\"@id\":\"https:\/\/www.pcfcu.org\/#\/schema\/logo\/image\/\",\"url\":\"https:\/\/www.pcfcu.org\/files\/Screenshot-2025-09-19-at-3.54.32-PM.jpg\",\"contentUrl\":\"https:\/\/www.pcfcu.org\/files\/Screenshot-2025-09-19-at-3.54.32-PM.jpg\",\"width\":386,\"height\":286,\"caption\":\"Peninsula CU\"},\"image\":{\"@id\":\"https:\/\/www.pcfcu.org\/#\/schema\/logo\/image\/\"},\"sameAs\":[\"https:\/\/www.facebook.com\/PeninsulaCreditUnion\",\"https:\/\/x.com\/pcfcuwa\"]}]}<\/script>\n<!-- \/ Yoast SEO plugin. -->","yoast_head_json":{"title":"Inicio - Pen\u00ednsula CU","robots":{"index":"index","follow":"follow","max-snippet":"max-snippet:-1","max-image-preview":"max-image-preview:large","max-video-preview":"max-video-preview:-1"},"canonical":"https:\/\/www.pcfcu.org\/es\/","og_locale":"es_ES","og_type":"article","og_title":"Home - Peninsula CU","og_url":"https:\/\/www.pcfcu.org\/es\/","og_site_name":"Peninsula CU","article_publisher":"https:\/\/www.facebook.com\/PeninsulaCreditUnion","article_modified_time":"2026-04-16T21:06:21+00:00","twitter_card":"summary_large_image","twitter_site":"@pcfcuwa","twitter_misc":{"Est. reading time":"1 minuto"},"schema":{"@context":"https:\/\/schema.org","@graph":[{"@type":"WebPage","@id":"https:\/\/www.pcfcu.org\/","url":"https:\/\/www.pcfcu.org\/","name":"Inicio - Pen\u00ednsula CU","isPartOf":{"@id":"https:\/\/www.pcfcu.org\/#website"},"datePublished":"2018-05-29T17:22:33+00:00","dateModified":"2026-04-16T21:06:21+00:00","breadcrumb":{"@id":"https:\/\/www.pcfcu.org\/#breadcrumb"},"inLanguage":"es-ES","potentialAction":[{"@type":"ReadAction","target":["https:\/\/www.pcfcu.org\/"]}]},{"@type":"BreadcrumbList","@id":"https:\/\/www.pcfcu.org\/#breadcrumb","itemListElement":[{"@type":"ListItem","position":1,"name":"Home","item":"https:\/\/www.pcfcu.org\/"},{"@type":"ListItem","position":2,"name":"Home"}]},{"@type":"WebSite","@id":"https:\/\/www.pcfcu.org\/#website","url":"https:\/\/www.pcfcu.org\/","name":"Pen\u00ednsula CU","description":"Nuestra prioridad eres t\u00fa","publisher":{"@id":"https:\/\/www.pcfcu.org\/#organization"},"potentialAction":[{"@type":"SearchAction","target":{"@type":"EntryPoint","urlTemplate":"https:\/\/www.pcfcu.org\/?s={search_term_string}"},"query-input":{"@type":"PropertyValueSpecification","valueRequired":true,"valueName":"search_term_string"}}],"inLanguage":"es-ES"},{"@type":"Organization","@id":"https:\/\/www.pcfcu.org\/#organization","name":"Pen\u00ednsula CU","url":"https:\/\/www.pcfcu.org\/","logo":{"@type":"ImageObject","inLanguage":"es-ES","@id":"https:\/\/www.pcfcu.org\/#\/schema\/logo\/image\/","url":"https:\/\/www.pcfcu.org\/files\/Screenshot-2025-09-19-at-3.54.32-PM.jpg","contentUrl":"https:\/\/www.pcfcu.org\/files\/Screenshot-2025-09-19-at-3.54.32-PM.jpg","width":386,"height":286,"caption":"Peninsula CU"},"image":{"@id":"https:\/\/www.pcfcu.org\/#\/schema\/logo\/image\/"},"sameAs":["https:\/\/www.facebook.com\/PeninsulaCreditUnion","https:\/\/x.com\/pcfcuwa"]}]}},"_links":{"self":[{"href":"https:\/\/www.pcfcu.org\/es\/wp-json\/wp\/v2\/pages\/1224","targetHints":{"allow":["GET"]}}],"collection":[{"href":"https:\/\/www.pcfcu.org\/es\/wp-json\/wp\/v2\/pages"}],"about":[{"href":"https:\/\/www.pcfcu.org\/es\/wp-json\/wp\/v2\/types\/page"}],"author":[{"embeddable":true,"href":"https:\/\/www.pcfcu.org\/es\/wp-json\/wp\/v2\/users\/10"}],"replies":[{"embeddable":true,"href":"https:\/\/www.pcfcu.org\/es\/wp-json\/wp\/v2\/comments?post=1224"}],"version-history":[{"count":27,"href":"https:\/\/www.pcfcu.org\/es\/wp-json\/wp\/v2\/pages\/1224\/revisions"}],"predecessor-version":[{"id":5142,"href":"https:\/\/www.pcfcu.org\/es\/wp-json\/wp\/v2\/pages\/1224\/revisions\/5142"}],"wp:attachment":[{"href":"https:\/\/www.pcfcu.org\/es\/wp-json\/wp\/v2\/media?parent=1224"}],"curies":[{"name":"wp","href":"https:\/\/api.w.org\/{rel}","templated":true}]}}