{"id":2499,"date":"2025-03-11T17:43:04","date_gmt":"2025-03-12T00:43:04","guid":{"rendered":"https:\/\/www.pcfcu.org\/financial-fitness\/"},"modified":"2025-10-14T21:58:35","modified_gmt":"2025-10-15T04:58:35","slug":"aptitud-financiera","status":"publish","type":"page","link":"https:\/\/www.pcfcu.org\/es\/aptitud-financiera\/","title":{"rendered":"Fitness financiero"},"content":{"rendered":"<div class=\"co-flex_row co-flex_row__pink co-flex_row__next_row_diff co-flex_row__page-hero\" ><div class=\"co-flex_row--row co-row\">\t<header class=\"co-page_hero  co-page_hero__has_image display-img-desktop display-img-mobile\" aria-label=\"Encabezado: Aptitud financiera\">\n\t\t<div class=\"co-page_hero--inner\">\n\t\t\t<div class=\"prow gap:5\">\n\t\t\t\t\t\t\t\t\t<div class=\"co-page_hero--img_wrap pcol-lg:6\">\n\t\t\t\t\t\t<img loading=\"lazy\" decoding=\"async\" width=\"556\" height=\"360\" src=\"https:\/\/www.pcfcu.org\/files\/Financial-Fitness-Pig.Blue-SM-556x360-1.jpg\" class=\"co-page_hero--img\" alt=\"Imagen de h\u00e9roe de la aptitud financiera\" srcset=\"https:\/\/www.pcfcu.org\/files\/Financial-Fitness-Pig.Blue-SM-556x360-1.jpg 556w, https:\/\/www.pcfcu.org\/files\/Financial-Fitness-Pig.Blue-SM-556x360-1-540x350.jpg 540w, https:\/\/www.pcfcu.org\/files\/Financial-Fitness-Pig.Blue-SM-556x360-1-396x256.jpg 396w, https:\/\/www.pcfcu.org\/files\/Financial-Fitness-Pig.Blue-SM-556x360-1-75x49.jpg 75w\" sizes=\"auto, (max-width: 556px) 100vw, 556px\" \/>\t\t\t\t\t<\/div>\n\t\t\t\t\t\t\t\t<div class=\"co-page_hero--text pcol-lg:6\">\n\t\t\t\t\t\t<svg\n\t\tclass=\"co-page_hero--icon IconHeart\"\n\t\tviewbox=\"0 0 98.02 86.52\"\n\t\twidth=\"98.02\"\n\t\theight=\"86.52\"\n\t>\n\t\t<title>Coraz\u00f3n<\/title>\n\t\t\n\t\t<path d=\"M48.8,86.51h0s0,0,0,0Z\"\/><path fill=\"#fff\" d=\"M92.66,12.23c-19.7-24.46-43.38-2.1-43.38-2.1,0,0-21.19-20.49-40.31-3.21-19.12,17.28-3.32,47.37,7.29,56.54,10.62,9.17,31.87,22.55,32.25,22.8.27.18.29.23.29.24l.48-.24c23.94-9.13,63.08-49.58,43.38-74.04ZM80.54,42.99h-17.03l-9.31,15.05-7.57-24.21-5.49,9.87h-19.8c-1.19,0-2.15-.96-2.15-2.15s.96-2.15,2.15-2.15h17.27l9.13-16.43,7.75,24.8,5.62-9.08h19.43c1.19,0,2.15.96,2.15,2.15s-.96,2.15-2.15,2.15Z\"\/>\n\t\t<\/svg>\n\t\t\t\t\t\t<div class=\"co-page_hero--text_inner\">\n\t\t\t\t\t\t\t\t\t\t\t\t<h1 class=\"co-page_hero--title\">\n\t\t\t\t\t\t\tFitness financiero\t\t\t\t\t\t<\/h1>\n\t\t\t\t\t\t<p class=\"co-page_hero--tagline\">Conectarnos con nuestra comunidad, empoderando e inspirando a otros a tomar decisiones financieras inteligentes y opciones de vida beneficiosas.<\/p>\t\t\t\t\t<\/div>\n\t\t\t\t\t\t\t\t\t<\/div>\n\t\t\t<\/div>\n\t\t<\/div>\n\t<\/header>\n<\/div><\/div>\n\n<div class=\"co-flex_row co-flex_row__white co-flex_row__page-intro\" id=\"overview\"><div class=\"co-flex_row--row co-row\">\t<div class=\"co-page_intro\">\n\t\t<div class=\"co-page_intro--desc text-component\"><p>\u00bfSe siente estresado por el dinero con frecuencia? \u00bfTiene dificultades para cubrir sus gastos b\u00e1sicos, y mucho menos para ahorrar para las emergencias imprevistas de la vida y sus planes futuros? Entendemos que basta con uno o dos tropiezos u obst\u00e1culos para arruinar el futuro financiero de una familia, y el asesoramiento financiero de Peninsula puede ayudarle a retomar el rumbo hacia el bienestar financiero.<\/p>\n<\/div>\t<\/div>\n<\/div><\/div>\n\n<div class=\"co-flex_row co-flex_row__sticky-nav\" ><div class=\"co-flex_row--row co-row\">\t<div class=\"co-sticky_nav_wrap is-active\" id=\"js-sticky_nav_wrap\">\n\t\t<nav\n\t\t\tclass=\"co-sticky_nav\"\n\t\t\tid=\"js-sticky_nav\"\n\t\t\taria-label=\"en la navegaci\u00f3n de anclaje de la p\u00e1gina\"\n\t\t>\n\t\t\t<div class=\"co-sticky_nav--mobile\">\n\t\t\t\t<button\n\t\t\t\t\tclass=\"co-sticky_nav--toggle\"\n\t\t\t\t\tid=\"js-sticky_nav_toggle\"\n\t\t\t\t\taria-label=\"Abrir y cerrar el men\u00fa de la p\u00e1gina\"\n\t\t\t\t>Men\u00fa de la p\u00e1gina<\/button>\n\t\t\t<\/div>\n\t\t\t<div\n\t\t\t\tclass=\"co-sticky_nav--row co-row\"\n\t\t\t\tid=\"js-sticky_nav_links\"\n\t\t\t>\n\t\t\t\t\t\t\t\t\t<a\n\t\t\t\t\t\thref=\"#overview\"\n\t\t\t\t\t\tclass=\"co-sticky_nav--link\t\t\t\t\t\t\tjs-sticky_nav_item\"\n\t\t\t\t\t\taria-label=\"descripci\u00f3n general\"\t\t\t\t\t>\n\t\t\t\t\t\tDescripci\u00f3n general\t\t\t\t\t<\/a>\n\t\t\t\t\t\t\t\t\t<a\n\t\t\t\t\t\thref=\"#tools\"\n\t\t\t\t\t\tclass=\"co-sticky_nav--link\t\t\t\t\t\t\tjs-sticky_nav_item\"\n\t\t\t\t\t\taria-label=\"herramientas\"\t\t\t\t\t>\n\t\t\t\t\t\tHerramientas\t\t\t\t\t<\/a>\n\t\t\t\t\t\t\t\t\t<a\n\t\t\t\t\t\thref=\"#balance\"\n\t\t\t\t\t\tclass=\"co-sticky_nav--link\t\t\t\t\t\t\tjs-sticky_nav_item\"\n\t\t\t\t\t\taria-label=\"balance\"\t\t\t\t\t>\n\t\t\t\t\t\tBalance\t\t\t\t\t<\/a>\n\t\t\t\t\t\t\t\t\t<a\n\t\t\t\t\t\thref=\"#rebuild\"\n\t\t\t\t\t\tclass=\"co-sticky_nav--link\t\t\t\t\t\t\tjs-sticky_nav_item\"\n\t\t\t\t\t\taria-label=\"reconstruir su cr\u00e9dito\"\t\t\t\t\t>\n\t\t\t\t\t\tReconstruya su cr\u00e9dito\t\t\t\t\t<\/a>\n\t\t\t\t\t\t\t\t\t<a\n\t\t\t\t\t\thref=\"#ourcoach\"\n\t\t\t\t\t\tclass=\"co-sticky_nav--link\t\t\t\t\t\t\tjs-sticky_nav_item\"\n\t\t\t\t\t\taria-label=\"nuestro entrenador\"\t\t\t\t\t>\n\t\t\t\t\t\tNuestro entrenador\t\t\t\t\t<\/a>\n\t\t\t\t\t\t\t<\/div>\n\t\t<\/nav>\n\t<\/div>\n<\/div><\/div>\n\n<div class=\"co-flex_row co-flex_row__white co-flex_row__next_row_diff co-flex_row__columns\" id=\"tools\"><div class=\"co-flex_row--row co-row\">\t<div class=\"co-columns\">\n\t\t\t\t<header class=\"co-intro_text\">\n\t\t\t<h2 class=\"co-intro_text--title\">\u00bfC\u00f3mo podemos mejorar su situaci\u00f3n financiera?<\/h2>\t\t<\/header>\n\t\t\t\t\t<div class=\"co-columns--row prow prow-md:2 prow-lg:4 co-columns--row__no_media justify-center\">\n\t\t\t\t\t\t\t\t\t<div class=\"co-columns--box\">\n\t\t\t\t\t\t<h3 class=\"co-columns--box_headline\" >Obtenga ayuda inmediata<\/h3><div class=\"co-columns--box_desc text-component\"><p>Satisfaga sus necesidades financieras inmediatas con nuestra alternativa de pr\u00e9stamo de d\u00eda de pago.<\/p>\n<\/div>\t\t\t\t\t<\/div>\n\t\t\t\t\t\t\t\t\t<div class=\"co-columns--box\">\n\t\t\t\t\t\t<h3 class=\"co-columns--box_headline\" >Empieza a ahorrar<\/h3><div class=\"co-columns--box_desc text-component\"><p>Crea un presupuesto y comienza a crear un peque\u00f1o fondo de emergencia para protegerte ante lo inesperado.<\/p>\n<\/div>\t\t\t\t\t<\/div>\n\t\t\t\t\t\t\t\t\t<div class=\"co-columns--box\">\n\t\t\t\t\t\t<h3 class=\"co-columns--box_headline\" >Pagar la deuda<\/h3><div class=\"co-columns--box_desc text-component\"><p>Lib\u00e9rese de las deudas con altos intereses, un saldo a la vez.<\/p>\n<\/div>\t\t\t\t\t<\/div>\n\t\t\t\t\t\t\t\t\t<div class=\"co-columns--box\">\n\t\t\t\t\t\t<h3 class=\"co-columns--box_headline\" >Reconstruya su cr\u00e9dito<\/h3><div class=\"co-columns--box_desc text-component\"><p>Repare su cr\u00e9dito da\u00f1ado con nuestras tarjetas y cuentas aseguradas.<\/p>\n<\/div>\t\t\t\t\t<\/div>\n\t\t\t\t\t\t\t<\/div>\n\t\t\t<div class=\"co-columns--cta\"><p>En Peninsula Credit Union, nos preocupamos por su bienestar financiero. Por eso nos hemos asociado con BALANCE, empresa l\u00edder en la industria, para brindarle acceso gratuito a educaci\u00f3n financiera y recursos dise\u00f1ados por expertos que le ayudar\u00e1n con sus asuntos fiscales. Y si lo necesita, BALANCE puede brindarle servicios de asesor\u00eda financiera confidenciales y gratuitos para ayudarle a desarrollar un presupuesto sensato y administrar sus gastos y deudas. Para todos los cambios en su etapa financiera y m\u00e1s, en colaboraci\u00f3n con BALANCE, estamos aqu\u00ed para ayudarle.<\/p>\n<\/div>\t<\/div>\n<\/div><\/div>\n\n<div class=\"co-flex_row co-flex_row__softgreen co-flex_row__next_row_diff co-flex_row__columns\" ><div class=\"co-flex_row--row co-row\">\t<div class=\"co-columns\">\n\t\t\t\t<header class=\"co-intro_text\">\n\t\t\t<h2 class=\"co-intro_text--title\">Seminarios web de educaci\u00f3n financiera GRATUITOS en espa\u00f1ol para usted y su familia<\/h2>\t\t<\/header>\n\t\t\t\t\t<div class=\"co-columns--row prow prow-md:2 prow-lg:4 co-columns--row__no_media justify-center\">\n\t\t\t\t\t\t\t\t\t<div class=\"co-columns--box\">\n\t\t\t\t\t\t<h3 class=\"co-columns--box_headline\" >Conceptos b\u00e1sicos de finanzas personales<\/h3><div class=\"co-columns--box_button\"><a class=\"co-columns--button co-button gtm-button\" href=\"https:\/\/www.pcfcu.org\/es\/speed-bump\/?url=https%3A%2F%2Fregister.gotowebinar.com%2Fregister%2F1745426772150755162&#038;prev=https%3A%2F%2Fwww.pcfcu.org%2Fes%2Faptitud-financiera%2F\" target=\"_blank\" >Mira ahora<\/a><\/div>\t\t\t\t\t<\/div>\n\t\t\t\t\t\t\t\t\t<div class=\"co-columns--box\">\n\t\t\t\t\t\t<h3 class=\"co-columns--box_headline\" >Resolviendo el misterio de los informes crediticios<\/h3><div class=\"co-columns--box_button\"><a class=\"co-columns--button co-button gtm-button\" href=\"https:\/\/www.pcfcu.org\/es\/speed-bump\/?url=https%3A%2F%2Fregister.gotowebinar.com%2Fregister%2F5085643041776055898&#038;prev=https%3A%2F%2Fwww.pcfcu.org%2Fes%2Faptitud-financiera%2F\" target=\"_blank\" >Mira ahora<\/a><\/div>\t\t\t\t\t<\/div>\n\t\t\t\t\t\t\t\t\t<div class=\"co-columns--box\">\n\t\t\t\t\t\t<h3 class=\"co-columns--box_headline\" >Psicolog\u00eda del gasto<\/h3><div class=\"co-columns--box_button\"><a class=\"co-columns--button co-button gtm-button\" href=\"https:\/\/www.pcfcu.org\/es\/speed-bump\/?url=https%3A%2F%2Fregister.gotowebinar.com%2Fregister%2F8273794654256515158&#038;prev=https%3A%2F%2Fwww.pcfcu.org%2Fes%2Faptitud-financiera%2F\" target=\"_blank\" >Mira ahora<\/a><\/div>\t\t\t\t\t<\/div>\n\t\t\t\t\t\t\t\t\t<div class=\"co-columns--box\">\n\t\t\t\t\t\t<h3 class=\"co-columns--box_headline\" >Ahorrar con prop\u00f3sito<\/h3><div class=\"co-columns--box_button\"><a class=\"co-columns--button co-button gtm-button\" href=\"https:\/\/www.pcfcu.org\/es\/speed-bump\/?url=https%3A%2F%2Fregister.gotowebinar.com%2Fregister%2F392216030381807200&#038;prev=https%3A%2F%2Fwww.pcfcu.org%2Fes%2Faptitud-financiera%2F\" target=\"_blank\" >Mira ahora<\/a><\/div>\t\t\t\t\t<\/div>\n\t\t\t\t\t\t\t<\/div>\n\t\t\t\t<\/div>\n<\/div><\/div>\n\n<div class=\"co-flex_row co-flex_row__white co-flex_row__columns\" id=\"balance\"><div class=\"co-flex_row--row co-row\">\t<div class=\"co-columns\">\n\t\t\t\t<header class=\"co-intro_text\">\n\t\t\t<h2 class=\"co-intro_text--title\">Beneficios de BALANCE<\/h2>\t\t<\/header>\n\t\t\t\t\t<div class=\"co-columns--row prow prow-md:2 prow-lg:2 co-columns--row__no_media justify-center\">\n\t\t\t\t\t\t\t\t\t<div class=\"co-columns--box\">\n\t\t\t\t\t\t<h3 class=\"co-columns--box_headline\" >BalanceTrack<\/h3><div class=\"co-columns--box_desc text-component\"><p>Aprenda los fundamentos de las finanzas personales con los m\u00f3dulos educativos de BalanceTrack. Reg\u00edstrese para obtener una cuenta gratuita o inicie sesi\u00f3n para comenzar.<\/p>\n<\/div>\t\t\t\t\t<\/div>\n\t\t\t\t\t\t\t\t\t<div class=\"co-columns--box\">\n\t\t\t\t\t\t<h3 class=\"co-columns--box_headline\" >Seminarios web<\/h3><div class=\"co-columns--box_desc text-component\"><p>Asista a seminarios web gratuitos sobre administraci\u00f3n financiera. Aprenda los fundamentos de la planificaci\u00f3n financiera y cree un futuro seguro y con oportunidades.<\/p>\n<\/div>\t\t\t\t\t<\/div>\n\t\t\t\t\t\t\t\t\t<div class=\"co-columns--box\">\n\t\t\t\t\t\t<h3 class=\"co-columns--box_headline\" >Herramientas en l\u00ednea<\/h3><div class=\"co-columns--box_desc text-component\"><p>Accede a educaci\u00f3n financiera cuando la necesites. Mejora tus conocimientos con art\u00edculos, calculadoras financieras, videos, listas de verificaci\u00f3n, cuestionarios y m\u00e1s.<\/p>\n<\/div>\t\t\t\t\t<\/div>\n\t\t\t\t\t\t\t\t\t<div class=\"co-columns--box\">\n\t\t\t\t\t\t<h3 class=\"co-columns--box_headline\" >Kit de herramientas contra el robo de identidad<\/h3><div class=\"co-columns--box_desc text-component\"><p>Los recursos de este kit de herramientas est\u00e1n dise\u00f1ados para ayudarle a adquirir el conocimiento y las habilidades que necesitar\u00e1 para proteger su identidad.<\/p>\n<\/div>\t\t\t\t\t<\/div>\n\t\t\t\t\t\t\t<\/div>\n\t\t\t<div class=\"co-columns--cta\"><a href=\"https:\/\/pcfcu.balancepro.org\/\" class=\"co-button gtm-button\">Reg\u00edstrate en BALANCE hoy<\/a>\n<\/div>\t<\/div>\n<\/div><\/div>\n\n<div class=\"co-flex_row co-flex_row__white co-flex_row__next_row_diff co-flex_row__long-form-text\" id=\"rebuild\"><div class=\"co-flex_row--row co-row\">\t<div class=\"co-long_form\">\n\t\t\t\t\t<div class=\"co-long_form--block prow items-center\">\n\t\t\t\t<div class=\"co-long_form--text pcol-md:7\">\n\t\t\t\t\t<h2 class=\"co-long_form--headline\" >Aumente su puntaje de cr\u00e9dito con Experian Boost<\/h2><div class=\"co-long_form--content text-component\"><p>Boost puede ayudarte a reconstruir tu cr\u00e9dito y lograr un mejor bienestar financiero. La mayor\u00eda de los consumidores que usan Experian Boost ven un aumento (en general, 62% lo ven).<\/p>\n<\/div><a class=\"co-long_form--button co-button gtm-button\" href=\"https:\/\/www.pcfcu.org\/es\/impulso-de-experian\/\" target=\"_blank\" >M\u00e1s informaci\u00f3n<\/a>\t\t\t\t<\/div>\n\t\t\t\t\t\t\t\t\t<div class=\"co-long_form--media pcol-md:5\">\n\t\t\t\t\t\t<img loading=\"lazy\" decoding=\"async\" width=\"540\" height=\"350\" src=\"https:\/\/www.pcfcu.org\/files\/Woman-hugging-child-556x360-1-540x350.jpg\" class=\"co-long_form--image\" alt=\"Imagen del h\u00e9roe del Centro de Fraude\" srcset=\"https:\/\/www.pcfcu.org\/files\/Woman-hugging-child-556x360-1-540x350.jpg 540w, https:\/\/www.pcfcu.org\/files\/Woman-hugging-child-556x360-1-396x256.jpg 396w, https:\/\/www.pcfcu.org\/files\/Woman-hugging-child-556x360-1-75x49.jpg 75w, https:\/\/www.pcfcu.org\/files\/Woman-hugging-child-556x360-1.jpg 556w\" sizes=\"auto, (max-width: 540px) 100vw, 540px\" \/>\t\t\t\t\t<\/div>\n\t\t\t\t\t\t\t<\/div>\n\t\t\t\t<\/div>\n<\/div><\/div>\n\n<div class=\"co-flex_row co-flex_row__purple co-flex_row__next_row_diff co-flex_row__long-form-text\" ><div class=\"co-flex_row--row co-row\">\t<div class=\"co-long_form\">\n\t\t\t\t\t<div class=\"co-long_form--block prow items-start prow items-center\">\n\t\t\t\t<div class=\"co-long_form--text pcol-md:7\">\n\t\t\t\t\t<h2 class=\"co-long_form--headline\" >Empieza de nuevo con nuestros programas de Segunda Oportunidad<\/h2><div class=\"co-long_form--content text-component\"><p>A todos nos pasa. Si has pasado por un momento dif\u00edcil y te sientes financieramente inestable, nuestros productos de Segunda Oportunidad podr\u00edan ser la soluci\u00f3n ideal. Ofrecemos una variedad de opciones y, juntos, podemos crear el plan que mejor se adapte a tus necesidades. Ll\u00e1manos al <a href=\"tel:18004261601\"><strong>1.800.426.1601<\/strong><\/a> o visita tu sucursal local de Peninsula para comenzar un nuevo camino.<\/p>\n<\/div>\t\t\t\t<\/div>\n\t\t\t\t\t\t\t\t\t<div class=\"co-long_form--sidebar pcol-md:5\">\n\t\t\t\t\t\t<div class=\"co-long_form--sidebar_content text-component\"><p>\u00bfQu\u00e9 es una segunda oportunidad?<\/p>\n<ul>\n<li>Obtenga ayuda inmediata<\/li>\n<li>Empieza a ahorrar<\/li>\n<li>Pagar la deuda<\/li>\n<li>Reconstruya su cr\u00e9dito<\/li>\n<\/ul>\n<\/div>\t\t\t\t\t<\/div>\n\t\t\t\t\t\t\t<\/div>\n\t\t\t\t<\/div>\n<\/div><\/div>\n\n<div class=\"co-flex_row co-flex_row__pink co-flex_row__next_row_diff co-flex_row__testimonial\" ><div class=\"co-flex_row--row co-row\">\t<div class=\"co-testis co-testis__no_image co-testis__pink\">\n\t\t\t\t<div class=\"co-testi gap-y-lg:0 co-testi__no_image\">\n\t\t\t\t\t\t\t<img\n\t\t\t\t\tclass=\"co-testi--wood_image\"\n\t\t\t\t\tsrc=\"https:\/\/www.pcfcu.org\/wp-content\/themes\/peninsula-theme\/images\/wood-background.png\"\n\t\t\t\t\talt=\"madera\"\n\t\t\t\t\twidth=\"481\"\n\t\t\t\t\theight=\"475\"\n\t\t\t\t\tloading=\"lazy\"\n\t\t\t\t>\n\t\t\t\t\t\t\t\t\t<blockquote class=\"co-testi--quote co-testi--quote__center\">\n\t\t\t\t<div class=\"co-testi--quote_text text-component\">\n\t\t\t\t\t<p>Conoc\u00ed Peninsula cuando asist\u00ed a un evento del S\u00faper S\u00e1bado. Cuando quise crear mi cuenta, entr\u00e9 y me lo hicieron f\u00e1cil y educativo. Me alegra haber elegido Peninsula para ayudarme.<\/p>\n\t\t\t\t<\/div>\n\t\t\t\t<cite class=\"co-testi--attr\">\n\t\t\t\t\tRhonda, Port Orchard\t\t\t\t<\/cite>\n\t\t\t<\/blockquote>\n\t\t<\/div>\n\t<\/div>\n<\/div><\/div>\n\n<div class=\"co-flex_row co-flex_row__white co-flex_row__one-column-bio\" id=\"ourcoach\"><div class=\"co-flex_row--row co-row\">\t<div class=\"co-team\">\n\t\t\t\t<header class=\"co-intro_text\">\n\t\t\t<h2 class=\"co-intro_text--title\">Asesoramiento financiero<\/h2>\t\t<\/header>\n\t\t\t\t\t<ul class=\"co-team--list\">\n\t\t\t\t\t\t\t<li class=\"co-team--member prow gap-x-md:5 justify-center\">\n\t\t\t\t\t<div class=\"pcol-sm:3 pcol-md:4\">\n\t\t\t\t\t\t\t\t\t\t\t\t\t<div class=\"co-team--member__image_wrap\">\n\t\t\t\t\t\t\t\t<img loading=\"lazy\" decoding=\"async\" width=\"730\" height=\"730\" src=\"https:\/\/www.pcfcu.org\/files\/Darrell-McVea-WEB-730x730-1.jpg\" class=\"co-team--member__image\" alt=\"Darrell McVea\" srcset=\"https:\/\/www.pcfcu.org\/files\/Darrell-McVea-WEB-730x730-1.jpg 730w, https:\/\/www.pcfcu.org\/files\/Darrell-McVea-WEB-730x730-1-540x540.jpg 540w, https:\/\/www.pcfcu.org\/files\/Darrell-McVea-WEB-730x730-1-150x150.jpg 150w, https:\/\/www.pcfcu.org\/files\/Darrell-McVea-WEB-730x730-1-396x396.jpg 396w, https:\/\/www.pcfcu.org\/files\/Darrell-McVea-WEB-730x730-1-75x75.jpg 75w\" sizes=\"auto, (max-width: 730px) 100vw, 730px\" \/>\t\t\t\t\t\t\t<\/div>\n\t\t\t\t\t\t\t\t\t\t\t<\/div>\n\t\t\t\t\t<div class=\"pcol-sm:9 pcol-md:8\">\n\t\t\t\t\t\t<h3 class=\"co-team--member__name\" >Darrell McVea<\/h3><div class=\"co-team--member__title\">Educador financiero comunitario<\/div><div class=\"co-team--member__content text-component\"><p>\u00a1Hola! Me llamo Darrell McVea y soy el Educador Financiero Comunitario de Peninsula Credit Union de Shelton. Llevo 31 a\u00f1os casado con la mujer de mis sue\u00f1os. Me ha regalado tres hijos, quienes entre ambos me han regalado cinco nietos, todos ellos viviendo a menos de 24 kil\u00f3metros de casa. Me encanta pescar, viajar y dar largos paseos con mi familia.<\/p>\n<p>Mi trabajo en Peninsula Credit Union ofrece educaci\u00f3n financiera gratuita a las comunidades a las que servimos. Me apasiona poder hacerlo y espero poder ayudarte a alcanzar tus sue\u00f1os financieros. Una buena comprensi\u00f3n de tus finanzas puede ayudarte a hacer tus sue\u00f1os realidad y a romper el ciclo de la pobreza. De joven, desear\u00eda haber tenido un mentor que me hubiera ense\u00f1ado sobre finanzas. Encontr\u00e9 ese mentor en la mujer con la que me cas\u00e9.<\/p>\n<p>Perm\u00edteme ayudarte a alcanzar la salud financiera, ya sea que sue\u00f1es con una educaci\u00f3n universitaria, un auto nuevo o tu primera casa. Ll\u00e1mame. Mi prioridad eres t\u00fa y te ayudo a hacer realidad tus sue\u00f1os financieros.<\/p>\n<\/div>\t\t\t\t\t\t\t<div class=\"co-team--member__link_wrap\">\n\t\t\t\t\t\t\t\t\t\t\t\t\t\t\t<\/div>\t\t\t\t\t<\/div>\n\t\t\t\t<\/li>\n\t\t\t\t\t\t\t<\/ul>\n\t\t\t<\/div>\n<\/div><\/div>\n\n<div class=\"co-flex_row co-flex_row__white co-flex_row__last co-flex_row__multi-path-cta\" ><div class=\"co-flex_row--row co-row\">\t<div class=\"co-mp_ctas\">\n\t\t\t\t<header class=\"co-intro_text\">\n\t\t\t<h2 class=\"co-intro_text--title\">Contacte con nuestro Educador Financiero<\/h2>\t\t<\/header>\n\t\t\t\t<div class=\"co-mp_ctas--list prow justify-center\">\n\t\t\t\t\t\t\t\t\t\t\t<div class=\"co-mp_cta pcol-lg:4\">\n\t\t\t\t\t<div class=\"co-mp_cta--title\">\n\t\t\t\t\t\t\t\t\t\t\t<\/div>\n\t\t\t\t\t<a class=\"co-mp_cta--link gtm-button\" href=\"https:\/\/www.pcfcu.org\/es\/speed-bump\/?url=http%3A%2F%2Fdmcvea%40pcfcu.org&#038;prev=https%3A%2F%2Fwww.pcfcu.org%2Fes%2Faptitud-financiera%2F\"  >Env\u00ede un correo electr\u00f3nico a nuestro educador financiero<\/a>\t\t\t\t<\/div>\n\t\t\t\t\t\t\t\t\t\t\t<div class=\"co-mp_cta pcol-lg:4\">\n\t\t\t\t\t<div class=\"co-mp_cta--title\">\n\t\t\t\t\t\t\t\t\t\t\t<\/div>\n\t\t\t\t\t\t\t\t\t\t\t<div class=\"co-mp_cta--content text-component\">\n\t\t\t\t\t\t\t<p>360.426.1601 x3184<\/p>\n\t\t\t\t\t\t<\/div>\n\t\t\t\t\t\t\t\t\t<\/div>\n\t\t\t\t\t<\/div>\n\t<\/div>\n<\/div><\/div>","protected":false},"excerpt":{"rendered":"","protected":false},"author":10,"featured_media":0,"parent":0,"menu_order":0,"comment_status":"closed","ping_status":"closed","template":"","meta":{"_acf_changed":false,"footnotes":""},"class_list":["post-2499","page","type-page","status-publish","hentry"],"acf":[],"yoast_head":"<!-- This site is optimized with the Yoast SEO plugin v27.2 - https:\/\/yoast.com\/product\/yoast-seo-wordpress\/ -->\n<title>Financial Fitness - Peninsula CU<\/title>\n<meta name=\"robots\" content=\"index, follow, max-snippet:-1, max-image-preview:large, max-video-preview:-1\" \/>\n<link rel=\"canonical\" href=\"https:\/\/www.pcfcu.org\/es\/aptitud-financiera\/\" \/>\n<meta property=\"og:locale\" content=\"es_ES\" \/>\n<meta property=\"og:type\" content=\"article\" \/>\n<meta property=\"og:title\" content=\"Financial Fitness - Peninsula CU\" \/>\n<meta property=\"og:url\" content=\"https:\/\/www.pcfcu.org\/es\/aptitud-financiera\/\" \/>\n<meta property=\"og:site_name\" content=\"Peninsula CU\" \/>\n<meta property=\"article:publisher\" content=\"https:\/\/www.facebook.com\/PeninsulaCreditUnion\" \/>\n<meta property=\"article:modified_time\" content=\"2025-10-15T04:58:35+00:00\" \/>\n<meta name=\"twitter:card\" content=\"summary_large_image\" \/>\n<meta name=\"twitter:site\" content=\"@pcfcuwa\" \/>\n<script type=\"application\/ld+json\" class=\"yoast-schema-graph\">{\"@context\":\"https:\/\/schema.org\",\"@graph\":[{\"@type\":\"WebPage\",\"@id\":\"https:\/\/www.pcfcu.org\/financial-fitness\/\",\"url\":\"https:\/\/www.pcfcu.org\/financial-fitness\/\",\"name\":\"Financial Fitness - Peninsula CU\",\"isPartOf\":{\"@id\":\"https:\/\/www.pcfcu.org\/#website\"},\"datePublished\":\"2025-03-12T00:43:04+00:00\",\"dateModified\":\"2025-10-15T04:58:35+00:00\",\"breadcrumb\":{\"@id\":\"https:\/\/www.pcfcu.org\/financial-fitness\/#breadcrumb\"},\"inLanguage\":\"es-ES\",\"potentialAction\":[{\"@type\":\"ReadAction\",\"target\":[\"https:\/\/www.pcfcu.org\/financial-fitness\/\"]}]},{\"@type\":\"BreadcrumbList\",\"@id\":\"https:\/\/www.pcfcu.org\/financial-fitness\/#breadcrumb\",\"itemListElement\":[{\"@type\":\"ListItem\",\"position\":1,\"name\":\"Home\",\"item\":\"https:\/\/www.pcfcu.org\/\"},{\"@type\":\"ListItem\",\"position\":2,\"name\":\"Financial Fitness\"}]},{\"@type\":\"WebSite\",\"@id\":\"https:\/\/www.pcfcu.org\/#website\",\"url\":\"https:\/\/www.pcfcu.org\/\",\"name\":\"Peninsula CU\",\"description\":\"Our Priority is You\",\"publisher\":{\"@id\":\"https:\/\/www.pcfcu.org\/#organization\"},\"potentialAction\":[{\"@type\":\"SearchAction\",\"target\":{\"@type\":\"EntryPoint\",\"urlTemplate\":\"https:\/\/www.pcfcu.org\/?s={search_term_string}\"},\"query-input\":{\"@type\":\"PropertyValueSpecification\",\"valueRequired\":true,\"valueName\":\"search_term_string\"}}],\"inLanguage\":\"es-ES\"},{\"@type\":\"Organization\",\"@id\":\"https:\/\/www.pcfcu.org\/#organization\",\"name\":\"Peninsula CU\",\"url\":\"https:\/\/www.pcfcu.org\/\",\"logo\":{\"@type\":\"ImageObject\",\"inLanguage\":\"es-ES\",\"@id\":\"https:\/\/www.pcfcu.org\/#\/schema\/logo\/image\/\",\"url\":\"https:\/\/www.pcfcu.org\/files\/Screenshot-2025-09-19-at-3.54.32-PM.jpg\",\"contentUrl\":\"https:\/\/www.pcfcu.org\/files\/Screenshot-2025-09-19-at-3.54.32-PM.jpg\",\"width\":386,\"height\":286,\"caption\":\"Peninsula CU\"},\"image\":{\"@id\":\"https:\/\/www.pcfcu.org\/#\/schema\/logo\/image\/\"},\"sameAs\":[\"https:\/\/www.facebook.com\/PeninsulaCreditUnion\",\"https:\/\/x.com\/pcfcuwa\"]}]}<\/script>\n<!-- \/ Yoast SEO plugin. -->","yoast_head_json":{"title":"Aptitud financiera - Pen\u00ednsula CU","robots":{"index":"index","follow":"follow","max-snippet":"max-snippet:-1","max-image-preview":"max-image-preview:large","max-video-preview":"max-video-preview:-1"},"canonical":"https:\/\/www.pcfcu.org\/es\/aptitud-financiera\/","og_locale":"es_ES","og_type":"article","og_title":"Financial Fitness - Peninsula CU","og_url":"https:\/\/www.pcfcu.org\/es\/aptitud-financiera\/","og_site_name":"Peninsula CU","article_publisher":"https:\/\/www.facebook.com\/PeninsulaCreditUnion","article_modified_time":"2025-10-15T04:58:35+00:00","twitter_card":"summary_large_image","twitter_site":"@pcfcuwa","schema":{"@context":"https:\/\/schema.org","@graph":[{"@type":"WebPage","@id":"https:\/\/www.pcfcu.org\/financial-fitness\/","url":"https:\/\/www.pcfcu.org\/financial-fitness\/","name":"Aptitud financiera - Pen\u00ednsula CU","isPartOf":{"@id":"https:\/\/www.pcfcu.org\/#website"},"datePublished":"2025-03-12T00:43:04+00:00","dateModified":"2025-10-15T04:58:35+00:00","breadcrumb":{"@id":"https:\/\/www.pcfcu.org\/financial-fitness\/#breadcrumb"},"inLanguage":"es-ES","potentialAction":[{"@type":"ReadAction","target":["https:\/\/www.pcfcu.org\/financial-fitness\/"]}]},{"@type":"BreadcrumbList","@id":"https:\/\/www.pcfcu.org\/financial-fitness\/#breadcrumb","itemListElement":[{"@type":"ListItem","position":1,"name":"Home","item":"https:\/\/www.pcfcu.org\/"},{"@type":"ListItem","position":2,"name":"Financial Fitness"}]},{"@type":"WebSite","@id":"https:\/\/www.pcfcu.org\/#website","url":"https:\/\/www.pcfcu.org\/","name":"Pen\u00ednsula CU","description":"Nuestra prioridad eres t\u00fa","publisher":{"@id":"https:\/\/www.pcfcu.org\/#organization"},"potentialAction":[{"@type":"SearchAction","target":{"@type":"EntryPoint","urlTemplate":"https:\/\/www.pcfcu.org\/?s={search_term_string}"},"query-input":{"@type":"PropertyValueSpecification","valueRequired":true,"valueName":"search_term_string"}}],"inLanguage":"es-ES"},{"@type":"Organization","@id":"https:\/\/www.pcfcu.org\/#organization","name":"Pen\u00ednsula CU","url":"https:\/\/www.pcfcu.org\/","logo":{"@type":"ImageObject","inLanguage":"es-ES","@id":"https:\/\/www.pcfcu.org\/#\/schema\/logo\/image\/","url":"https:\/\/www.pcfcu.org\/files\/Screenshot-2025-09-19-at-3.54.32-PM.jpg","contentUrl":"https:\/\/www.pcfcu.org\/files\/Screenshot-2025-09-19-at-3.54.32-PM.jpg","width":386,"height":286,"caption":"Peninsula CU"},"image":{"@id":"https:\/\/www.pcfcu.org\/#\/schema\/logo\/image\/"},"sameAs":["https:\/\/www.facebook.com\/PeninsulaCreditUnion","https:\/\/x.com\/pcfcuwa"]}]}},"_links":{"self":[{"href":"https:\/\/www.pcfcu.org\/es\/wp-json\/wp\/v2\/pages\/2499","targetHints":{"allow":["GET"]}}],"collection":[{"href":"https:\/\/www.pcfcu.org\/es\/wp-json\/wp\/v2\/pages"}],"about":[{"href":"https:\/\/www.pcfcu.org\/es\/wp-json\/wp\/v2\/types\/page"}],"author":[{"embeddable":true,"href":"https:\/\/www.pcfcu.org\/es\/wp-json\/wp\/v2\/users\/10"}],"replies":[{"embeddable":true,"href":"https:\/\/www.pcfcu.org\/es\/wp-json\/wp\/v2\/comments?post=2499"}],"version-history":[{"count":19,"href":"https:\/\/www.pcfcu.org\/es\/wp-json\/wp\/v2\/pages\/2499\/revisions"}],"predecessor-version":[{"id":4468,"href":"https:\/\/www.pcfcu.org\/es\/wp-json\/wp\/v2\/pages\/2499\/revisions\/4468"}],"wp:attachment":[{"href":"https:\/\/www.pcfcu.org\/es\/wp-json\/wp\/v2\/media?parent=2499"}],"curies":[{"name":"wp","href":"https:\/\/api.w.org\/{rel}","templated":true}]}}