{"id":2500,"date":"2025-03-11T17:43:04","date_gmt":"2025-03-12T00:43:04","guid":{"rendered":"https:\/\/www.pcfcu.org\/itin-lending\/"},"modified":"2025-10-14T21:56:13","modified_gmt":"2025-10-15T04:56:13","slug":"prestamos-itin","status":"publish","type":"page","link":"https:\/\/www.pcfcu.org\/es\/prestamos-itin\/","title":{"rendered":"Pr\u00e9stamo ITIN"},"content":{"rendered":"<div class=\"co-flex_row co-flex_row__white co-flex_row__page-hero\" ><div class=\"co-flex_row--row co-row\">\t<header class=\"co-page_hero  co-page_hero__has_image display-img-desktop display-img-mobile\" aria-label=\"Encabezado: PR\u00c9STAMOS ITIN\">\n\t\t<div class=\"co-page_hero--inner\">\n\t\t\t<div class=\"prow gap:5\">\n\t\t\t\t\t\t\t\t\t<div class=\"co-page_hero--img_wrap pcol-lg:6\">\n\t\t\t\t\t\t<img loading=\"lazy\" decoding=\"async\" width=\"556\" height=\"360\" src=\"https:\/\/www.pcfcu.org\/files\/Woman-hugging-child-556x360-1.jpg\" class=\"co-page_hero--img\" alt=\"Imagen del h\u00e9roe del Centro de Fraude\" srcset=\"https:\/\/www.pcfcu.org\/files\/Woman-hugging-child-556x360-1.jpg 556w, https:\/\/www.pcfcu.org\/files\/Woman-hugging-child-556x360-1-540x350.jpg 540w, https:\/\/www.pcfcu.org\/files\/Woman-hugging-child-556x360-1-396x256.jpg 396w, https:\/\/www.pcfcu.org\/files\/Woman-hugging-child-556x360-1-75x49.jpg 75w\" sizes=\"auto, (max-width: 556px) 100vw, 556px\" \/>\t\t\t\t\t<\/div>\n\t\t\t\t\t\t\t\t<div class=\"co-page_hero--text pcol-lg:6\">\n\t\t\t\t\t\t\t\t\t\t<div class=\"co-page_hero--text_inner\">\n\t\t\t\t\t\t\t\t\t\t\t\t<h1 class=\"co-page_hero--title\">\n\t\t\t\t\t\t\tPR\u00c9STAMOS ITIN\t\t\t\t\t\t<\/h1>\n\t\t\t\t\t\t<p class=\"co-page_hero--tagline\">Descubra oportunidades financieras en Peninsula Credit Union.<\/p>\t\t\t\t\t<\/div>\n\t\t\t\t\t\t\t\t\t<\/div>\n\t\t\t<\/div>\n\t\t<\/div>\n\t<\/header>\n<\/div><\/div>\n\n<div class=\"co-flex_row co-flex_row__white co-flex_row__page-intro\" ><div class=\"co-flex_row--row co-row\">\t<div class=\"co-page_intro\">\n\t\t<div class=\"co-page_intro--desc text-component\"><p>En Peninsula Credit Union, creemos en la inclusi\u00f3n financiera y en brindar igualdad de oportunidades a todos los miembros de nuestra comunidad. Entendemos que no todos tienen un N\u00famero de Seguro Social (SSN), lo cual no deber\u00eda obstaculizar su acceso a cr\u00e9dito y soluciones de pr\u00e9stamo.<\/p>\n<p>Nuestros pr\u00e9stamos ITIN est\u00e1n disponibles para todos aquellos que viven, trabajan, practican un culto o asisten a la escuela en los condados de Kitsap, Mason, Jefferson, Clallam o Grays Harbor en el estado de Washington, y para los familiares de miembros actuales de la Pen\u00ednsula.<\/p>\n<p>Con Peninsula Credit Union, usted puede alcanzar sus metas financieras, independientemente de su estado de SSN.<\/p>\n<\/div>\t<\/div>\n<\/div><\/div>\n\n<div class=\"co-flex_row co-flex_row__white co-flex_row__next_row_diff co-flex_row__columns\" ><div class=\"co-flex_row--row co-row\">\t<div class=\"co-columns\">\n\t\t\t\t\t<div class=\"co-columns--row prow prow-md:2 prow-lg:3 co-columns--row__no_media justify-center\">\n\t\t\t\t\t\t\t\t\t<div class=\"co-columns--box\">\n\t\t\t\t\t\t<h2 class=\"co-columns--box_headline\" >Pr\u00e9stamos para autom\u00f3viles con ITIN<\/h2><div class=\"co-columns--box_desc text-component\"><p>Experimente la libertad de tener un veh\u00edculo con Peninsula Credit Union. Nuestros pr\u00e9stamos para autos le brindan la oportunidad de realizar sus desplazamientos diarios o aprovechar nuevas oportunidades m\u00e1s all\u00e1 de las limitaciones del transporte p\u00fablico. Con un ITIN, tendr\u00e1 acceso a nuestros competitivos pr\u00e9stamos para autos y opciones de refinanciamiento. Explore nuestras opciones.\u00a0<a href=\"https:\/\/www.pcfcu.org\/es\/prestamos-para-automoviles\/\" data-promoid=\"6541\">P\u00e1gina de pr\u00e9stamos para autom\u00f3viles<\/a> para obtener m\u00e1s informaci\u00f3n sobre c\u00f3mo podemos ayudarle a financiar su pr\u00f3ximo veh\u00edculo.<\/p>\n<\/div><div class=\"co-columns--box_button\"><a class=\"co-columns--button co-button gtm-button\" href=\"https:\/\/www.pcfcu.org\/es\/speed-bump\/?url=https%3A%2F%2Foriginate.pcfcu.org%2FKDaSWwPyjcFUGPP&#038;prev=https%3A%2F%2Fwww.pcfcu.org%2Fes%2Fprestamos-itin%2F\" target=\"_blank\" >Aplicar ahora<\/a><\/div>\t\t\t\t\t<\/div>\n\t\t\t\t\t\t\t\t\t<div class=\"co-columns--box\">\n\t\t\t\t\t\t<h2 class=\"co-columns--box_headline\" >Pr\u00e9stamos personales con ITIN<\/h2><div class=\"co-columns--box_desc text-component\"><p>En Peninsula Credit Union, entendemos que las necesidades personales var\u00edan y estamos aqu\u00ed para ayudarle. Nuestros pr\u00e9stamos personales se adaptan a sus necesidades financieras, ayud\u00e1ndole a alcanzar sus sue\u00f1os y afrontar gastos imprevistos. Ya sea que necesite fondos para la educaci\u00f3n, mejoras en el hogar, consolidaci\u00f3n de deudas u otros proyectos personales, nuestros...\u00a0<a href=\"https:\/\/www.pcfcu.org\/es\/prestamos-personales\/\">pr\u00e9stamos personales<\/a>\u00a0Proporcionar la flexibilidad y el apoyo que necesita.<\/p>\n<\/div><div class=\"co-columns--box_button\"><a class=\"co-columns--button co-button gtm-button\" href=\"https:\/\/www.pcfcu.org\/es\/speed-bump\/?url=https%3A%2F%2Foriginate.pcfcu.org%2FKDaSWwPyjcFUGPP&#038;prev=https%3A%2F%2Fwww.pcfcu.org%2Fes%2Fprestamos-itin%2F\" target=\"_blank\" >Aplicar ahora<\/a><\/div>\t\t\t\t\t<\/div>\n\t\t\t\t\t\t\t\t\t<div class=\"co-columns--box\">\n\t\t\t\t\t\t<h2 class=\"co-columns--box_headline\" >Tarjetas de cr\u00e9dito ITIN VISA<\/h2><div class=\"co-columns--box_desc text-component\"><p>Descubra la libertad financiera con las Tarjetas de Cr\u00e9dito VISA de Peninsula Credit Union. Ya sea que est\u00e9 construyendo su historial crediticio o administrando sus gastos, nuestras Tarjetas de Cr\u00e9dito VISA ofrecen los mismos beneficios que nuestras tarjetas tradicionales, brind\u00e1ndole el poder adquisitivo que necesita para alcanzar sus metas.\u00a0<a href=\"https:\/\/www.pcfcu.org\/es\/tarjetas-de-credito\/\">Aplicar ahora<\/a> \u00a1Y comienza a disfrutar hoy mismo de la comodidad y seguridad de nuestras Tarjetas de Cr\u00e9dito VISA!<\/p>\n<\/div><div class=\"co-columns--box_button\"><a class=\"co-columns--button co-button gtm-button\" href=\"https:\/\/www.pcfcu.org\/es\/speed-bump\/?url=https%3A%2F%2Foriginate.pcfcu.org%2FKDaSWwPyjcFUGPP&#038;prev=https%3A%2F%2Fwww.pcfcu.org%2Fes%2Fprestamos-itin%2F\" target=\"_blank\" >Aplicar ahora<\/a><\/div>\t\t\t\t\t<\/div>\n\t\t\t\t\t\t\t<\/div>\n\t\t\t\t<\/div>\n<\/div><\/div>\n\n<div class=\"co-flex_row co-flex_row__purple co-flex_row__next_row_diff co-flex_row__full-width-promo\" ><div class=\"co-flex_row--row co-row\"><div class=\"co-fwp_wrap\">\n\t\t\t<header class=\"co-intro_text has_intro\">\n\t\t\t<h2 class=\"co-intro_text--title\">\u00danase a Peninsula Credit Union<\/h2><div class=\"co-intro_text--intro text-component\"><p>La membres\u00eda en Peninsula Credit Union est\u00e1 abierta a todos los residentes de la Pen\u00ednsula Ol\u00edmpica. Si reside, trabaja, practica su religi\u00f3n o estudia en los condados de Kitsap, Mason, Jefferson, Clallam o Grays Harbor, o si es familiar de un socio actual, puede afiliarse. Al hacerse socio, tendr\u00e1 acceso a una amplia gama de servicios financieros adaptados a sus necesidades.<\/p>\n<\/div>\t\t<\/header>\n\t\t<\/div><\/div><\/div>\n\n<div class=\"co-flex_row co-flex_row__white co-flex_row__last co-flex_row__multi-path-cta\" ><div class=\"co-flex_row--row co-row\">\t<div class=\"co-mp_ctas\">\n\t\t\t\t<div class=\"co-mp_ctas--list prow justify-center\">\n\t\t\t\t\t\t\t\t\t\t\t<div class=\"co-mp_cta pcol-lg:4\">\n\t\t\t\t\t<div class=\"co-mp_cta--title\">\n\t\t\t\t\t\t\t\t\t\t\t<\/div>\n\t\t\t\t\t<a class=\"co-mp_cta--link gtm-button\" href=\"https:\/\/www.pcfcu.org\/es\/sucursales-y-cajeros-automaticos\/\"  >Encuentre su sucursal m\u00e1s cercana<\/a>\t\t\t\t<\/div>\n\t\t\t\t\t\t\t\t\t\t\t<div class=\"co-mp_cta pcol-lg:4\">\n\t\t\t\t\t<div class=\"co-mp_cta--title\">\n\t\t\t\t\t\tLl\u00e1manos\t\t\t\t\t<\/div>\n\t\t\t\t\t<a class=\"co-mp_cta--link gtm-button\" href=\"tel:18004261601\"  >1.800.426.1601<\/a>\t\t\t\t<\/div>\n\t\t\t\t\t\t\t\t\t\t\t<div class=\"co-mp_cta pcol-lg:4\">\n\t\t\t\t\t<div class=\"co-mp_cta--title\">\n\t\t\t\t\t\tHablamos espa\u00f1ol\t\t\t\t\t<\/div>\n\t\t\t\t\t<a class=\"co-mp_cta--link gtm-button\" href=\"mailto:SpanishTeam@pcfcu.org\"  >Env\u00edanos un mensaje<\/a>\t\t\t\t<\/div>\n\t\t\t\t\t<\/div>\n\t<\/div>\n<\/div><\/div>","protected":false},"excerpt":{"rendered":"","protected":false},"author":12,"featured_media":0,"parent":0,"menu_order":0,"comment_status":"closed","ping_status":"closed","template":"","meta":{"_acf_changed":false,"footnotes":""},"class_list":["post-2500","page","type-page","status-publish","hentry"],"acf":[],"yoast_head":"<!-- This site is optimized with the Yoast SEO plugin v27.2 - https:\/\/yoast.com\/product\/yoast-seo-wordpress\/ -->\n<title>ITIN Lending - Peninsula CU<\/title>\n<meta name=\"robots\" content=\"index, follow, max-snippet:-1, max-image-preview:large, max-video-preview:-1\" \/>\n<link rel=\"canonical\" href=\"https:\/\/www.pcfcu.org\/es\/prestamos-itin\/\" \/>\n<meta property=\"og:locale\" content=\"es_ES\" \/>\n<meta property=\"og:type\" content=\"article\" \/>\n<meta property=\"og:title\" content=\"ITIN Lending - Peninsula CU\" \/>\n<meta property=\"og:url\" content=\"https:\/\/www.pcfcu.org\/es\/prestamos-itin\/\" \/>\n<meta property=\"og:site_name\" content=\"Peninsula CU\" \/>\n<meta property=\"article:publisher\" content=\"https:\/\/www.facebook.com\/PeninsulaCreditUnion\" \/>\n<meta property=\"article:modified_time\" content=\"2025-10-15T04:56:13+00:00\" \/>\n<meta name=\"twitter:card\" content=\"summary_large_image\" \/>\n<meta name=\"twitter:site\" content=\"@pcfcuwa\" \/>\n<script type=\"application\/ld+json\" class=\"yoast-schema-graph\">{\"@context\":\"https:\/\/schema.org\",\"@graph\":[{\"@type\":\"WebPage\",\"@id\":\"https:\/\/www.pcfcu.org\/itin-lending\/\",\"url\":\"https:\/\/www.pcfcu.org\/itin-lending\/\",\"name\":\"ITIN Lending - Peninsula CU\",\"isPartOf\":{\"@id\":\"https:\/\/www.pcfcu.org\/#website\"},\"datePublished\":\"2025-03-12T00:43:04+00:00\",\"dateModified\":\"2025-10-15T04:56:13+00:00\",\"breadcrumb\":{\"@id\":\"https:\/\/www.pcfcu.org\/itin-lending\/#breadcrumb\"},\"inLanguage\":\"es-ES\",\"potentialAction\":[{\"@type\":\"ReadAction\",\"target\":[\"https:\/\/www.pcfcu.org\/itin-lending\/\"]}]},{\"@type\":\"BreadcrumbList\",\"@id\":\"https:\/\/www.pcfcu.org\/itin-lending\/#breadcrumb\",\"itemListElement\":[{\"@type\":\"ListItem\",\"position\":1,\"name\":\"Home\",\"item\":\"https:\/\/www.pcfcu.org\/\"},{\"@type\":\"ListItem\",\"position\":2,\"name\":\"ITIN Lending\"}]},{\"@type\":\"WebSite\",\"@id\":\"https:\/\/www.pcfcu.org\/#website\",\"url\":\"https:\/\/www.pcfcu.org\/\",\"name\":\"Peninsula CU\",\"description\":\"Our Priority is You\",\"publisher\":{\"@id\":\"https:\/\/www.pcfcu.org\/#organization\"},\"potentialAction\":[{\"@type\":\"SearchAction\",\"target\":{\"@type\":\"EntryPoint\",\"urlTemplate\":\"https:\/\/www.pcfcu.org\/?s={search_term_string}\"},\"query-input\":{\"@type\":\"PropertyValueSpecification\",\"valueRequired\":true,\"valueName\":\"search_term_string\"}}],\"inLanguage\":\"es-ES\"},{\"@type\":\"Organization\",\"@id\":\"https:\/\/www.pcfcu.org\/#organization\",\"name\":\"Peninsula CU\",\"url\":\"https:\/\/www.pcfcu.org\/\",\"logo\":{\"@type\":\"ImageObject\",\"inLanguage\":\"es-ES\",\"@id\":\"https:\/\/www.pcfcu.org\/#\/schema\/logo\/image\/\",\"url\":\"https:\/\/www.pcfcu.org\/files\/Screenshot-2025-09-19-at-3.54.32-PM.jpg\",\"contentUrl\":\"https:\/\/www.pcfcu.org\/files\/Screenshot-2025-09-19-at-3.54.32-PM.jpg\",\"width\":386,\"height\":286,\"caption\":\"Peninsula CU\"},\"image\":{\"@id\":\"https:\/\/www.pcfcu.org\/#\/schema\/logo\/image\/\"},\"sameAs\":[\"https:\/\/www.facebook.com\/PeninsulaCreditUnion\",\"https:\/\/x.com\/pcfcuwa\"]}]}<\/script>\n<!-- \/ Yoast SEO plugin. -->","yoast_head_json":{"title":"Pr\u00e9stamos con ITIN - Pen\u00ednsula CU","robots":{"index":"index","follow":"follow","max-snippet":"max-snippet:-1","max-image-preview":"max-image-preview:large","max-video-preview":"max-video-preview:-1"},"canonical":"https:\/\/www.pcfcu.org\/es\/prestamos-itin\/","og_locale":"es_ES","og_type":"article","og_title":"ITIN Lending - Peninsula CU","og_url":"https:\/\/www.pcfcu.org\/es\/prestamos-itin\/","og_site_name":"Peninsula CU","article_publisher":"https:\/\/www.facebook.com\/PeninsulaCreditUnion","article_modified_time":"2025-10-15T04:56:13+00:00","twitter_card":"summary_large_image","twitter_site":"@pcfcuwa","schema":{"@context":"https:\/\/schema.org","@graph":[{"@type":"WebPage","@id":"https:\/\/www.pcfcu.org\/itin-lending\/","url":"https:\/\/www.pcfcu.org\/itin-lending\/","name":"Pr\u00e9stamos con ITIN - Pen\u00ednsula CU","isPartOf":{"@id":"https:\/\/www.pcfcu.org\/#website"},"datePublished":"2025-03-12T00:43:04+00:00","dateModified":"2025-10-15T04:56:13+00:00","breadcrumb":{"@id":"https:\/\/www.pcfcu.org\/itin-lending\/#breadcrumb"},"inLanguage":"es-ES","potentialAction":[{"@type":"ReadAction","target":["https:\/\/www.pcfcu.org\/itin-lending\/"]}]},{"@type":"BreadcrumbList","@id":"https:\/\/www.pcfcu.org\/itin-lending\/#breadcrumb","itemListElement":[{"@type":"ListItem","position":1,"name":"Home","item":"https:\/\/www.pcfcu.org\/"},{"@type":"ListItem","position":2,"name":"ITIN Lending"}]},{"@type":"WebSite","@id":"https:\/\/www.pcfcu.org\/#website","url":"https:\/\/www.pcfcu.org\/","name":"Pen\u00ednsula CU","description":"Nuestra prioridad eres t\u00fa","publisher":{"@id":"https:\/\/www.pcfcu.org\/#organization"},"potentialAction":[{"@type":"SearchAction","target":{"@type":"EntryPoint","urlTemplate":"https:\/\/www.pcfcu.org\/?s={search_term_string}"},"query-input":{"@type":"PropertyValueSpecification","valueRequired":true,"valueName":"search_term_string"}}],"inLanguage":"es-ES"},{"@type":"Organization","@id":"https:\/\/www.pcfcu.org\/#organization","name":"Pen\u00ednsula CU","url":"https:\/\/www.pcfcu.org\/","logo":{"@type":"ImageObject","inLanguage":"es-ES","@id":"https:\/\/www.pcfcu.org\/#\/schema\/logo\/image\/","url":"https:\/\/www.pcfcu.org\/files\/Screenshot-2025-09-19-at-3.54.32-PM.jpg","contentUrl":"https:\/\/www.pcfcu.org\/files\/Screenshot-2025-09-19-at-3.54.32-PM.jpg","width":386,"height":286,"caption":"Peninsula CU"},"image":{"@id":"https:\/\/www.pcfcu.org\/#\/schema\/logo\/image\/"},"sameAs":["https:\/\/www.facebook.com\/PeninsulaCreditUnion","https:\/\/x.com\/pcfcuwa"]}]}},"_links":{"self":[{"href":"https:\/\/www.pcfcu.org\/es\/wp-json\/wp\/v2\/pages\/2500","targetHints":{"allow":["GET"]}}],"collection":[{"href":"https:\/\/www.pcfcu.org\/es\/wp-json\/wp\/v2\/pages"}],"about":[{"href":"https:\/\/www.pcfcu.org\/es\/wp-json\/wp\/v2\/types\/page"}],"author":[{"embeddable":true,"href":"https:\/\/www.pcfcu.org\/es\/wp-json\/wp\/v2\/users\/12"}],"replies":[{"embeddable":true,"href":"https:\/\/www.pcfcu.org\/es\/wp-json\/wp\/v2\/comments?post=2500"}],"version-history":[{"count":2,"href":"https:\/\/www.pcfcu.org\/es\/wp-json\/wp\/v2\/pages\/2500\/revisions"}],"predecessor-version":[{"id":4467,"href":"https:\/\/www.pcfcu.org\/es\/wp-json\/wp\/v2\/pages\/2500\/revisions\/4467"}],"wp:attachment":[{"href":"https:\/\/www.pcfcu.org\/es\/wp-json\/wp\/v2\/media?parent=2500"}],"curies":[{"name":"wp","href":"https:\/\/api.w.org\/{rel}","templated":true}]}}