{"id":2510,"date":"2025-03-11T17:43:04","date_gmt":"2025-03-12T00:43:04","guid":{"rendered":"https:\/\/www.pcfcu.org\/anything\/"},"modified":"2025-12-31T14:04:56","modified_gmt":"2025-12-31T22:04:56","slug":"cualquier-cosa","status":"publish","type":"page","link":"https:\/\/www.pcfcu.org\/es\/cualquier-cosa\/","title":{"rendered":"Promoci\u00f3n \u2013 Pr\u00e9stamo de Cualquier Cosa"},"content":{"rendered":"<div class=\"co-flex_row co-flex_row__white co-flex_row__page-hero\" ><div class=\"co-flex_row--row co-row\">\t<header class=\"co-page_hero  co-page_hero__has_image display-img-desktop\" aria-label=\"Encabezado: El pr\u00e9stamo de cualquier cosa\">\n\t\t<div class=\"co-page_hero--inner\">\n\t\t\t<div class=\"prow gap:5\">\n\t\t\t\t\t\t\t\t\t<div class=\"co-page_hero--img_wrap pcol-lg:6\">\n\t\t\t\t\t\t<img loading=\"lazy\" decoding=\"async\" width=\"840\" height=\"600\" src=\"https:\/\/www.pcfcu.org\/files\/D8B_4317-8IN-scaled-1-840x600.jpg\" class=\"co-page_hero--img\" alt=\"Una mujer feliz sosteniendo a su hijo en su cadera.\" srcset=\"https:\/\/www.pcfcu.org\/files\/D8B_4317-8IN-scaled-1-840x600.jpg 840w, https:\/\/www.pcfcu.org\/files\/D8B_4317-8IN-scaled-1-540x386.jpg 540w, https:\/\/www.pcfcu.org\/files\/D8B_4317-8IN-scaled-1-730x522.jpg 730w, https:\/\/www.pcfcu.org\/files\/D8B_4317-8IN-scaled-1-768x549.jpg 768w, https:\/\/www.pcfcu.org\/files\/D8B_4317-8IN-scaled-1-1536x1097.jpg 1536w, https:\/\/www.pcfcu.org\/files\/D8B_4317-8IN-scaled-1-2048x1463.jpg 2048w, https:\/\/www.pcfcu.org\/files\/D8B_4317-8IN-scaled-1-18x12.jpg 18w, https:\/\/www.pcfcu.org\/files\/D8B_4317-8IN-scaled-1-396x283.jpg 396w, https:\/\/www.pcfcu.org\/files\/D8B_4317-8IN-scaled-1-75x54.jpg 75w\" sizes=\"auto, (max-width: 840px) 100vw, 840px\" \/>\t\t\t\t\t<\/div>\n\t\t\t\t\t\t\t\t<div class=\"co-page_hero--text pcol-lg:6\">\n\t\t\t\t\t\t\t\t\t\t<div class=\"co-page_hero--text_inner\">\n\t\t\t\t\t\t\t\t\t\t\t\t<h1 class=\"co-page_hero--title\">\n\t\t\t\t\t\t\tEl pr\u00e9stamo para cualquier cosa\t\t\t\t\t\t<\/h1>\n\t\t\t\t\t\t<p class=\"co-page_hero--tagline\">\u00a1\u00dasalo para cualquier cosa!* \u2013 Consolida deudas, arregla la lavadora o pon un poco de efectivo en tu bolsillo.<\/p>\t\t\t\t\t\t\t<div class=\"co-page_hero--buttons\">\n\t\t\t\t\t\t\t\t<a class=\"co-page_hero--button gtm-button\" href=\"https:\/\/www.pcfcu.org\/es\/speed-bump\/?url=https%3A%2F%2Foriginate.pcfcu.org%2FKDaSWwPyjcFUGPP%2Fgetting-started%2Flanding-page&#038;prev=https%3A%2F%2Fwww.pcfcu.org%2Fes%2Fcualquier-cosa%2F\"  >Aplicar ahora<\/a>\t\t\t\t\t\t\t<\/div>\n\t\t\t\t\t\t\t\t\t\t\t\t<\/div>\n\t\t\t\t\t\t\t\t\t<\/div>\n\t\t\t<\/div>\n\t\t<\/div>\n\t<\/header>\n<\/div><\/div>\n\n<div class=\"co-flex_row co-flex_row__white co-flex_row__long-form-text\" ><div class=\"co-flex_row--row co-row\">\t<div class=\"co-long_form\">\n\t\t\t\t\t<div class=\"co-long_form--block co-long_form--block__nomedia prow items-center  flex-center text-center\">\n\t\t\t\t<div class=\"co-long_form--text pcol-md:12\">\n\t\t\t\t\t<div class=\"co-long_form--content text-component\"><h2>\u00bfNecesitas un poco de espacio para respirar?<\/h2>\n<h3><span class=\"italic\">Pruebe el pr\u00e9stamo Anything:<\/span><\/h3>\n<ul>\n<li>Solicitud f\u00e1cil en l\u00ednea<\/li>\n<li>Sin pagos durante 90 d\u00edas<\/li>\n<li>Tarifas bajas y asequibles<\/li>\n<li>Ahorros bloqueados<\/li>\n<\/ul>\n<\/div><a class=\"co-long_form--button co-button gtm-button\" href=\"https:\/\/www.pcfcu.org\/es\/speed-bump\/?url=https%3A%2F%2Foriginate.pcfcu.org%2FKDaSWwPyjcFUGPP%2Fgetting-started%2Flanding-page&#038;prev=https%3A%2F%2Fwww.pcfcu.org%2Fes%2Fcualquier-cosa%2F\" target=\"_blank\" >Aplicar ahora<\/a>\t\t\t\t<\/div>\n\t\t\t\t\t\t\t<\/div>\n\t\t\t\t<\/div>\n<\/div><\/div>\n\n<div class=\"co-flex_row co-flex_row__white co-flex_row__last co-flex_row__disclosures\" ><div class=\"co-flex_row--row co-row\">\t<div class=\"co-disclosures\">\n\t\t<h2 class=\"co-disclosures--title\">Divulgaciones<\/h2>\n\t\t<dl class=\"co-disclosures--list\">\n\t\t\t\t\t\t\t<div class=\"co-disclosure\">\n\t\t\t\t\t<dd class=\"co-disclosure--desc\">\n\t\t\t\t\t\t\t\t\t\t\t\t<div class=\"text-component\"><p>*Se aplican requisitos de cr\u00e9dito y plazos m\u00e1ximos de pr\u00e9stamo. Esta oferta es v\u00e1lida para solicitudes de pr\u00e9stamo recibidas entre el 1\/12\/25 y el 31\/01\/26. El pr\u00e9stamo puede utilizarse para cualquier prop\u00f3sito, incluyendo la refinanciaci\u00f3n de l\u00edneas de cr\u00e9dito existentes, excepto pr\u00e9stamos PAL. Los intereses se acumulan desde la fecha de desembolso del pr\u00e9stamo y se cobrar\u00e1n en el primer pago aplicado al mismo. Se aplica la elegibilidad para la membres\u00eda. Las tasas, los plazos y las ofertas est\u00e1n sujetos a cambios y pueden retirarse en cualquier momento. Asegurado federalmente por la NCUA.<\/p>\n<\/div>\t\t\t\t\t<\/dd>\n\t\t\t\t<\/div>\n\t\t\t\t\t<\/dl>\n\t<\/div>\n<\/div><\/div>","protected":false},"excerpt":{"rendered":"","protected":false},"author":15,"featured_media":0,"parent":0,"menu_order":0,"comment_status":"closed","ping_status":"closed","template":"","meta":{"_acf_changed":false,"footnotes":""},"class_list":["post-2510","page","type-page","status-publish","hentry"],"acf":[],"yoast_head":"<!-- This site is optimized with the Yoast SEO plugin v27.2 - https:\/\/yoast.com\/product\/yoast-seo-wordpress\/ -->\n<title>Promotion - Anything Loan - Peninsula CU<\/title>\n<meta name=\"robots\" content=\"index, follow, max-snippet:-1, max-image-preview:large, max-video-preview:-1\" \/>\n<link rel=\"canonical\" href=\"https:\/\/www.pcfcu.org\/es\/cualquier-cosa\/\" \/>\n<meta property=\"og:locale\" content=\"es_ES\" \/>\n<meta property=\"og:type\" content=\"article\" \/>\n<meta property=\"og:title\" content=\"Promotion - Anything Loan - Peninsula CU\" \/>\n<meta property=\"og:url\" content=\"https:\/\/www.pcfcu.org\/es\/cualquier-cosa\/\" \/>\n<meta property=\"og:site_name\" content=\"Peninsula CU\" \/>\n<meta property=\"article:publisher\" content=\"https:\/\/www.facebook.com\/PeninsulaCreditUnion\" \/>\n<meta property=\"article:modified_time\" content=\"2025-12-31T22:04:56+00:00\" \/>\n<meta name=\"twitter:card\" content=\"summary_large_image\" \/>\n<meta name=\"twitter:site\" content=\"@pcfcuwa\" \/>\n<script type=\"application\/ld+json\" class=\"yoast-schema-graph\">{\"@context\":\"https:\/\/schema.org\",\"@graph\":[{\"@type\":\"WebPage\",\"@id\":\"https:\/\/www.pcfcu.org\/anything\/\",\"url\":\"https:\/\/www.pcfcu.org\/anything\/\",\"name\":\"Promotion - Anything Loan - Peninsula CU\",\"isPartOf\":{\"@id\":\"https:\/\/www.pcfcu.org\/#website\"},\"datePublished\":\"2025-03-12T00:43:04+00:00\",\"dateModified\":\"2025-12-31T22:04:56+00:00\",\"breadcrumb\":{\"@id\":\"https:\/\/www.pcfcu.org\/anything\/#breadcrumb\"},\"inLanguage\":\"es-ES\",\"potentialAction\":[{\"@type\":\"ReadAction\",\"target\":[\"https:\/\/www.pcfcu.org\/anything\/\"]}]},{\"@type\":\"BreadcrumbList\",\"@id\":\"https:\/\/www.pcfcu.org\/anything\/#breadcrumb\",\"itemListElement\":[{\"@type\":\"ListItem\",\"position\":1,\"name\":\"Home\",\"item\":\"https:\/\/www.pcfcu.org\/\"},{\"@type\":\"ListItem\",\"position\":2,\"name\":\"Promotion &#8211; Anything Loan\"}]},{\"@type\":\"WebSite\",\"@id\":\"https:\/\/www.pcfcu.org\/#website\",\"url\":\"https:\/\/www.pcfcu.org\/\",\"name\":\"Peninsula CU\",\"description\":\"Our Priority is You\",\"publisher\":{\"@id\":\"https:\/\/www.pcfcu.org\/#organization\"},\"potentialAction\":[{\"@type\":\"SearchAction\",\"target\":{\"@type\":\"EntryPoint\",\"urlTemplate\":\"https:\/\/www.pcfcu.org\/?s={search_term_string}\"},\"query-input\":{\"@type\":\"PropertyValueSpecification\",\"valueRequired\":true,\"valueName\":\"search_term_string\"}}],\"inLanguage\":\"es-ES\"},{\"@type\":\"Organization\",\"@id\":\"https:\/\/www.pcfcu.org\/#organization\",\"name\":\"Peninsula CU\",\"url\":\"https:\/\/www.pcfcu.org\/\",\"logo\":{\"@type\":\"ImageObject\",\"inLanguage\":\"es-ES\",\"@id\":\"https:\/\/www.pcfcu.org\/#\/schema\/logo\/image\/\",\"url\":\"https:\/\/www.pcfcu.org\/files\/Screenshot-2025-09-19-at-3.54.32-PM.jpg\",\"contentUrl\":\"https:\/\/www.pcfcu.org\/files\/Screenshot-2025-09-19-at-3.54.32-PM.jpg\",\"width\":386,\"height\":286,\"caption\":\"Peninsula CU\"},\"image\":{\"@id\":\"https:\/\/www.pcfcu.org\/#\/schema\/logo\/image\/\"},\"sameAs\":[\"https:\/\/www.facebook.com\/PeninsulaCreditUnion\",\"https:\/\/x.com\/pcfcuwa\"]}]}<\/script>\n<!-- \/ Yoast SEO plugin. -->","yoast_head_json":{"title":"Promoci\u00f3n - Pr\u00e9stamo para cualquier cosa - Pen\u00ednsula CU","robots":{"index":"index","follow":"follow","max-snippet":"max-snippet:-1","max-image-preview":"max-image-preview:large","max-video-preview":"max-video-preview:-1"},"canonical":"https:\/\/www.pcfcu.org\/es\/cualquier-cosa\/","og_locale":"es_ES","og_type":"article","og_title":"Promotion - Anything Loan - Peninsula CU","og_url":"https:\/\/www.pcfcu.org\/es\/cualquier-cosa\/","og_site_name":"Peninsula CU","article_publisher":"https:\/\/www.facebook.com\/PeninsulaCreditUnion","article_modified_time":"2025-12-31T22:04:56+00:00","twitter_card":"summary_large_image","twitter_site":"@pcfcuwa","schema":{"@context":"https:\/\/schema.org","@graph":[{"@type":"WebPage","@id":"https:\/\/www.pcfcu.org\/anything\/","url":"https:\/\/www.pcfcu.org\/anything\/","name":"Promoci\u00f3n - Pr\u00e9stamo para cualquier cosa - Pen\u00ednsula CU","isPartOf":{"@id":"https:\/\/www.pcfcu.org\/#website"},"datePublished":"2025-03-12T00:43:04+00:00","dateModified":"2025-12-31T22:04:56+00:00","breadcrumb":{"@id":"https:\/\/www.pcfcu.org\/anything\/#breadcrumb"},"inLanguage":"es-ES","potentialAction":[{"@type":"ReadAction","target":["https:\/\/www.pcfcu.org\/anything\/"]}]},{"@type":"BreadcrumbList","@id":"https:\/\/www.pcfcu.org\/anything\/#breadcrumb","itemListElement":[{"@type":"ListItem","position":1,"name":"Home","item":"https:\/\/www.pcfcu.org\/"},{"@type":"ListItem","position":2,"name":"Promotion &#8211; Anything Loan"}]},{"@type":"WebSite","@id":"https:\/\/www.pcfcu.org\/#website","url":"https:\/\/www.pcfcu.org\/","name":"Pen\u00ednsula CU","description":"Nuestra prioridad eres t\u00fa","publisher":{"@id":"https:\/\/www.pcfcu.org\/#organization"},"potentialAction":[{"@type":"SearchAction","target":{"@type":"EntryPoint","urlTemplate":"https:\/\/www.pcfcu.org\/?s={search_term_string}"},"query-input":{"@type":"PropertyValueSpecification","valueRequired":true,"valueName":"search_term_string"}}],"inLanguage":"es-ES"},{"@type":"Organization","@id":"https:\/\/www.pcfcu.org\/#organization","name":"Pen\u00ednsula CU","url":"https:\/\/www.pcfcu.org\/","logo":{"@type":"ImageObject","inLanguage":"es-ES","@id":"https:\/\/www.pcfcu.org\/#\/schema\/logo\/image\/","url":"https:\/\/www.pcfcu.org\/files\/Screenshot-2025-09-19-at-3.54.32-PM.jpg","contentUrl":"https:\/\/www.pcfcu.org\/files\/Screenshot-2025-09-19-at-3.54.32-PM.jpg","width":386,"height":286,"caption":"Peninsula CU"},"image":{"@id":"https:\/\/www.pcfcu.org\/#\/schema\/logo\/image\/"},"sameAs":["https:\/\/www.facebook.com\/PeninsulaCreditUnion","https:\/\/x.com\/pcfcuwa"]}]}},"_links":{"self":[{"href":"https:\/\/www.pcfcu.org\/es\/wp-json\/wp\/v2\/pages\/2510","targetHints":{"allow":["GET"]}}],"collection":[{"href":"https:\/\/www.pcfcu.org\/es\/wp-json\/wp\/v2\/pages"}],"about":[{"href":"https:\/\/www.pcfcu.org\/es\/wp-json\/wp\/v2\/types\/page"}],"author":[{"embeddable":true,"href":"https:\/\/www.pcfcu.org\/es\/wp-json\/wp\/v2\/users\/15"}],"replies":[{"embeddable":true,"href":"https:\/\/www.pcfcu.org\/es\/wp-json\/wp\/v2\/comments?post=2510"}],"version-history":[{"count":7,"href":"https:\/\/www.pcfcu.org\/es\/wp-json\/wp\/v2\/pages\/2510\/revisions"}],"predecessor-version":[{"id":4727,"href":"https:\/\/www.pcfcu.org\/es\/wp-json\/wp\/v2\/pages\/2510\/revisions\/4727"}],"wp:attachment":[{"href":"https:\/\/www.pcfcu.org\/es\/wp-json\/wp\/v2\/media?parent=2510"}],"curies":[{"name":"wp","href":"https:\/\/api.w.org\/{rel}","templated":true}]}}