{"id":2512,"date":"2025-03-11T17:43:04","date_gmt":"2025-03-12T00:43:04","guid":{"rendered":"https:\/\/www.pcfcu.org\/experian-boost\/"},"modified":"2025-04-27T14:51:09","modified_gmt":"2025-04-27T21:51:09","slug":"impulso-de-experian","status":"publish","type":"page","link":"https:\/\/www.pcfcu.org\/es\/impulso-de-experian\/","title":{"rendered":"Experian Boost"},"content":{"rendered":"<div class=\"co-flex_row co-flex_row__white co-flex_row__page-hero\" ><div class=\"co-flex_row--row co-row\">\t<header class=\"co-page_hero  co-page_hero__has_image display-img-desktop display-img-mobile\" aria-label=\"Encabezado: Peninsula se asocia con Experian\u00ae\">\n\t\t<div class=\"co-page_hero--inner\">\n\t\t\t<div class=\"prow gap:5\">\n\t\t\t\t\t\t\t\t\t<div class=\"co-page_hero--img_wrap pcol-lg:6\">\n\t\t\t\t\t\t<img loading=\"lazy\" decoding=\"async\" width=\"824\" height=\"425\" src=\"https:\/\/www.pcfcu.org\/files\/Hero-Component-PSPlaceholderImage.jpg\" class=\"co-page_hero--img\" alt=\"H\u00e9roe FPO\" srcset=\"https:\/\/www.pcfcu.org\/files\/Hero-Component-PSPlaceholderImage.jpg 824w, https:\/\/www.pcfcu.org\/files\/Hero-Component-PSPlaceholderImage-540x279.jpg 540w, https:\/\/www.pcfcu.org\/files\/Hero-Component-PSPlaceholderImage-730x377.jpg 730w, https:\/\/www.pcfcu.org\/files\/Hero-Component-PSPlaceholderImage-768x396.jpg 768w, https:\/\/www.pcfcu.org\/files\/Hero-Component-PSPlaceholderImage-396x204.jpg 396w, https:\/\/www.pcfcu.org\/files\/Hero-Component-PSPlaceholderImage-75x39.jpg 75w\" sizes=\"auto, (max-width: 824px) 100vw, 824px\" \/>\t\t\t\t\t<\/div>\n\t\t\t\t\t\t\t\t<div class=\"co-page_hero--text pcol-lg:6\">\n\t\t\t\t\t\t\t\t\t\t<div class=\"co-page_hero--text_inner\">\n\t\t\t\t\t\t\t\t\t\t\t\t<h1 class=\"co-page_hero--title\">\n\t\t\t\t\t\t\tPeninsula se asocia con Experian\u00ae\t\t\t\t\t\t<\/h1>\n\t\t\t\t\t\t<p class=\"co-page_hero--tagline\">Aumente su puntaje FICO\u00ae al instante y gratis*<\/p>\t\t\t\t\t\t\t<div class=\"co-page_hero--buttons\">\n\t\t\t\t\t\t\t\t<a class=\"co-page_hero--button gtm-button\" href=\"https:\/\/www.pcfcu.org\/es\/speed-bump\/?url=https%3A%2F%2Fusa.experian.com%2Fregistration%2F%3Foffer%3Dat_frsas111%26br%3Dexp%26refUrl%3D%252Fcredit%252Fboost%252Fonboarding%26op%3DFRSQ-PRD-BST-111-MQE-XXXXXXX-XX-EXP-VMAC-SEO-XXXXXX-XXXXXX-XXXXX%26dAuth%3Dtrue&#038;prev=https%3A%2F%2Fwww.pcfcu.org%2Fes%2Fimpulso-de-experian%2F\" target=\"_blank\" >Empieza hoy<\/a>\t\t\t\t\t\t\t<\/div>\n\t\t\t\t\t\t\t\t\t\t\t\t<\/div>\n\t\t\t\t\t\t\t\t\t<\/div>\n\t\t\t<\/div>\n\t\t<\/div>\n\t<\/header>\n<\/div><\/div>\n\n<div class=\"co-flex_row co-flex_row__white co-flex_row__columns\" ><div class=\"co-flex_row--row co-row\">\t<div class=\"co-columns\">\n\t\t\t\t\t<div class=\"co-columns--row prow prow-md:2 prow-lg:2 co-columns--row__no_media justify-center\">\n\t\t\t\t\t\t\t\t\t<div class=\"co-columns--box\">\n\t\t\t\t\t\t<h2 class=\"co-columns--box_headline\" >Aumenta tu puntaje FICO\u00ae al instante. As\u00ed de f\u00e1cil:<\/h2><div class=\"co-columns--box_desc text-component\"><ol>\n<li>Conecta las cuentas bancarias que usas para pagar tus facturas de servicios p\u00fablicos y streaming. Tu informaci\u00f3n se mantiene privada.<\/li>\n<li>Seleccione y verifique el historial de pagos positivos que desea agregar a su archivo de cr\u00e9dito.<\/li>\n<li>Vea los resultados de su impulso al instante. <a href=\"https:\/\/usa.experian.com\/registration\/?offer=at_frsas111&amp;br=exp&amp;refUrl=%2Fcredit%2Fboost%2Fonboarding&amp;op=FRSQ-PRD-BST-111-MQE-XXXXXXX-XX-EXP-VMAC-SEO-XXXXXX-XXXXXX-XXXXX&amp;dAuth=true\"><strong>Empieza hoy<\/strong><\/a><\/li>\n<\/ol>\n<\/div>\t\t\t\t\t<\/div>\n\t\t\t\t\t\t\t\t\t<div class=\"co-columns--box\">\n\t\t\t\t\t\t<h2 class=\"co-columns--box_headline\" >Beneficios de Boost<\/h2><div class=\"co-columns--box_desc text-component\"><ul>\n<li>La mayor\u00eda de los consumidores que utilizan Experian Boost ven un aumento (en general, 62% ven un aumento).<\/li>\n<li>Las personas pueden aumentar su puntaje FICO\u00ae un promedio de 13 puntos con Experian Boost.<\/li>\n<li>Experian es el \u00fanico lugar en la Tierra donde puedes obtener tu puntaje FICO\u00ae y aumentarlo instant\u00e1neamente, todo gratis.<\/li>\n<\/ul>\n<\/div>\t\t\t\t\t<\/div>\n\t\t\t\t\t\t\t<\/div>\n\t\t\t\t<\/div>\n<\/div><\/div>\n\n<div class=\"co-flex_row co-flex_row__white co-flex_row__testimonial\" ><div class=\"co-flex_row--row co-row\">\t<div class=\"co-testis co-testis__no_image co-testis__green\">\n\t\t\t\t<div class=\"co-testi gap-y-lg:0 co-testi__no_image\">\n\t\t\t\t\t\t\t\t\t<blockquote class=\"co-testi--quote co-testi--quote__center\">\n\t\t\t\t<div class=\"co-testi--quote_text text-component\">\n\t\t\t\t\t<p>Llegu\u00e9 buscando $500 para pagar unos gastos. Ped\u00ed un pr\u00e9stamo a nombre de la persona, y mientras estaba all\u00ed, me hicieron m\u00e1s preguntas sobre lo que quer\u00eda lograr. Result\u00f3 que una tarjeta de cr\u00e9dito tiene una mejor tasa que otros tipos de pr\u00e9stamos, as\u00ed que me ayudaron y me ahorraron dinero.<\/p>\n\t\t\t\t<\/div>\n\t\t\t\t<cite class=\"co-testi--attr\">\n\t\t\t\t\tTrish, Port Townsend\t\t\t\t<\/cite>\n\t\t\t<\/blockquote>\n\t\t<\/div>\n\t<\/div>\n<\/div><\/div>\n\n<div class=\"co-flex_row co-flex_row__white co-flex_row__long-form-text\" ><div class=\"co-flex_row--row co-row\">\t<div class=\"co-long_form\">\n\t\t\t\t\t<div class=\"co-long_form--block prow items-center\">\n\t\t\t\t<div class=\"co-long_form--text pcol-md:7\">\n\t\t\t\t\t<h2 class=\"co-long_form--headline\" >Boost puede ayudarle a reconstruir su cr\u00e9dito y lograr un mejor bienestar financiero<\/h2><div class=\"co-long_form--content text-component\"><p><a href=\"https:\/\/usa.experian.com\/registration\/?offer=at_frsas111&amp;br=exp&amp;refUrl=%2Fcredit%2Fboost%2Fonboarding&amp;op=FRSQ-PRD-BST-111-MQE-XXXXXXX-XX-EXP-VMAC-SEO-XXXXXX-XXXXXX-XXXXX&amp;dAuth=true\">Empieza hoy<\/a><\/p>\n<\/div>\t\t\t\t<\/div>\n\t\t\t\t\t\t\t\t\t<div class=\"co-long_form--media pcol-md:5\">\n\t\t\t\t\t\t<img loading=\"lazy\" decoding=\"async\" width=\"540\" height=\"367\" src=\"https:\/\/www.pcfcu.org\/files\/ColumnsComponent-PSPlaceholderImage-540x367.jpg\" class=\"co-long_form--image\" alt=\"columnas FPO\" srcset=\"https:\/\/www.pcfcu.org\/files\/ColumnsComponent-PSPlaceholderImage-540x367.jpg 540w, https:\/\/www.pcfcu.org\/files\/ColumnsComponent-PSPlaceholderImage-396x269.jpg 396w, https:\/\/www.pcfcu.org\/files\/ColumnsComponent-PSPlaceholderImage-75x51.jpg 75w, https:\/\/www.pcfcu.org\/files\/ColumnsComponent-PSPlaceholderImage.jpg 692w\" sizes=\"auto, (max-width: 540px) 100vw, 540px\" \/>\t\t\t\t\t<\/div>\n\t\t\t\t\t\t\t<\/div>\n\t\t\t\t<\/div>\n<\/div><\/div>\n\n<div class=\"co-flex_row co-flex_row__white co-flex_row__single-path-cta\" ><div class=\"co-flex_row--row co-row\">\t<div class=\"co-sp_cta\">\n\t\t<h2 class=\"co-sp_cta--headline\">Obtenga m\u00e1s informaci\u00f3n sobre Experian Boost<\/h2><a class=\"co-sp_cta--button gtm-button\" href=\"https:\/\/www.pcfcu.org\/es\/speed-bump\/?url=https%3A%2F%2Fwww.experian.com%2Fblogs%2Fask-experian%2Fwhat-is-experian-boost%2F&#038;prev=https%3A%2F%2Fwww.pcfcu.org%2Fes%2Fimpulso-de-experian%2F\" target=\"_blank\" >Preguntas frecuentes sobre Boost<\/a>\t<\/div>\n<\/div><\/div>\n\n<div class=\"co-flex_row co-flex_row__white co-flex_row__last co-flex_row__disclosures\" ><div class=\"co-flex_row--row co-row\">\t<div class=\"co-disclosures\">\n\t\t<h2 class=\"co-disclosures--title\">Divulgaciones<\/h2>\n\t\t<dl class=\"co-disclosures--list\">\n\t\t\t\t\t\t\t<div class=\"co-disclosure\">\n\t\t\t\t\t<dd class=\"co-disclosure--desc\">\n\t\t\t\t\t\t\t\t\t\t\t\t<div class=\"text-component\"><p>* Los resultados pueden variar. Es posible que algunos no vean mejoras en sus puntajes ni en sus probabilidades de aprobaci\u00f3n. No todos los prestamistas utilizan los archivos de cr\u00e9dito de Experian ni los puntajes afectados por Experian Boost. El puntaje crediticio se calcula con base en el modelo FICO\u00ae Score 8. Su prestamista o aseguradora podr\u00eda usar un puntaje FICO\u00ae Score diferente al FICO\u00ae Score 8, o incluso otro tipo de puntaje crediticio. <a href=\"https:\/\/www.experian.com\/help\/information.html?conf=ecs_ficoScoreDisclosure\" target=\"_blank\">Aprende m\u00e1s.<\/a><\/p>\n<\/div>\t\t\t\t\t<\/dd>\n\t\t\t\t<\/div>\n\t\t\t\t\t<\/dl>\n\t<\/div>\n<\/div><\/div>","protected":false},"excerpt":{"rendered":"","protected":false},"author":10,"featured_media":0,"parent":0,"menu_order":0,"comment_status":"closed","ping_status":"closed","template":"","meta":{"_acf_changed":false,"footnotes":""},"class_list":["post-2512","page","type-page","status-publish","hentry"],"acf":[],"yoast_head":"<!-- This site is optimized with the Yoast SEO plugin v27.2 - https:\/\/yoast.com\/product\/yoast-seo-wordpress\/ -->\n<title>Experian Boost - Peninsula CU<\/title>\n<meta name=\"robots\" content=\"index, follow, max-snippet:-1, max-image-preview:large, max-video-preview:-1\" \/>\n<link rel=\"canonical\" href=\"https:\/\/www.pcfcu.org\/es\/impulso-de-experian\/\" \/>\n<meta property=\"og:locale\" content=\"es_ES\" \/>\n<meta property=\"og:type\" content=\"article\" \/>\n<meta property=\"og:title\" content=\"Experian Boost - Peninsula CU\" \/>\n<meta property=\"og:url\" content=\"https:\/\/www.pcfcu.org\/es\/impulso-de-experian\/\" \/>\n<meta property=\"og:site_name\" content=\"Peninsula CU\" \/>\n<meta property=\"article:publisher\" content=\"https:\/\/www.facebook.com\/PeninsulaCreditUnion\" \/>\n<meta property=\"article:modified_time\" content=\"2025-04-27T21:51:09+00:00\" \/>\n<meta name=\"twitter:card\" content=\"summary_large_image\" \/>\n<meta name=\"twitter:site\" content=\"@pcfcuwa\" \/>\n<script type=\"application\/ld+json\" class=\"yoast-schema-graph\">{\"@context\":\"https:\/\/schema.org\",\"@graph\":[{\"@type\":\"WebPage\",\"@id\":\"https:\/\/www.pcfcu.org\/experian-boost\/\",\"url\":\"https:\/\/www.pcfcu.org\/experian-boost\/\",\"name\":\"Experian Boost - Peninsula CU\",\"isPartOf\":{\"@id\":\"https:\/\/www.pcfcu.org\/#website\"},\"datePublished\":\"2025-03-12T00:43:04+00:00\",\"dateModified\":\"2025-04-27T21:51:09+00:00\",\"breadcrumb\":{\"@id\":\"https:\/\/www.pcfcu.org\/experian-boost\/#breadcrumb\"},\"inLanguage\":\"es-ES\",\"potentialAction\":[{\"@type\":\"ReadAction\",\"target\":[\"https:\/\/www.pcfcu.org\/experian-boost\/\"]}]},{\"@type\":\"BreadcrumbList\",\"@id\":\"https:\/\/www.pcfcu.org\/experian-boost\/#breadcrumb\",\"itemListElement\":[{\"@type\":\"ListItem\",\"position\":1,\"name\":\"Home\",\"item\":\"https:\/\/www.pcfcu.org\/\"},{\"@type\":\"ListItem\",\"position\":2,\"name\":\"Experian Boost\"}]},{\"@type\":\"WebSite\",\"@id\":\"https:\/\/www.pcfcu.org\/#website\",\"url\":\"https:\/\/www.pcfcu.org\/\",\"name\":\"Peninsula CU\",\"description\":\"Our Priority is You\",\"publisher\":{\"@id\":\"https:\/\/www.pcfcu.org\/#organization\"},\"potentialAction\":[{\"@type\":\"SearchAction\",\"target\":{\"@type\":\"EntryPoint\",\"urlTemplate\":\"https:\/\/www.pcfcu.org\/?s={search_term_string}\"},\"query-input\":{\"@type\":\"PropertyValueSpecification\",\"valueRequired\":true,\"valueName\":\"search_term_string\"}}],\"inLanguage\":\"es-ES\"},{\"@type\":\"Organization\",\"@id\":\"https:\/\/www.pcfcu.org\/#organization\",\"name\":\"Peninsula CU\",\"url\":\"https:\/\/www.pcfcu.org\/\",\"logo\":{\"@type\":\"ImageObject\",\"inLanguage\":\"es-ES\",\"@id\":\"https:\/\/www.pcfcu.org\/#\/schema\/logo\/image\/\",\"url\":\"https:\/\/www.pcfcu.org\/files\/Screenshot-2025-09-19-at-3.54.32-PM.jpg\",\"contentUrl\":\"https:\/\/www.pcfcu.org\/files\/Screenshot-2025-09-19-at-3.54.32-PM.jpg\",\"width\":386,\"height\":286,\"caption\":\"Peninsula CU\"},\"image\":{\"@id\":\"https:\/\/www.pcfcu.org\/#\/schema\/logo\/image\/\"},\"sameAs\":[\"https:\/\/www.facebook.com\/PeninsulaCreditUnion\",\"https:\/\/x.com\/pcfcuwa\"]}]}<\/script>\n<!-- \/ Yoast SEO plugin. -->","yoast_head_json":{"title":"Experian Boost - Pen\u00ednsula CU","robots":{"index":"index","follow":"follow","max-snippet":"max-snippet:-1","max-image-preview":"max-image-preview:large","max-video-preview":"max-video-preview:-1"},"canonical":"https:\/\/www.pcfcu.org\/es\/impulso-de-experian\/","og_locale":"es_ES","og_type":"article","og_title":"Experian Boost - Peninsula CU","og_url":"https:\/\/www.pcfcu.org\/es\/impulso-de-experian\/","og_site_name":"Peninsula CU","article_publisher":"https:\/\/www.facebook.com\/PeninsulaCreditUnion","article_modified_time":"2025-04-27T21:51:09+00:00","twitter_card":"summary_large_image","twitter_site":"@pcfcuwa","schema":{"@context":"https:\/\/schema.org","@graph":[{"@type":"WebPage","@id":"https:\/\/www.pcfcu.org\/experian-boost\/","url":"https:\/\/www.pcfcu.org\/experian-boost\/","name":"Experian Boost - Pen\u00ednsula CU","isPartOf":{"@id":"https:\/\/www.pcfcu.org\/#website"},"datePublished":"2025-03-12T00:43:04+00:00","dateModified":"2025-04-27T21:51:09+00:00","breadcrumb":{"@id":"https:\/\/www.pcfcu.org\/experian-boost\/#breadcrumb"},"inLanguage":"es-ES","potentialAction":[{"@type":"ReadAction","target":["https:\/\/www.pcfcu.org\/experian-boost\/"]}]},{"@type":"BreadcrumbList","@id":"https:\/\/www.pcfcu.org\/experian-boost\/#breadcrumb","itemListElement":[{"@type":"ListItem","position":1,"name":"Home","item":"https:\/\/www.pcfcu.org\/"},{"@type":"ListItem","position":2,"name":"Experian Boost"}]},{"@type":"WebSite","@id":"https:\/\/www.pcfcu.org\/#website","url":"https:\/\/www.pcfcu.org\/","name":"Pen\u00ednsula CU","description":"Nuestra prioridad eres t\u00fa","publisher":{"@id":"https:\/\/www.pcfcu.org\/#organization"},"potentialAction":[{"@type":"SearchAction","target":{"@type":"EntryPoint","urlTemplate":"https:\/\/www.pcfcu.org\/?s={search_term_string}"},"query-input":{"@type":"PropertyValueSpecification","valueRequired":true,"valueName":"search_term_string"}}],"inLanguage":"es-ES"},{"@type":"Organization","@id":"https:\/\/www.pcfcu.org\/#organization","name":"Pen\u00ednsula CU","url":"https:\/\/www.pcfcu.org\/","logo":{"@type":"ImageObject","inLanguage":"es-ES","@id":"https:\/\/www.pcfcu.org\/#\/schema\/logo\/image\/","url":"https:\/\/www.pcfcu.org\/files\/Screenshot-2025-09-19-at-3.54.32-PM.jpg","contentUrl":"https:\/\/www.pcfcu.org\/files\/Screenshot-2025-09-19-at-3.54.32-PM.jpg","width":386,"height":286,"caption":"Peninsula CU"},"image":{"@id":"https:\/\/www.pcfcu.org\/#\/schema\/logo\/image\/"},"sameAs":["https:\/\/www.facebook.com\/PeninsulaCreditUnion","https:\/\/x.com\/pcfcuwa"]}]}},"_links":{"self":[{"href":"https:\/\/www.pcfcu.org\/es\/wp-json\/wp\/v2\/pages\/2512","targetHints":{"allow":["GET"]}}],"collection":[{"href":"https:\/\/www.pcfcu.org\/es\/wp-json\/wp\/v2\/pages"}],"about":[{"href":"https:\/\/www.pcfcu.org\/es\/wp-json\/wp\/v2\/types\/page"}],"author":[{"embeddable":true,"href":"https:\/\/www.pcfcu.org\/es\/wp-json\/wp\/v2\/users\/10"}],"replies":[{"embeddable":true,"href":"https:\/\/www.pcfcu.org\/es\/wp-json\/wp\/v2\/comments?post=2512"}],"version-history":[{"count":7,"href":"https:\/\/www.pcfcu.org\/es\/wp-json\/wp\/v2\/pages\/2512\/revisions"}],"predecessor-version":[{"id":3229,"href":"https:\/\/www.pcfcu.org\/es\/wp-json\/wp\/v2\/pages\/2512\/revisions\/3229"}],"wp:attachment":[{"href":"https:\/\/www.pcfcu.org\/es\/wp-json\/wp\/v2\/media?parent=2512"}],"curies":[{"name":"wp","href":"https:\/\/api.w.org\/{rel}","templated":true}]}}