{"id":2530,"date":"2025-03-11T17:43:05","date_gmt":"2025-03-12T00:43:05","guid":{"rendered":"https:\/\/www.pcfcu.org\/branches-and-atms\/belfair-branch\/"},"modified":"2026-04-21T09:11:19","modified_gmt":"2026-04-21T16:11:19","slug":"sucursal-de-belfair","status":"publish","type":"page","link":"https:\/\/www.pcfcu.org\/es\/sucursales-y-cajeros-automaticos\/sucursal-de-belfair\/","title":{"rendered":"Sucursal de Belfair"},"content":{"rendered":"<div class=\"co-flex_row co-flex_row__white co-flex_row__branch-locations-hero\" ><div class=\"co-flex_row--row co-row\"><div class=\"co-breadcrumbs\"><ol><li class=\"co-breadcrumbs--item\"><a href=\"https:\/\/www.pcfcu.org\/es\/sucursales-y-cajeros-automaticos\/\">Oficinas y cajeros autom\u00e1ticos<\/a><svg class=\"icon-svg\" aria-hidden=\"true\" viewbox=\"0 0 16 16\">\n\t\t\t\t<polyline fill=\"none\" stroke=\"currentColor\" stroke-width=\"1\" stroke-linecap=\"round\" stroke-linejoin=\"round\" stroke-miterlimit=\"10\" points=\"6.5,3.5 11,8 6.5,12.5\"><\/polyline>\n\t\t\t<\/svg><\/li><li class=\"co-breadcrumbs--item current\">Sucursal de Belfair<\/li><\/ol><\/div>\t<header class=\"co-location_hero  co-location_hero__has_image\" aria-label=\"Encabezado: SUCURSAL DE BELFAIR\">\n\t\t<div class=\"co-location_hero--inner\">\n\t\t\t<div class=\"prow gap:5\">\n\t\t\t\t\t\t\t\t\t<div class=\"co-location_hero--img_wrap pcol-lg:5\">\n\t\t\t\t\t\t<img loading=\"lazy\" decoding=\"async\" width=\"556\" height=\"360\" src=\"https:\/\/www.pcfcu.org\/files\/PCFCU-9465.jpg\" class=\"co-location_hero--img\" alt=\"Sucursal de Belfair\" srcset=\"https:\/\/www.pcfcu.org\/files\/PCFCU-9465.jpg 556w, https:\/\/www.pcfcu.org\/files\/PCFCU-9465-540x350.jpg 540w, https:\/\/www.pcfcu.org\/files\/PCFCU-9465-396x256.jpg 396w, https:\/\/www.pcfcu.org\/files\/PCFCU-9465-75x49.jpg 75w\" sizes=\"auto, (max-width: 556px) 100vw, 556px\" \/>\t\t\t\t\t<\/div>\n\t\t\t\t\t\t\t\t<div class=\"co-location_hero--text pcol-lg:7\">\n\t\t\t\t\t\t\t\t\t\t<div class=\"co-location_hero--text_inner\">\n\t\t\t\t\t\t<h1 class=\"co-location_hero--title\">\n\t\t\t\t\t\t\tSUCURSAL DE BELFAIR\t\t\t\t\t\t<\/h1>\n\t\t\t\t\t\t<p class=\"co-location_hero--tagline\">Ubicada en la belleza del Canal Hood, nuestra sucursal de Belfair, con servicio completo, cuenta con un equipo amable. Siempre le espera una sonrisa en la sucursal de Belfair.<\/p>\t\t\t\t\t<\/div>\n\t\t\t\t<\/div>\n\t\t\t<\/div>\n\t\t<\/div>\n\t<\/header>\n<\/div><\/div>\n\n<div class=\"co-flex_row co-flex_row__white co-flex_row__location-details\" ><div class=\"co-flex_row--row co-row\">\t<div class=\"co-location_details\">\n\t\t\t\t\t<div class=\"co-location_details--hours\">\n\t\t\t\t<h2 class=\"co-location_details--box_headline\">Horario de la sucursal<\/h2>\n\t\t\t\t<div class=\"co-location_details--box_desc text-component\"><p>Vest\u00edbulo:<\/p>\n<ul>\n<li>Lunes: 9 a. m. a 5 p. m.<\/li>\n<li>Martes: 9 a. m. a 5 p. m.<\/li>\n<li>Mi\u00e9rcoles: 9 a. m. a 5 p. m.<\/li>\n<li>Jueves: 9 a. m. a 5 p. m.<\/li>\n<li>Viernes: de 9.00 a 17.30<\/li>\n<\/ul>\n<p>Conducir:<\/p>\n<ul>\n<li>Lunes: 9:00 a 17:30<\/li>\n<li>Martes: 9:00 a 17:30<\/li>\n<li>Mi\u00e9rcoles: 9:00 a 17:30<\/li>\n<li>Jueves: 9:00 a 17:30<\/li>\n<li>Viernes: 9:00 a 18:00 horas<\/li>\n<\/ul>\n<\/div>\t\t\t<\/div>\n\t\t\t\t\t\t\t<div class=\"prow\">\n\t\t\t\t<div class=\"co-location_details--hr pcol:12\"><\/div>\n\t\t\t\t<div class=\"co-location_details--content pcol-md:6 pcol-lg:5\">\n\t\t\t\t<h2 class=\"co-location_details--box_headline\">Direcci\u00f3n<\/h2><div class=\"co-location_details--box_desc text-component\">Belfair, 23550 State Route 3, Belfair, WA 98528, EE. UU.<\/div><h2 class=\"co-location_details--box_headline\">Tel\u00e9fono<\/h2><div class=\"co-location_details--box_desc text-component\">360-426-1601<\/div><h2 class=\"co-location_details--box_headline\">Fax<\/h2><div class=\"co-location_details--box_desc text-component\">360.275.0996<\/div><h2 class=\"co-location_details--box_headline\">Servicios disponibles<\/h2><div class=\"co-location_details--box_desc text-component\">Cajero autom\u00e1tico con servicio para autos<br \/>\r\nCajeros autom\u00e1ticos<br \/>\r\nRamificaci\u00f3n compartida<br \/>\r\nCajas de seguridad<br \/>\r\nServicios notariales<br \/>\r\nContador monedas<\/div>\t\t\t\t<\/div>\n\t\t\t\t\t\t\t\t\t<div class=\"co-location_details--map pcol-md:6 pcol-lg:7\">\n\t\t\t\t\t\t<div class=\"js-branch-map\" >\n\t\t\t\t\t\t\t<div class=\"marker\" data-lat=\"47.4487532\" data-lng=\"-122.8283588\"><\/div>\n\t\t\t\t\t\t<\/div>\n\t\t\t\t\t<\/div>\n\t\t\t\t\t\t\t<\/div>\n\t\t\t<\/div>\n<\/div><\/div>\n\n<div class=\"co-flex_row co-flex_row__white co-flex_row__testimonial\" ><div class=\"co-flex_row--row co-row\">\t<div class=\"co-testis co-testis__no_image co-testis__brown has_intro\">\n\t\t\t\t<header class=\"co-intro_text\">\n\t\t\t<h2 class=\"co-intro_text--title\">De nuevo de pie<\/h2>\t\t<\/header>\n\t\t\t\t<div class=\"co-testi gap-y-lg:0 co-testi__no_image\">\n\t\t\t\t\t\t\t<img\n\t\t\t\t\tclass=\"co-testi--wood_image\"\n\t\t\t\t\tsrc=\"https:\/\/www.pcfcu.org\/wp-content\/themes\/peninsula-theme\/images\/wood-background.png\"\n\t\t\t\t\talt=\"madera\"\n\t\t\t\t\twidth=\"481\"\n\t\t\t\t\theight=\"475\"\n\t\t\t\t\tloading=\"lazy\"\n\t\t\t\t>\n\t\t\t\t\t\t\t\t\t<blockquote class=\"co-testi--quote co-testi--quote__center\">\n\t\t\t\t<div class=\"co-testi--quote_text text-component\">\n\t\t\t\t\t<p>Estaba en un momento de mi vida en el que necesitaba ayuda financiera, pero necesitaba a alguien que se preocupara por m\u00ed. El equipo de la sucursal de Belfair realmente se preocupa; me ayudaron a recuperarme. Siempre amar\u00e9 mi sucursal.<\/p>\n\t\t\t\t<\/div>\n\t\t\t\t<cite class=\"co-testi--attr\">\n\t\t\t\t\tDoug, sucursal de Belfair\t\t\t\t<\/cite>\n\t\t\t<\/blockquote>\n\t\t<\/div>\n\t<\/div>\n<\/div><\/div>\n\n<div class=\"co-flex_row co-flex_row__white co-flex_row__next_row_diff co-flex_row__branch-stats\" ><div class=\"co-flex_row--row co-row\">\t<div class=\"co-branch_stats\">\n\t\t\t\t\t<div class=\"co-branch_stats--row prow prow-md:2 prow-lg:3\">\n\t\t\t\t\t\t\t\t\t<div class=\"co-branch_stat--box\">\n\t\t\t\t\t\t<div class=\"co-branch_stat--label\">Actividad favorita<\/div><div class=\"co-branch_stat--value\">Caminando en el Centro Theler<\/div>\t\t\t\t\t<\/div>\n\t\t\t\t\t\t\t\t\t<div class=\"co-branch_stat--box\">\n\t\t\t\t\t\t<div class=\"co-branch_stat--label\">N\u00famero de caras sonrientes<\/div><div class=\"co-branch_stat--value\">7<\/div>\t\t\t\t\t<\/div>\n\t\t\t\t\t\t\t\t\t<div class=\"co-branch_stat--box\">\n\t\t\t\t\t\t<div class=\"co-branch_stat--label\">mascota del condado<\/div><div class=\"co-branch_stat--value\">Una ostra<\/div>\t\t\t\t\t<\/div>\n\t\t\t\t\t\t\t\t\t<div class=\"co-branch_stat--box\">\n\t\t\t\t\t\t<div class=\"co-branch_stat--label\">Evento comunitario local favorito<\/div><div class=\"co-branch_stat--value\">Festival de verano de Hood Canal<\/div>\t\t\t\t\t<\/div>\n\t\t\t\t\t\t\t\t\t<div class=\"co-branch_stat--box\">\n\t\t\t\t\t\t<div class=\"co-branch_stat--label\">Miembros capacitados para el bienestar financiero<\/div><div class=\"co-branch_stat--value\">100%<\/div>\t\t\t\t\t<\/div>\n\t\t\t\t\t\t\t\t\t<div class=\"co-branch_stat--box\">\n\t\t\t\t\t\t<div class=\"co-branch_stat--label\">Carriles expr\u00e9s para veh\u00edculos<\/div><div class=\"co-branch_stat--value\">2<\/div>\t\t\t\t\t<\/div>\n\t\t\t\t\t\t\t<\/div> \t<\/div> <\/div><\/div>\n\n<div class=\"co-flex_row co-flex_row__dark co-flex_row__next_row_diff co-flex_row__long-form-text\" ><div class=\"co-flex_row--row co-row\">\t<div class=\"co-long_form\">\n\t\t\t\t<header class=\"co-intro_text\">\n\t\t\t<h2 class=\"co-intro_text--title\">Cierre de sucursales<\/h2>\t\t<\/header>\n\t\t\t\t\t<div class=\"co-long_form--block co-long_form--block__nomedia prow items-center  flex-center\">\n\t\t\t\t<div class=\"co-long_form--text pcol-md:8\">\n\t\t\t\t\t<div class=\"co-long_form--content text-component\"><p style=\"text-align: left;\">A\u00f1o Nuevo<br \/>\nD\u00eda de Martin Luther King, Jr. Day<br \/>\nD\u00eda de los Presidentes<br \/>\nD\u00eda de los Ca\u00eddos<br \/>\nJuneteenth<br \/>\nD\u00eda de la Independencia<br \/>\nD\u00eda del Trabajo<br \/>\nD\u00eda de los Pueblos Ind\u00edgenas<br \/>\nD\u00eda de los Veteranos<br \/>\nD\u00eda de Acci\u00f3n de Gracias<br \/>\nD\u00eda de Navidad<\/p>\n<\/div>\t\t\t\t<\/div>\n\t\t\t\t\t\t\t<\/div>\n\t\t\t\t<\/div>\n<\/div><\/div>\n\n<div class=\"co-flex_row co-flex_row__white co-flex_row__testimonial\" ><div class=\"co-flex_row--row co-row\">\t<div class=\"co-testis co-testis__no_image co-testis__green\">\n\t\t\t\t<div class=\"co-testi gap-y-lg:0 co-testi__no_image\">\n\t\t\t\t\t\t\t\t\t<blockquote class=\"co-testi--quote co-testi--quote__center\">\n\t\t\t\t<div class=\"co-testi--quote_text text-component\">\n\t\t\t\t\t<p>No puedo creer lo r\u00e1pido que aprobaron mi solicitud de pr\u00e9stamo. Me escucharon, solicitaron y aprobaron mi pr\u00e9stamo tan r\u00e1pido que ni siquiera termin\u00e9 mi caf\u00e9 gratis. \u00a1Bien hecho, PCU!<\/p>\n\t\t\t\t<\/div>\n\t\t\t\t<cite class=\"co-testi--attr\">\n\t\t\t\t\tKeith, sucursal de Belfair\t\t\t\t<\/cite>\n\t\t\t<\/blockquote>\n\t\t<\/div>\n\t<\/div>\n<\/div><\/div>\n\n<div class=\"co-flex_row co-flex_row__white co-flex_row__disclosures\" ><div class=\"co-flex_row--row co-row\">\t<div class=\"co-disclosures\">\n\t\t<h2 class=\"co-disclosures--title\">Divulgaciones<\/h2>\n\t\t<dl class=\"co-disclosures--list\">\n\t\t\t\t\t\t\t<div class=\"co-disclosure\">\n\t\t\t\t\t<dd class=\"co-disclosure--desc\">\n\t\t\t\t\t\t\t\t\t\t\t\t<div class=\"text-component\"><p>Para los d\u00edas festivos que caen en s\u00e1bado, los bancos y sucursales de la Reserva Federal abrir\u00e1n el viernes anterior. Los d\u00edas festivos que caigan en domingo se celebrar\u00e1n en Pen\u00ednsula el lunes siguiente.<\/p>\n<\/div>\t\t\t\t\t<\/dd>\n\t\t\t\t<\/div>\n\t\t\t\t\t<\/dl>\n\t<\/div>\n<\/div><\/div>\n\n<div class=\"co-flex_row co-flex_row__last co-flex_row__back-to-top\" ><div class=\"co-flex_row--row co-row\"><div class=\"co-back_top\">\t\n  <a class=\"co-back_top--link\" href=\"#\" aria-label=\"\">\n\tVolver arriba\t<svg class=\"co-back_top--link_icon\" viewbox=\"0 0 52 52\" role=\"img\" aria-label=\"Volver arriba\">\n\t\t<use xlink:href=\"https:\/\/www.pcfcu.org\/wp-content\/themes\/peninsula-theme\/images\/sprite-icons.svg#back-top\" \/>\n\t<\/svg>\n  <\/a>\n<\/div>\n<\/div><\/div>","protected":false},"excerpt":{"rendered":"","protected":false},"author":10,"featured_media":0,"parent":2528,"menu_order":0,"comment_status":"closed","ping_status":"closed","template":"","meta":{"_acf_changed":false,"footnotes":""},"class_list":["post-2530","page","type-page","status-publish","hentry"],"acf":[],"yoast_head":"<!-- This site is optimized with the Yoast SEO plugin v27.2 - https:\/\/yoast.com\/product\/yoast-seo-wordpress\/ -->\n<title>Belfair Branch - Peninsula CU<\/title>\n<meta name=\"robots\" content=\"index, follow, max-snippet:-1, max-image-preview:large, max-video-preview:-1\" \/>\n<link rel=\"canonical\" href=\"https:\/\/www.pcfcu.org\/es\/sucursales-y-cajeros-automaticos\/sucursal-de-belfair\/\" \/>\n<meta property=\"og:locale\" content=\"es_ES\" \/>\n<meta property=\"og:type\" content=\"article\" \/>\n<meta property=\"og:title\" content=\"Belfair Branch - Peninsula CU\" \/>\n<meta property=\"og:url\" content=\"https:\/\/www.pcfcu.org\/es\/sucursales-y-cajeros-automaticos\/sucursal-de-belfair\/\" \/>\n<meta property=\"og:site_name\" content=\"Peninsula CU\" \/>\n<meta property=\"article:publisher\" content=\"https:\/\/www.facebook.com\/PeninsulaCreditUnion\" \/>\n<meta property=\"article:modified_time\" content=\"2026-04-21T16:11:19+00:00\" \/>\n<meta name=\"twitter:card\" content=\"summary_large_image\" \/>\n<meta name=\"twitter:site\" content=\"@pcfcuwa\" \/>\n<script type=\"application\/ld+json\" class=\"yoast-schema-graph\">{\"@context\":\"https:\/\/schema.org\",\"@graph\":[{\"@type\":\"WebPage\",\"@id\":\"https:\/\/www.pcfcu.org\/branches-and-atms\/belfair-branch\/\",\"url\":\"https:\/\/www.pcfcu.org\/branches-and-atms\/belfair-branch\/\",\"name\":\"Belfair Branch - Peninsula CU\",\"isPartOf\":{\"@id\":\"https:\/\/www.pcfcu.org\/#website\"},\"datePublished\":\"2025-03-12T00:43:05+00:00\",\"dateModified\":\"2026-04-21T16:11:19+00:00\",\"breadcrumb\":{\"@id\":\"https:\/\/www.pcfcu.org\/branches-and-atms\/belfair-branch\/#breadcrumb\"},\"inLanguage\":\"es-ES\",\"potentialAction\":[{\"@type\":\"ReadAction\",\"target\":[\"https:\/\/www.pcfcu.org\/branches-and-atms\/belfair-branch\/\"]}]},{\"@type\":\"BreadcrumbList\",\"@id\":\"https:\/\/www.pcfcu.org\/branches-and-atms\/belfair-branch\/#breadcrumb\",\"itemListElement\":[{\"@type\":\"ListItem\",\"position\":1,\"name\":\"Home\",\"item\":\"https:\/\/www.pcfcu.org\/\"},{\"@type\":\"ListItem\",\"position\":2,\"name\":\"Branches and ATMs\",\"item\":\"https:\/\/www.pcfcu.org\/branches-and-atms\/\"},{\"@type\":\"ListItem\",\"position\":3,\"name\":\"Belfair Branch\"}]},{\"@type\":\"WebSite\",\"@id\":\"https:\/\/www.pcfcu.org\/#website\",\"url\":\"https:\/\/www.pcfcu.org\/\",\"name\":\"Peninsula CU\",\"description\":\"Our Priority is You\",\"publisher\":{\"@id\":\"https:\/\/www.pcfcu.org\/#organization\"},\"potentialAction\":[{\"@type\":\"SearchAction\",\"target\":{\"@type\":\"EntryPoint\",\"urlTemplate\":\"https:\/\/www.pcfcu.org\/?s={search_term_string}\"},\"query-input\":{\"@type\":\"PropertyValueSpecification\",\"valueRequired\":true,\"valueName\":\"search_term_string\"}}],\"inLanguage\":\"es-ES\"},{\"@type\":\"Organization\",\"@id\":\"https:\/\/www.pcfcu.org\/#organization\",\"name\":\"Peninsula CU\",\"url\":\"https:\/\/www.pcfcu.org\/\",\"logo\":{\"@type\":\"ImageObject\",\"inLanguage\":\"es-ES\",\"@id\":\"https:\/\/www.pcfcu.org\/#\/schema\/logo\/image\/\",\"url\":\"https:\/\/www.pcfcu.org\/files\/Screenshot-2025-09-19-at-3.54.32-PM.jpg\",\"contentUrl\":\"https:\/\/www.pcfcu.org\/files\/Screenshot-2025-09-19-at-3.54.32-PM.jpg\",\"width\":386,\"height\":286,\"caption\":\"Peninsula CU\"},\"image\":{\"@id\":\"https:\/\/www.pcfcu.org\/#\/schema\/logo\/image\/\"},\"sameAs\":[\"https:\/\/www.facebook.com\/PeninsulaCreditUnion\",\"https:\/\/x.com\/pcfcuwa\"]}]}<\/script>\n<!-- \/ Yoast SEO plugin. -->","yoast_head_json":{"title":"Sucursal de Belfair - Pen\u00ednsula CU","robots":{"index":"index","follow":"follow","max-snippet":"max-snippet:-1","max-image-preview":"max-image-preview:large","max-video-preview":"max-video-preview:-1"},"canonical":"https:\/\/www.pcfcu.org\/es\/sucursales-y-cajeros-automaticos\/sucursal-de-belfair\/","og_locale":"es_ES","og_type":"article","og_title":"Belfair Branch - Peninsula CU","og_url":"https:\/\/www.pcfcu.org\/es\/sucursales-y-cajeros-automaticos\/sucursal-de-belfair\/","og_site_name":"Peninsula CU","article_publisher":"https:\/\/www.facebook.com\/PeninsulaCreditUnion","article_modified_time":"2026-04-21T16:11:19+00:00","twitter_card":"summary_large_image","twitter_site":"@pcfcuwa","schema":{"@context":"https:\/\/schema.org","@graph":[{"@type":"WebPage","@id":"https:\/\/www.pcfcu.org\/branches-and-atms\/belfair-branch\/","url":"https:\/\/www.pcfcu.org\/branches-and-atms\/belfair-branch\/","name":"Sucursal de Belfair - Pen\u00ednsula CU","isPartOf":{"@id":"https:\/\/www.pcfcu.org\/#website"},"datePublished":"2025-03-12T00:43:05+00:00","dateModified":"2026-04-21T16:11:19+00:00","breadcrumb":{"@id":"https:\/\/www.pcfcu.org\/branches-and-atms\/belfair-branch\/#breadcrumb"},"inLanguage":"es-ES","potentialAction":[{"@type":"ReadAction","target":["https:\/\/www.pcfcu.org\/branches-and-atms\/belfair-branch\/"]}]},{"@type":"BreadcrumbList","@id":"https:\/\/www.pcfcu.org\/branches-and-atms\/belfair-branch\/#breadcrumb","itemListElement":[{"@type":"ListItem","position":1,"name":"Home","item":"https:\/\/www.pcfcu.org\/"},{"@type":"ListItem","position":2,"name":"Branches and ATMs","item":"https:\/\/www.pcfcu.org\/branches-and-atms\/"},{"@type":"ListItem","position":3,"name":"Belfair Branch"}]},{"@type":"WebSite","@id":"https:\/\/www.pcfcu.org\/#website","url":"https:\/\/www.pcfcu.org\/","name":"Pen\u00ednsula CU","description":"Nuestra prioridad eres t\u00fa","publisher":{"@id":"https:\/\/www.pcfcu.org\/#organization"},"potentialAction":[{"@type":"SearchAction","target":{"@type":"EntryPoint","urlTemplate":"https:\/\/www.pcfcu.org\/?s={search_term_string}"},"query-input":{"@type":"PropertyValueSpecification","valueRequired":true,"valueName":"search_term_string"}}],"inLanguage":"es-ES"},{"@type":"Organization","@id":"https:\/\/www.pcfcu.org\/#organization","name":"Pen\u00ednsula CU","url":"https:\/\/www.pcfcu.org\/","logo":{"@type":"ImageObject","inLanguage":"es-ES","@id":"https:\/\/www.pcfcu.org\/#\/schema\/logo\/image\/","url":"https:\/\/www.pcfcu.org\/files\/Screenshot-2025-09-19-at-3.54.32-PM.jpg","contentUrl":"https:\/\/www.pcfcu.org\/files\/Screenshot-2025-09-19-at-3.54.32-PM.jpg","width":386,"height":286,"caption":"Peninsula CU"},"image":{"@id":"https:\/\/www.pcfcu.org\/#\/schema\/logo\/image\/"},"sameAs":["https:\/\/www.facebook.com\/PeninsulaCreditUnion","https:\/\/x.com\/pcfcuwa"]}]}},"_links":{"self":[{"href":"https:\/\/www.pcfcu.org\/es\/wp-json\/wp\/v2\/pages\/2530","targetHints":{"allow":["GET"]}}],"collection":[{"href":"https:\/\/www.pcfcu.org\/es\/wp-json\/wp\/v2\/pages"}],"about":[{"href":"https:\/\/www.pcfcu.org\/es\/wp-json\/wp\/v2\/types\/page"}],"author":[{"embeddable":true,"href":"https:\/\/www.pcfcu.org\/es\/wp-json\/wp\/v2\/users\/10"}],"replies":[{"embeddable":true,"href":"https:\/\/www.pcfcu.org\/es\/wp-json\/wp\/v2\/comments?post=2530"}],"version-history":[{"count":7,"href":"https:\/\/www.pcfcu.org\/es\/wp-json\/wp\/v2\/pages\/2530\/revisions"}],"predecessor-version":[{"id":5145,"href":"https:\/\/www.pcfcu.org\/es\/wp-json\/wp\/v2\/pages\/2530\/revisions\/5145"}],"up":[{"embeddable":true,"href":"https:\/\/www.pcfcu.org\/es\/wp-json\/wp\/v2\/pages\/2528"}],"wp:attachment":[{"href":"https:\/\/www.pcfcu.org\/es\/wp-json\/wp\/v2\/media?parent=2530"}],"curies":[{"name":"wp","href":"https:\/\/api.w.org\/{rel}","templated":true}]}}