{"id":2532,"date":"2025-03-11T17:43:05","date_gmt":"2025-03-12T00:43:05","guid":{"rendered":"https:\/\/www.pcfcu.org\/branches-and-atms\/poulsbo-branch\/"},"modified":"2026-04-21T09:12:39","modified_gmt":"2026-04-21T16:12:39","slug":"sucursal-de-poulsbo","status":"publish","type":"page","link":"https:\/\/www.pcfcu.org\/es\/sucursales-y-cajeros-automaticos\/sucursal-de-poulsbo\/","title":{"rendered":"Sucursal de Poulsbo"},"content":{"rendered":"<div class=\"co-flex_row co-flex_row__white co-flex_row__branch-locations-hero\" ><div class=\"co-flex_row--row co-row\"><div class=\"co-breadcrumbs\"><ol><li class=\"co-breadcrumbs--item\"><a href=\"https:\/\/www.pcfcu.org\/es\/sucursales-y-cajeros-automaticos\/\">Oficinas y cajeros autom\u00e1ticos<\/a><svg class=\"icon-svg\" aria-hidden=\"true\" viewbox=\"0 0 16 16\">\n\t\t\t\t<polyline fill=\"none\" stroke=\"currentColor\" stroke-width=\"1\" stroke-linecap=\"round\" stroke-linejoin=\"round\" stroke-miterlimit=\"10\" points=\"6.5,3.5 11,8 6.5,12.5\"><\/polyline>\n\t\t\t<\/svg><\/li><li class=\"co-breadcrumbs--item current\">Sucursal de Poulsbo<\/li><\/ol><\/div>\t<header class=\"co-location_hero  co-location_hero__has_image\" aria-label=\"Encabezado: SUCURSAL DE POULSBO\">\n\t\t<div class=\"co-location_hero--inner\">\n\t\t\t<div class=\"prow gap:5\">\n\t\t\t\t\t\t\t\t\t<div class=\"co-location_hero--img_wrap pcol-lg:5\">\n\t\t\t\t\t\t<img loading=\"lazy\" decoding=\"async\" width=\"556\" height=\"360\" src=\"https:\/\/www.pcfcu.org\/files\/PCFCU-0262.jpg\" class=\"co-location_hero--img\" alt=\"Sucursal de Poulsbo\" srcset=\"https:\/\/www.pcfcu.org\/files\/PCFCU-0262.jpg 556w, https:\/\/www.pcfcu.org\/files\/PCFCU-0262-540x350.jpg 540w, https:\/\/www.pcfcu.org\/files\/PCFCU-0262-396x256.jpg 396w, https:\/\/www.pcfcu.org\/files\/PCFCU-0262-75x49.jpg 75w\" sizes=\"auto, (max-width: 556px) 100vw, 556px\" \/>\t\t\t\t\t<\/div>\n\t\t\t\t\t\t\t\t<div class=\"co-location_hero--text pcol-lg:7\">\n\t\t\t\t\t\t\t\t\t\t<div class=\"co-location_hero--text_inner\">\n\t\t\t\t\t\t<h1 class=\"co-location_hero--title\">\n\t\t\t\t\t\t\tSUCURSAL DE POULSBO\t\t\t\t\t\t<\/h1>\n\t\t\t\t\t\t<p class=\"co-location_hero--tagline\">En nuestra sucursal de Poulsbo, encontrar\u00e1 un equipo de asesores financieros certificados y capacitados para ayudarle con sus necesidades financieras. El equipo de Poulsbo valora a sus miembros y a la comunidad a la que sirve.<\/p>\t\t\t\t\t<\/div>\n\t\t\t\t<\/div>\n\t\t\t<\/div>\n\t\t<\/div>\n\t<\/header>\n<\/div><\/div>\n\n<div class=\"co-flex_row co-flex_row__white co-flex_row__location-details\" ><div class=\"co-flex_row--row co-row\">\t<div class=\"co-location_details\">\n\t\t\t\t\t<div class=\"co-location_details--hours\">\n\t\t\t\t<h2 class=\"co-location_details--box_headline\">Horario de la sucursal<\/h2>\n\t\t\t\t<div class=\"co-location_details--box_desc text-component\"><p>Vest\u00edbulo:<\/p>\n<p>Lunes: 10 a. m. a 5 p. m.<br \/>\nMartes: 10 a. m. a 5 p. m.<br \/>\nMi\u00e9rcoles: 10 a. m. a 5 p. m.<br \/>\nJueves: 10 a. m. a 5 p. m.<br \/>\nViernes: 10 a. m. a 5 p. m.<\/p>\n<\/div>\t\t\t<\/div>\n\t\t\t\t\t\t\t<div class=\"prow\">\n\t\t\t\t<div class=\"co-location_details--hr pcol:12\"><\/div>\n\t\t\t\t<div class=\"co-location_details--content pcol-md:6 pcol-lg:5\">\n\t\t\t\t<h2 class=\"co-location_details--box_headline\">Direcci\u00f3n<\/h2><div class=\"co-location_details--box_desc text-component\">21505 Market Pl NW suite 109, Poulsbo, WA 98370, EE. UU.<\/div><h2 class=\"co-location_details--box_headline\">Tel\u00e9fono<\/h2><div class=\"co-location_details--box_desc text-component\">360-426-1601<\/div><h2 class=\"co-location_details--box_headline\">Fax<\/h2><div class=\"co-location_details--box_desc text-component\">360.697.3341<\/div><h2 class=\"co-location_details--box_headline\">Servicios disponibles<\/h2><div class=\"co-location_details--box_desc text-component\">Cajeros autom\u00e1ticos 24 horas<br \/>\r\nServicios notariales<br \/>\r\nContador monedas<br \/>\r\nBifurcaci\u00f3n compartida<\/div>\t\t\t\t<\/div>\n\t\t\t\t\t\t\t\t\t<div class=\"co-location_details--map pcol-md:6 pcol-lg:7\">\n\t\t\t\t\t\t<div class=\"js-branch-map\" >\n\t\t\t\t\t\t\t<div class=\"marker\" data-lat=\"47.758009\" data-lng=\"-122.6598558\"><\/div>\n\t\t\t\t\t\t<\/div>\n\t\t\t\t\t<\/div>\n\t\t\t\t\t\t\t<\/div>\n\t\t\t<\/div>\n<\/div><\/div>\n\n<div class=\"co-flex_row co-flex_row__white co-flex_row__testimonial\" ><div class=\"co-flex_row--row co-row\">\t<div class=\"co-testis co-testis__no_image co-testis__brown has_intro\">\n\t\t\t\t<header class=\"co-intro_text\">\n\t\t\t<h2 class=\"co-intro_text--title\">Se tomaron el tiempo para responder mis preguntas.<\/h2>\t\t<\/header>\n\t\t\t\t<div class=\"co-testi gap-y-lg:0 co-testi__no_image\">\n\t\t\t\t\t\t\t<img\n\t\t\t\t\tclass=\"co-testi--wood_image\"\n\t\t\t\t\tsrc=\"https:\/\/www.pcfcu.org\/wp-content\/themes\/peninsula-theme\/images\/wood-background.png\"\n\t\t\t\t\talt=\"madera\"\n\t\t\t\t\twidth=\"481\"\n\t\t\t\t\theight=\"475\"\n\t\t\t\t\tloading=\"lazy\"\n\t\t\t\t>\n\t\t\t\t\t\t\t\t\t<blockquote class=\"co-testi--quote co-testi--quote__center\">\n\t\t\t\t<div class=\"co-testi--quote_text text-component\">\n\t\t\t\t\t<p>Conoc\u00ed al gerente de la sucursal cuando impart\u00eda una clase de finanzas. Despu\u00e9s de la clase, tuve algunas preguntas adicionales. Se tom\u00f3 el tiempo de responder algunas preguntas sobre cr\u00e9dito. Despu\u00e9s, fui y me ayudaron a abrir una cuenta nueva y a empezar a restablecer mi cr\u00e9dito.<\/p>\n\t\t\t\t<\/div>\n\t\t\t\t<cite class=\"co-testi--attr\">\n\t\t\t\t\tCandice, sucursal de Poulsbo\t\t\t\t<\/cite>\n\t\t\t<\/blockquote>\n\t\t<\/div>\n\t<\/div>\n<\/div><\/div>\n\n<div class=\"co-flex_row co-flex_row__white co-flex_row__next_row_diff co-flex_row__branch-stats\" ><div class=\"co-flex_row--row co-row\">\t<div class=\"co-branch_stats\">\n\t\t\t\t\t<div class=\"co-branch_stats--row prow prow-md:2 prow-lg:3\">\n\t\t\t\t\t\t\t\t\t<div class=\"co-branch_stat--box\">\n\t\t\t\t\t\t<div class=\"co-branch_stat--label\">N\u00famero de caras sonrientes<\/div><div class=\"co-branch_stat--value\">4<\/div>\t\t\t\t\t<\/div>\n\t\t\t\t\t\t\t\t\t<div class=\"co-branch_stat--box\">\n\t\t\t\t\t\t<div class=\"co-branch_stat--label\">Caf\u00e9s de Starbucks consumidos el a\u00f1o pasado<\/div><div class=\"co-branch_stat--value\">267<\/div>\t\t\t\t\t<\/div>\n\t\t\t\t\t\t\t\t\t<div class=\"co-branch_stat--box\">\n\t\t\t\t\t\t<div class=\"co-branch_stat--label\">Cada semana, los socios reciben formaci\u00f3n sobre bienestar financiero<\/div><div class=\"co-branch_stat--value\">25<\/div>\t\t\t\t\t<\/div>\n\t\t\t\t\t\t\t\t\t<div class=\"co-branch_stat--box\">\n\t\t\t\t\t\t<div class=\"co-branch_stat--label\">Nuestra estatua vikinga<\/div><div class=\"co-branch_stat--value\">12 pies de altura<\/div>\t\t\t\t\t<\/div>\n\t\t\t\t\t\t\t\t\t<div class=\"co-branch_stat--box\">\n\t\t\t\t\t\t<div class=\"co-branch_stat--label\">El encanto de la ciudad natal<\/div><div class=\"co-branch_stat--value\">100%<\/div>\t\t\t\t\t<\/div>\n\t\t\t\t\t\t\t\t\t<div class=\"co-branch_stat--box\">\n\t\t\t\t\t\t<div class=\"co-branch_stat--label\">Evento local favorito<\/div><div class=\"co-branch_stat--value\">Festival vikingo<\/div>\t\t\t\t\t<\/div>\n\t\t\t\t\t\t\t<\/div> \t<\/div> <\/div><\/div>\n\n<div class=\"co-flex_row co-flex_row__dark co-flex_row__next_row_diff co-flex_row__long-form-text\" ><div class=\"co-flex_row--row co-row\">\t<div class=\"co-long_form\">\n\t\t\t\t<header class=\"co-intro_text\">\n\t\t\t<h2 class=\"co-intro_text--title\">Cierre de sucursales<\/h2>\t\t<\/header>\n\t\t\t\t\t<div class=\"co-long_form--block co-long_form--block__nomedia prow items-center  flex-center\">\n\t\t\t\t<div class=\"co-long_form--text pcol-md:8\">\n\t\t\t\t\t<div class=\"co-long_form--content text-component\"><p style=\"text-align: left;\">A\u00f1o Nuevo<br \/>\nD\u00eda de Martin Luther King, Jr. Day<br \/>\nD\u00eda de los Presidentes<br \/>\nD\u00eda de los Ca\u00eddos<br \/>\nJuneteenth<br \/>\nD\u00eda de la Independencia<br \/>\nD\u00eda del Trabajo<br \/>\nD\u00eda de los Pueblos Ind\u00edgenas<br \/>\nD\u00eda de los Veteranos<br \/>\nD\u00eda de Acci\u00f3n de Gracias<br \/>\nD\u00eda de Navidad<\/p>\n<\/div>\t\t\t\t<\/div>\n\t\t\t\t\t\t\t<\/div>\n\t\t\t\t<\/div>\n<\/div><\/div>\n\n<div class=\"co-flex_row co-flex_row__white co-flex_row__testimonial\" ><div class=\"co-flex_row--row co-row\">\t<div class=\"co-testis co-testis__no_image co-testis__green\">\n\t\t\t\t<div class=\"co-testi gap-y-lg:0 co-testi__no_image\">\n\t\t\t\t\t\t\t\t\t<blockquote class=\"co-testi--quote co-testi--quote__center\">\n\t\t\t\t<div class=\"co-testi--quote_text text-component\">\n\t\t\t\t\t<p>Cuando estaba tratando de reconstruir mi cr\u00e9dito despu\u00e9s del divorcio, el oficial de pr\u00e9stamos me ayud\u00f3 a elaborar un plan, lo segu\u00ed y me di cuenta de que hay un ma\u00f1ana.<\/p>\n\t\t\t\t<\/div>\n\t\t\t\t<cite class=\"co-testi--attr\">\n\t\t\t\t\tJim, sucursal de Poulsbo\t\t\t\t<\/cite>\n\t\t\t<\/blockquote>\n\t\t<\/div>\n\t<\/div>\n<\/div><\/div>\n\n<div class=\"co-flex_row co-flex_row__white co-flex_row__disclosures\" ><div class=\"co-flex_row--row co-row\">\t<div class=\"co-disclosures\">\n\t\t<h2 class=\"co-disclosures--title\">Divulgaciones<\/h2>\n\t\t<dl class=\"co-disclosures--list\">\n\t\t\t\t\t\t\t<div class=\"co-disclosure\">\n\t\t\t\t\t<dd class=\"co-disclosure--desc\">\n\t\t\t\t\t\t\t\t\t\t\t\t<div class=\"text-component\"><p>Para los d\u00edas festivos que caen en s\u00e1bado, los bancos y sucursales de la Reserva Federal abrir\u00e1n el viernes anterior. Los d\u00edas festivos que caigan en domingo se celebrar\u00e1n en Pen\u00ednsula el lunes siguiente.<\/p>\n<\/div>\t\t\t\t\t<\/dd>\n\t\t\t\t<\/div>\n\t\t\t\t\t<\/dl>\n\t<\/div>\n<\/div><\/div>\n\n<div class=\"co-flex_row co-flex_row__last co-flex_row__back-to-top\" ><div class=\"co-flex_row--row co-row\"><div class=\"co-back_top\">\t\n  <a class=\"co-back_top--link\" href=\"#\" aria-label=\"\">\n\tVolver arriba\t<svg class=\"co-back_top--link_icon\" viewbox=\"0 0 52 52\" role=\"img\" aria-label=\"Volver arriba\">\n\t\t<use xlink:href=\"https:\/\/www.pcfcu.org\/wp-content\/themes\/peninsula-theme\/images\/sprite-icons.svg#back-top\" \/>\n\t<\/svg>\n  <\/a>\n<\/div>\n<\/div><\/div>","protected":false},"excerpt":{"rendered":"","protected":false},"author":10,"featured_media":0,"parent":2528,"menu_order":0,"comment_status":"closed","ping_status":"closed","template":"","meta":{"_acf_changed":false,"footnotes":""},"class_list":["post-2532","page","type-page","status-publish","hentry"],"acf":[],"yoast_head":"<!-- This site is optimized with the Yoast SEO plugin v27.2 - https:\/\/yoast.com\/product\/yoast-seo-wordpress\/ -->\n<title>Poulsbo Branch - Peninsula CU<\/title>\n<meta name=\"robots\" content=\"index, follow, max-snippet:-1, max-image-preview:large, max-video-preview:-1\" \/>\n<link rel=\"canonical\" href=\"https:\/\/www.pcfcu.org\/es\/sucursales-y-cajeros-automaticos\/sucursal-de-poulsbo\/\" \/>\n<meta property=\"og:locale\" content=\"es_ES\" \/>\n<meta property=\"og:type\" content=\"article\" \/>\n<meta property=\"og:title\" content=\"Poulsbo Branch - Peninsula CU\" \/>\n<meta property=\"og:url\" content=\"https:\/\/www.pcfcu.org\/es\/sucursales-y-cajeros-automaticos\/sucursal-de-poulsbo\/\" \/>\n<meta property=\"og:site_name\" content=\"Peninsula CU\" \/>\n<meta property=\"article:publisher\" content=\"https:\/\/www.facebook.com\/PeninsulaCreditUnion\" \/>\n<meta property=\"article:modified_time\" content=\"2026-04-21T16:12:39+00:00\" \/>\n<meta name=\"twitter:card\" content=\"summary_large_image\" \/>\n<meta name=\"twitter:site\" content=\"@pcfcuwa\" \/>\n<script type=\"application\/ld+json\" class=\"yoast-schema-graph\">{\"@context\":\"https:\/\/schema.org\",\"@graph\":[{\"@type\":\"WebPage\",\"@id\":\"https:\/\/www.pcfcu.org\/branches-and-atms\/poulsbo-branch\/\",\"url\":\"https:\/\/www.pcfcu.org\/branches-and-atms\/poulsbo-branch\/\",\"name\":\"Poulsbo Branch - Peninsula CU\",\"isPartOf\":{\"@id\":\"https:\/\/www.pcfcu.org\/#website\"},\"datePublished\":\"2025-03-12T00:43:05+00:00\",\"dateModified\":\"2026-04-21T16:12:39+00:00\",\"breadcrumb\":{\"@id\":\"https:\/\/www.pcfcu.org\/branches-and-atms\/poulsbo-branch\/#breadcrumb\"},\"inLanguage\":\"es-ES\",\"potentialAction\":[{\"@type\":\"ReadAction\",\"target\":[\"https:\/\/www.pcfcu.org\/branches-and-atms\/poulsbo-branch\/\"]}]},{\"@type\":\"BreadcrumbList\",\"@id\":\"https:\/\/www.pcfcu.org\/branches-and-atms\/poulsbo-branch\/#breadcrumb\",\"itemListElement\":[{\"@type\":\"ListItem\",\"position\":1,\"name\":\"Home\",\"item\":\"https:\/\/www.pcfcu.org\/\"},{\"@type\":\"ListItem\",\"position\":2,\"name\":\"Branches and ATMs\",\"item\":\"https:\/\/www.pcfcu.org\/branches-and-atms\/\"},{\"@type\":\"ListItem\",\"position\":3,\"name\":\"Poulsbo Branch\"}]},{\"@type\":\"WebSite\",\"@id\":\"https:\/\/www.pcfcu.org\/#website\",\"url\":\"https:\/\/www.pcfcu.org\/\",\"name\":\"Peninsula CU\",\"description\":\"Our Priority is You\",\"publisher\":{\"@id\":\"https:\/\/www.pcfcu.org\/#organization\"},\"potentialAction\":[{\"@type\":\"SearchAction\",\"target\":{\"@type\":\"EntryPoint\",\"urlTemplate\":\"https:\/\/www.pcfcu.org\/?s={search_term_string}\"},\"query-input\":{\"@type\":\"PropertyValueSpecification\",\"valueRequired\":true,\"valueName\":\"search_term_string\"}}],\"inLanguage\":\"es-ES\"},{\"@type\":\"Organization\",\"@id\":\"https:\/\/www.pcfcu.org\/#organization\",\"name\":\"Peninsula CU\",\"url\":\"https:\/\/www.pcfcu.org\/\",\"logo\":{\"@type\":\"ImageObject\",\"inLanguage\":\"es-ES\",\"@id\":\"https:\/\/www.pcfcu.org\/#\/schema\/logo\/image\/\",\"url\":\"https:\/\/www.pcfcu.org\/files\/Screenshot-2025-09-19-at-3.54.32-PM.jpg\",\"contentUrl\":\"https:\/\/www.pcfcu.org\/files\/Screenshot-2025-09-19-at-3.54.32-PM.jpg\",\"width\":386,\"height\":286,\"caption\":\"Peninsula CU\"},\"image\":{\"@id\":\"https:\/\/www.pcfcu.org\/#\/schema\/logo\/image\/\"},\"sameAs\":[\"https:\/\/www.facebook.com\/PeninsulaCreditUnion\",\"https:\/\/x.com\/pcfcuwa\"]}]}<\/script>\n<!-- \/ Yoast SEO plugin. -->","yoast_head_json":{"title":"Sucursal de Poulsbo - Pen\u00ednsula CU","robots":{"index":"index","follow":"follow","max-snippet":"max-snippet:-1","max-image-preview":"max-image-preview:large","max-video-preview":"max-video-preview:-1"},"canonical":"https:\/\/www.pcfcu.org\/es\/sucursales-y-cajeros-automaticos\/sucursal-de-poulsbo\/","og_locale":"es_ES","og_type":"article","og_title":"Poulsbo Branch - Peninsula CU","og_url":"https:\/\/www.pcfcu.org\/es\/sucursales-y-cajeros-automaticos\/sucursal-de-poulsbo\/","og_site_name":"Peninsula CU","article_publisher":"https:\/\/www.facebook.com\/PeninsulaCreditUnion","article_modified_time":"2026-04-21T16:12:39+00:00","twitter_card":"summary_large_image","twitter_site":"@pcfcuwa","schema":{"@context":"https:\/\/schema.org","@graph":[{"@type":"WebPage","@id":"https:\/\/www.pcfcu.org\/branches-and-atms\/poulsbo-branch\/","url":"https:\/\/www.pcfcu.org\/branches-and-atms\/poulsbo-branch\/","name":"Sucursal de Poulsbo - Pen\u00ednsula CU","isPartOf":{"@id":"https:\/\/www.pcfcu.org\/#website"},"datePublished":"2025-03-12T00:43:05+00:00","dateModified":"2026-04-21T16:12:39+00:00","breadcrumb":{"@id":"https:\/\/www.pcfcu.org\/branches-and-atms\/poulsbo-branch\/#breadcrumb"},"inLanguage":"es-ES","potentialAction":[{"@type":"ReadAction","target":["https:\/\/www.pcfcu.org\/branches-and-atms\/poulsbo-branch\/"]}]},{"@type":"BreadcrumbList","@id":"https:\/\/www.pcfcu.org\/branches-and-atms\/poulsbo-branch\/#breadcrumb","itemListElement":[{"@type":"ListItem","position":1,"name":"Home","item":"https:\/\/www.pcfcu.org\/"},{"@type":"ListItem","position":2,"name":"Branches and ATMs","item":"https:\/\/www.pcfcu.org\/branches-and-atms\/"},{"@type":"ListItem","position":3,"name":"Poulsbo Branch"}]},{"@type":"WebSite","@id":"https:\/\/www.pcfcu.org\/#website","url":"https:\/\/www.pcfcu.org\/","name":"Pen\u00ednsula CU","description":"Nuestra prioridad eres t\u00fa","publisher":{"@id":"https:\/\/www.pcfcu.org\/#organization"},"potentialAction":[{"@type":"SearchAction","target":{"@type":"EntryPoint","urlTemplate":"https:\/\/www.pcfcu.org\/?s={search_term_string}"},"query-input":{"@type":"PropertyValueSpecification","valueRequired":true,"valueName":"search_term_string"}}],"inLanguage":"es-ES"},{"@type":"Organization","@id":"https:\/\/www.pcfcu.org\/#organization","name":"Pen\u00ednsula CU","url":"https:\/\/www.pcfcu.org\/","logo":{"@type":"ImageObject","inLanguage":"es-ES","@id":"https:\/\/www.pcfcu.org\/#\/schema\/logo\/image\/","url":"https:\/\/www.pcfcu.org\/files\/Screenshot-2025-09-19-at-3.54.32-PM.jpg","contentUrl":"https:\/\/www.pcfcu.org\/files\/Screenshot-2025-09-19-at-3.54.32-PM.jpg","width":386,"height":286,"caption":"Peninsula CU"},"image":{"@id":"https:\/\/www.pcfcu.org\/#\/schema\/logo\/image\/"},"sameAs":["https:\/\/www.facebook.com\/PeninsulaCreditUnion","https:\/\/x.com\/pcfcuwa"]}]}},"_links":{"self":[{"href":"https:\/\/www.pcfcu.org\/es\/wp-json\/wp\/v2\/pages\/2532","targetHints":{"allow":["GET"]}}],"collection":[{"href":"https:\/\/www.pcfcu.org\/es\/wp-json\/wp\/v2\/pages"}],"about":[{"href":"https:\/\/www.pcfcu.org\/es\/wp-json\/wp\/v2\/types\/page"}],"author":[{"embeddable":true,"href":"https:\/\/www.pcfcu.org\/es\/wp-json\/wp\/v2\/users\/10"}],"replies":[{"embeddable":true,"href":"https:\/\/www.pcfcu.org\/es\/wp-json\/wp\/v2\/comments?post=2532"}],"version-history":[{"count":4,"href":"https:\/\/www.pcfcu.org\/es\/wp-json\/wp\/v2\/pages\/2532\/revisions"}],"predecessor-version":[{"id":5148,"href":"https:\/\/www.pcfcu.org\/es\/wp-json\/wp\/v2\/pages\/2532\/revisions\/5148"}],"up":[{"embeddable":true,"href":"https:\/\/www.pcfcu.org\/es\/wp-json\/wp\/v2\/pages\/2528"}],"wp:attachment":[{"href":"https:\/\/www.pcfcu.org\/es\/wp-json\/wp\/v2\/media?parent=2532"}],"curies":[{"name":"wp","href":"https:\/\/api.w.org\/{rel}","templated":true}]}}