{"id":2545,"date":"2025-03-11T17:43:05","date_gmt":"2025-03-12T00:43:05","guid":{"rendered":"https:\/\/www.pcfcu.org\/promotion-auto-loan-90-days-no-payments\/"},"modified":"2025-11-14T03:57:26","modified_gmt":"2025-11-14T11:57:26","slug":"promocion-de-prestamo-para-auto-a-90-dias-sin-pagos","status":"publish","type":"page","link":"https:\/\/www.pcfcu.org\/es\/promocion-de-prestamo-para-auto-a-90-dias-sin-pagos\/","title":{"rendered":"Promoci\u00f3n \u2013 Pr\u00e9stamo para auto a 90 d\u00edas sin pagos"},"content":{"rendered":"<div class=\"co-flex_row co-flex_row__white co-flex_row__last co-flex_row__page-hero\" ><div class=\"co-flex_row--row co-row\">\t<header class=\"co-page_hero  co-page_hero__no_image\" aria-label=\"Encabezado: Promoci\u00f3n \u2013 Pr\u00e9stamo para auto a 90 d\u00edas sin pagos\">\n\t\t<div class=\"co-page_hero--inner\">\n\t\t\t<div class=\"prow gap:5\">\n\t\t\t\t\t\t\t\t<div class=\"co-page_hero--text pcol-lg:12\">\n\t\t\t\t\t\t\t\t\t\t<div class=\"co-page_hero--text_inner\">\n\t\t\t\t\t\t\t\t\t\t\t\t<h1 class=\"co-page_hero--title\">\n\t\t\t\t\t\t\tPromoci\u00f3n \u2013 Pr\u00e9stamo para auto a 90 d\u00edas sin pagos\t\t\t\t\t\t<\/h1>\n\t\t\t\t\t\t\t\t\t\t\t<\/div>\n\t\t\t\t\t\t\t\t\t<\/div>\n\t\t\t<\/div>\n\t\t<\/div>\n\t<\/header>\n<\/div><\/div>","protected":false},"excerpt":{"rendered":"","protected":false},"author":15,"featured_media":0,"parent":0,"menu_order":0,"comment_status":"closed","ping_status":"closed","template":"","meta":{"_acf_changed":false,"footnotes":""},"class_list":["post-2545","page","type-page","status-publish","hentry"],"acf":[],"yoast_head":"<!-- This site is optimized with the Yoast SEO plugin v27.2 - https:\/\/yoast.com\/product\/yoast-seo-wordpress\/ -->\n<title>Promotion \u2013 Auto Loan 90 Days No Payments - Peninsula CU<\/title>\n<meta name=\"robots\" content=\"index, follow, max-snippet:-1, max-image-preview:large, max-video-preview:-1\" \/>\n<link rel=\"canonical\" href=\"https:\/\/www.pcfcu.org\/es\/promocion-de-prestamo-para-auto-a-90-dias-sin-pagos\/\" \/>\n<meta property=\"og:locale\" content=\"es_ES\" \/>\n<meta property=\"og:type\" content=\"article\" \/>\n<meta property=\"og:title\" content=\"Promotion \u2013 Auto Loan 90 Days No Payments - Peninsula CU\" \/>\n<meta property=\"og:url\" content=\"https:\/\/www.pcfcu.org\/es\/promocion-de-prestamo-para-auto-a-90-dias-sin-pagos\/\" \/>\n<meta property=\"og:site_name\" content=\"Peninsula CU\" \/>\n<meta property=\"article:publisher\" content=\"https:\/\/www.facebook.com\/PeninsulaCreditUnion\" \/>\n<meta property=\"article:modified_time\" content=\"2025-11-14T11:57:26+00:00\" \/>\n<meta name=\"twitter:card\" content=\"summary_large_image\" \/>\n<meta name=\"twitter:site\" content=\"@pcfcuwa\" \/>\n<script type=\"application\/ld+json\" class=\"yoast-schema-graph\">{\"@context\":\"https:\/\/schema.org\",\"@graph\":[{\"@type\":\"WebPage\",\"@id\":\"https:\/\/www.pcfcu.org\/promotion-auto-loan-90-days-no-payments\/\",\"url\":\"https:\/\/www.pcfcu.org\/promotion-auto-loan-90-days-no-payments\/\",\"name\":\"Promotion \u2013 Auto Loan 90 Days No Payments - Peninsula CU\",\"isPartOf\":{\"@id\":\"https:\/\/www.pcfcu.org\/#website\"},\"datePublished\":\"2025-03-12T00:43:05+00:00\",\"dateModified\":\"2025-11-14T11:57:26+00:00\",\"breadcrumb\":{\"@id\":\"https:\/\/www.pcfcu.org\/promotion-auto-loan-90-days-no-payments\/#breadcrumb\"},\"inLanguage\":\"es-ES\",\"potentialAction\":[{\"@type\":\"ReadAction\",\"target\":[\"https:\/\/www.pcfcu.org\/promotion-auto-loan-90-days-no-payments\/\"]}]},{\"@type\":\"BreadcrumbList\",\"@id\":\"https:\/\/www.pcfcu.org\/promotion-auto-loan-90-days-no-payments\/#breadcrumb\",\"itemListElement\":[{\"@type\":\"ListItem\",\"position\":1,\"name\":\"Home\",\"item\":\"https:\/\/www.pcfcu.org\/\"},{\"@type\":\"ListItem\",\"position\":2,\"name\":\"Promotion \u2013 Auto Loan 90 Days No Payments\"}]},{\"@type\":\"WebSite\",\"@id\":\"https:\/\/www.pcfcu.org\/#website\",\"url\":\"https:\/\/www.pcfcu.org\/\",\"name\":\"Peninsula CU\",\"description\":\"Our Priority is You\",\"publisher\":{\"@id\":\"https:\/\/www.pcfcu.org\/#organization\"},\"potentialAction\":[{\"@type\":\"SearchAction\",\"target\":{\"@type\":\"EntryPoint\",\"urlTemplate\":\"https:\/\/www.pcfcu.org\/?s={search_term_string}\"},\"query-input\":{\"@type\":\"PropertyValueSpecification\",\"valueRequired\":true,\"valueName\":\"search_term_string\"}}],\"inLanguage\":\"es-ES\"},{\"@type\":\"Organization\",\"@id\":\"https:\/\/www.pcfcu.org\/#organization\",\"name\":\"Peninsula CU\",\"url\":\"https:\/\/www.pcfcu.org\/\",\"logo\":{\"@type\":\"ImageObject\",\"inLanguage\":\"es-ES\",\"@id\":\"https:\/\/www.pcfcu.org\/#\/schema\/logo\/image\/\",\"url\":\"https:\/\/www.pcfcu.org\/files\/Screenshot-2025-09-19-at-3.54.32-PM.jpg\",\"contentUrl\":\"https:\/\/www.pcfcu.org\/files\/Screenshot-2025-09-19-at-3.54.32-PM.jpg\",\"width\":386,\"height\":286,\"caption\":\"Peninsula CU\"},\"image\":{\"@id\":\"https:\/\/www.pcfcu.org\/#\/schema\/logo\/image\/\"},\"sameAs\":[\"https:\/\/www.facebook.com\/PeninsulaCreditUnion\",\"https:\/\/x.com\/pcfcuwa\"]}]}<\/script>\n<!-- \/ Yoast SEO plugin. -->","yoast_head_json":{"title":"Promoci\u00f3n: Pr\u00e9stamo para auto a 90 d\u00edas sin pagos - Peninsula CU","robots":{"index":"index","follow":"follow","max-snippet":"max-snippet:-1","max-image-preview":"max-image-preview:large","max-video-preview":"max-video-preview:-1"},"canonical":"https:\/\/www.pcfcu.org\/es\/promocion-de-prestamo-para-auto-a-90-dias-sin-pagos\/","og_locale":"es_ES","og_type":"article","og_title":"Promotion \u2013 Auto Loan 90 Days No Payments - Peninsula CU","og_url":"https:\/\/www.pcfcu.org\/es\/promocion-de-prestamo-para-auto-a-90-dias-sin-pagos\/","og_site_name":"Peninsula CU","article_publisher":"https:\/\/www.facebook.com\/PeninsulaCreditUnion","article_modified_time":"2025-11-14T11:57:26+00:00","twitter_card":"summary_large_image","twitter_site":"@pcfcuwa","schema":{"@context":"https:\/\/schema.org","@graph":[{"@type":"WebPage","@id":"https:\/\/www.pcfcu.org\/promotion-auto-loan-90-days-no-payments\/","url":"https:\/\/www.pcfcu.org\/promotion-auto-loan-90-days-no-payments\/","name":"Promoci\u00f3n: Pr\u00e9stamo para auto a 90 d\u00edas sin pagos - Peninsula CU","isPartOf":{"@id":"https:\/\/www.pcfcu.org\/#website"},"datePublished":"2025-03-12T00:43:05+00:00","dateModified":"2025-11-14T11:57:26+00:00","breadcrumb":{"@id":"https:\/\/www.pcfcu.org\/promotion-auto-loan-90-days-no-payments\/#breadcrumb"},"inLanguage":"es-ES","potentialAction":[{"@type":"ReadAction","target":["https:\/\/www.pcfcu.org\/promotion-auto-loan-90-days-no-payments\/"]}]},{"@type":"BreadcrumbList","@id":"https:\/\/www.pcfcu.org\/promotion-auto-loan-90-days-no-payments\/#breadcrumb","itemListElement":[{"@type":"ListItem","position":1,"name":"Home","item":"https:\/\/www.pcfcu.org\/"},{"@type":"ListItem","position":2,"name":"Promotion \u2013 Auto Loan 90 Days No Payments"}]},{"@type":"WebSite","@id":"https:\/\/www.pcfcu.org\/#website","url":"https:\/\/www.pcfcu.org\/","name":"Pen\u00ednsula CU","description":"Nuestra prioridad eres t\u00fa","publisher":{"@id":"https:\/\/www.pcfcu.org\/#organization"},"potentialAction":[{"@type":"SearchAction","target":{"@type":"EntryPoint","urlTemplate":"https:\/\/www.pcfcu.org\/?s={search_term_string}"},"query-input":{"@type":"PropertyValueSpecification","valueRequired":true,"valueName":"search_term_string"}}],"inLanguage":"es-ES"},{"@type":"Organization","@id":"https:\/\/www.pcfcu.org\/#organization","name":"Pen\u00ednsula CU","url":"https:\/\/www.pcfcu.org\/","logo":{"@type":"ImageObject","inLanguage":"es-ES","@id":"https:\/\/www.pcfcu.org\/#\/schema\/logo\/image\/","url":"https:\/\/www.pcfcu.org\/files\/Screenshot-2025-09-19-at-3.54.32-PM.jpg","contentUrl":"https:\/\/www.pcfcu.org\/files\/Screenshot-2025-09-19-at-3.54.32-PM.jpg","width":386,"height":286,"caption":"Peninsula CU"},"image":{"@id":"https:\/\/www.pcfcu.org\/#\/schema\/logo\/image\/"},"sameAs":["https:\/\/www.facebook.com\/PeninsulaCreditUnion","https:\/\/x.com\/pcfcuwa"]}]}},"_links":{"self":[{"href":"https:\/\/www.pcfcu.org\/es\/wp-json\/wp\/v2\/pages\/2545","targetHints":{"allow":["GET"]}}],"collection":[{"href":"https:\/\/www.pcfcu.org\/es\/wp-json\/wp\/v2\/pages"}],"about":[{"href":"https:\/\/www.pcfcu.org\/es\/wp-json\/wp\/v2\/types\/page"}],"author":[{"embeddable":true,"href":"https:\/\/www.pcfcu.org\/es\/wp-json\/wp\/v2\/users\/15"}],"replies":[{"embeddable":true,"href":"https:\/\/www.pcfcu.org\/es\/wp-json\/wp\/v2\/comments?post=2545"}],"version-history":[{"count":2,"href":"https:\/\/www.pcfcu.org\/es\/wp-json\/wp\/v2\/pages\/2545\/revisions"}],"predecessor-version":[{"id":4722,"href":"https:\/\/www.pcfcu.org\/es\/wp-json\/wp\/v2\/pages\/2545\/revisions\/4722"}],"wp:attachment":[{"href":"https:\/\/www.pcfcu.org\/es\/wp-json\/wp\/v2\/media?parent=2545"}],"curies":[{"name":"wp","href":"https:\/\/api.w.org\/{rel}","templated":true}]}}