{"id":2547,"date":"2025-03-11T17:43:05","date_gmt":"2025-03-12T00:43:05","guid":{"rendered":"https:\/\/www.pcfcu.org\/pscu-cardconnect-privacy-policy\/"},"modified":"2026-04-08T12:55:52","modified_gmt":"2026-04-08T19:55:52","slug":"politica-de-privacidad-de-pscu-cardconnect","status":"publish","type":"page","link":"https:\/\/www.pcfcu.org\/es\/politica-de-privacidad-de-pscu-cardconnect\/","title":{"rendered":"Pol\u00edtica de privacidad de PSCU CardConnect"},"content":{"rendered":"<div class=\"co-flex_row co-flex_row__softgreen co-flex_row__last co-flex_row__disclosures\" ><div class=\"co-flex_row--row co-row\">\t<div class=\"co-disclosures\">\n\t\t<h2 class=\"co-disclosures--title\">Divulgaciones<\/h2>\n\t\t<dl class=\"co-disclosures--list\">\n\t\t\t\t\t\t\t<div class=\"co-disclosure\">\n\t\t\t\t\t<dd class=\"co-disclosure--desc\">\n\t\t\t\t\t\t\t\t\t\t\t\t<div class=\"text-component\"><h4><strong>Pol\u00edtica de privacidad de PCU Card Connect<\/strong><\/h4>\n<p><strong>HECHOS<\/strong><\/p>\n<p>\u00bfQu\u00e9 hace Peninsula Community Federal Credit Union con su informaci\u00f3n personal?<\/p>\n<p><strong>\u00bfPor qu\u00e9?<\/strong><\/p>\n<p>Las compa\u00f1\u00edas financieras eligen c\u00f3mo comparten su informaci\u00f3n personal. La ley federal otorga a los consumidores la posibilidad de...<br \/>\nderecho a limitar algunos pero no todos los intercambios. La ley federal tambi\u00e9n nos exige que le digamos c\u00f3mo recopilamos,<br \/>\nCompartimos y protegemos su informaci\u00f3n personal. Lea atentamente este aviso para comprender c\u00f3mo lo hacemos.<\/p>\n<p><strong>\u00bfQu\u00e9?<\/strong><\/p>\n<p>El tipo de informaci\u00f3n personal que recopilamos y compartimos depende de las cuentas o servicios que tenga contratados con nosotros.<br \/>\nEsta informaci\u00f3n puede incluir:<\/p>\n<ul>\n<li>N\u00famero de Seguro Social e ingresos<\/li>\n<li>Saldos de cuenta e historial de pagos<\/li>\n<li>Historial crediticio y puntajes crediticios<\/li>\n<\/ul>\n<p>Cuando deje de ser miembro nuestro, no compartiremos su informaci\u00f3n salvo que lo permita o exija la ley.<br \/>\ntal como se describe en este aviso.<\/p>\n<p><strong>\u00bfC\u00f3mo?<\/strong><\/p>\n<p>Todas las empresas financieras necesitan compartir la informaci\u00f3n personal de sus miembros para llevar a cabo su actividad diaria.<br \/>\nEn la secci\u00f3n siguiente, enumeramos las razones por las que las compa\u00f1\u00edas financieras pueden compartir la informaci\u00f3n personal de sus miembros,<br \/>\nlos motivos por los que Peninsula Community Federal Credit Union decide compartir su informaci\u00f3n y si usted puede limitar este intercambio.<\/p>\n<p><strong>Razones por las que podemos compartir su informaci\u00f3n personal<\/strong><\/p>\n<p>Para nuestros fines comerciales cotidianos<\/p>\n<p>Tales como procesar sus transacciones, mantener su(s) cuenta(s), responder a \u00f3rdenes judiciales y legales<br \/>\ninvestigaciones o informes a las agencias de cr\u00e9dito.<\/p>\n<p><strong>Acciones de Peninsula Community Federal Credit Union:<\/strong> S\u00ed<\/p>\n<p><strong>\u00bfPuedes limitar esta compartici\u00f3n?<\/strong> No<\/p>\n<p>Para nuestros fines de marketing<\/p>\n<p>Para ofrecerle nuestros productos y servicios.<\/p>\n<p><strong>Acciones de Peninsula Community Federal Credit Union:<\/strong> S\u00ed<\/p>\n<p><strong>\u00bfPuedes limitar esta compartici\u00f3n?<\/strong> No<\/p>\n<p>Para actividades de marketing conjuntas con otras compa\u00f1\u00edas financieras.<\/p>\n<p><strong>Acciones de Peninsula Community Federal Credit Union:<\/strong> S\u00ed<\/p>\n<p><strong>\u00bfPuedes limitar esta compartici\u00f3n?<\/strong> No<\/p>\n<p>Para los fines comerciales cotidianos de nuestros afiliados.<\/p>\n<p>Informaci\u00f3n sobre sus transacciones y experiencias.<\/p>\n<p><strong>Acciones de Peninsula Community Federal Credit Union:<\/strong> No<\/p>\n<p><strong>\u00bfPuedes limitar esta compartici\u00f3n?<\/strong> No compartimos.<\/p>\n<p>Para los fines comerciales cotidianos de nuestros afiliados.<\/p>\n<p>Informaci\u00f3n sobre su solvencia crediticia.<\/p>\n<p><strong>Acciones de Peninsula Community Federal Credit Union:<\/strong> No<\/p>\n<p><strong>\u00bfPuedes limitar esta compartici\u00f3n?<\/strong> No compartimos.<\/p>\n<p>Para que personas no afiliadas puedan promocionar sus productos o servicios.<\/p>\n<p><strong>Acciones de Peninsula Community Federal Credit Union:<\/strong> No<\/p>\n<p><strong>\u00bfPuedes limitar esta compartici\u00f3n?<\/strong> No compartimos.<\/p>\n<p><strong>\u00bfPreguntas?<\/strong><\/p>\n<p>Llamar <a href=\"tel:18004261601\">1-800-426-1601<\/a> o correo electr\u00f3nico <a href=\"mailto:membership@pcfcu.org\">membership@pcfcu.org<\/a><\/p>\n<p><strong>Lo que hacemos<\/strong><\/p>\n<p>\u00bfC\u00f3mo protege Peninsula Community Federal Credit Union mi informaci\u00f3n personal?<\/p>\n<p>Para proteger su informaci\u00f3n personal del acceso y uso no autorizados, utilizamos medidas de seguridad que cumplen<br \/>\ncon la ley federal. Estas medidas incluyen salvaguardas inform\u00e1ticas y archivos y edificios seguros. Tambi\u00e9n restringimos<br \/>\nacceso a informaci\u00f3n personal no p\u00fablica sobre usted a aquellos empleados y voluntarios que necesitan conocerla<br \/>\ninformaci\u00f3n para proporcionarle productos o servicios.<\/p>\n<p>\u00bfC\u00f3mo recopila Peninsula Community Federal Credit Union mi informaci\u00f3n personal?<\/p>\n<p><strong>Recopilamos su informaci\u00f3n personal, por ejemplo, cuando usted:<\/strong><\/p>\n<ul>\n<li>Abra una cuenta o solicite un pr\u00e9stamo.<\/li>\n<li>Solicite cualquier servicio de la cooperativa de cr\u00e9dito.<\/li>\n<li>Visite nuestro sitio web, proporci\u00f3nenos informaci\u00f3n en cualquier solicitud o transacci\u00f3n en l\u00ednea, o env\u00edenos informaci\u00f3n por correo electr\u00f3nico.<\/li>\n<li>Utilice su tarjeta de cr\u00e9dito o d\u00e9bito o pague sus facturas.<\/li>\n<li>Realiza dep\u00f3sitos o retiros de tus cuentas.<\/li>\n<\/ul>\n<p>Tambi\u00e9n recopilamos su informaci\u00f3n personal de terceros, incluidas agencias de cr\u00e9dito u otras empresas.<\/p>\n<p><strong>\u00bfPor qu\u00e9 no puedo limitar todas las opciones para compartir?<\/strong><\/p>\n<p>La ley federal le otorga el derecho a limitar el intercambio de informaci\u00f3n de la siguiente manera:<\/p>\n<ul>\n<li>Compartir informaci\u00f3n sobre su solvencia crediticia con fines comerciales cotidianos de nuestros afiliados.<\/li>\n<li>Los afiliados no pueden usar su informaci\u00f3n para enviarle publicidad.<\/li>\n<li>Compartir para que terceros no afiliados puedan promocionarte productos o servicios.<\/li>\n<\/ul>\n<p>Sin embargo, no tenemos ninguna empresa afiliada con la que compartamos informaci\u00f3n.<\/p>\n<p><strong>Definiciones<\/strong><\/p>\n<p><strong>Afiliados<\/strong><\/p>\n<p>Empresas vinculadas por propiedad o control com\u00fan. Pueden ser empresas financieras o no financieras.<\/p>\n<ul>\n<li>Peninsula Community Federal Credit Union no tiene filiales.<\/li>\n<\/ul>\n<p><strong>No afiliados<\/strong><\/p>\n<p>Empresas no relacionadas entre s\u00ed por propiedad o control com\u00fan. Pueden ser empresas financieras o no financieras.<\/p>\n<ul>\n<li>Peninsula Community Federal Credit Union no comparte informaci\u00f3n con terceros no afiliados para que puedan ofrecerle publicidad, excepto en el marco de nuestros acuerdos de marketing conjunto.<\/li>\n<\/ul>\n<p><strong>Marketing conjunto<\/strong><\/p>\n<p>Un acuerdo formal entre Peninsula Community Federal Credit Union y una compa\u00f1\u00eda financiera no afiliada.<br \/>\ndonde comercializamos conjuntamente productos o servicios financieros para usted.<\/p>\n<ul>\n<li>Entre nuestros socios de marketing conjuntos se incluyen proveedores de servicios financieros.<\/li>\n<\/ul>\n<p><strong>Otra informaci\u00f3n importante<\/strong><\/p>\n<p><strong>Protecci\u00f3n de la informaci\u00f3n privada de los ni\u00f1os<\/strong><\/p>\n<p>Nuestros servicios financieros en l\u00ednea no est\u00e1n dise\u00f1ados ni dirigidos a ni\u00f1os. No solicitamos a sabiendas<br \/>\no recopilamos datos de ni\u00f1os y no hacemos marketing a sabiendas dirigido a ni\u00f1os en l\u00ednea. Reconocemos que proteger<br \/>\nLa identidad de los ni\u00f1os y su privacidad en l\u00ednea son importantes, y esa responsabilidad recae sobre nosotros y sobre los padres.<\/p>\n<p><strong>Cambios en la Pol\u00edtica de Privacidad<\/strong><\/p>\n<p>Nos reservamos el derecho de modificar esta Pol\u00edtica de Privacidad en cualquier momento.<\/p>\n<\/div>\t\t\t\t\t<\/dd>\n\t\t\t\t<\/div>\n\t\t\t\t\t<\/dl>\n\t<\/div>\n<\/div><\/div>","protected":false},"excerpt":{"rendered":"","protected":false},"author":13,"featured_media":0,"parent":0,"menu_order":0,"comment_status":"closed","ping_status":"closed","template":"","meta":{"_acf_changed":false,"footnotes":""},"class_list":["post-2547","page","type-page","status-publish","hentry"],"acf":[],"yoast_head":"<!-- This site is optimized with the Yoast SEO plugin v27.2 - https:\/\/yoast.com\/product\/yoast-seo-wordpress\/ -->\n<title>PSCU CardConnect Privacy Policy - Peninsula CU<\/title>\n<meta name=\"robots\" content=\"index, follow, max-snippet:-1, max-image-preview:large, max-video-preview:-1\" \/>\n<link rel=\"canonical\" href=\"https:\/\/www.pcfcu.org\/es\/politica-de-privacidad-de-pscu-cardconnect\/\" \/>\n<meta property=\"og:locale\" content=\"es_ES\" \/>\n<meta property=\"og:type\" content=\"article\" \/>\n<meta property=\"og:title\" content=\"PSCU CardConnect Privacy Policy - Peninsula CU\" \/>\n<meta property=\"og:url\" content=\"https:\/\/www.pcfcu.org\/es\/politica-de-privacidad-de-pscu-cardconnect\/\" \/>\n<meta property=\"og:site_name\" content=\"Peninsula CU\" \/>\n<meta property=\"article:publisher\" content=\"https:\/\/www.facebook.com\/PeninsulaCreditUnion\" \/>\n<meta property=\"article:modified_time\" content=\"2026-04-08T19:55:52+00:00\" \/>\n<meta name=\"twitter:card\" content=\"summary_large_image\" \/>\n<meta name=\"twitter:site\" content=\"@pcfcuwa\" \/>\n<script type=\"application\/ld+json\" class=\"yoast-schema-graph\">{\"@context\":\"https:\/\/schema.org\",\"@graph\":[{\"@type\":\"WebPage\",\"@id\":\"https:\/\/www.pcfcu.org\/pscu-cardconnect-privacy-policy\/\",\"url\":\"https:\/\/www.pcfcu.org\/pscu-cardconnect-privacy-policy\/\",\"name\":\"PSCU CardConnect Privacy Policy - Peninsula CU\",\"isPartOf\":{\"@id\":\"https:\/\/www.pcfcu.org\/#website\"},\"datePublished\":\"2025-03-12T00:43:05+00:00\",\"dateModified\":\"2026-04-08T19:55:52+00:00\",\"breadcrumb\":{\"@id\":\"https:\/\/www.pcfcu.org\/pscu-cardconnect-privacy-policy\/#breadcrumb\"},\"inLanguage\":\"es-ES\",\"potentialAction\":[{\"@type\":\"ReadAction\",\"target\":[\"https:\/\/www.pcfcu.org\/pscu-cardconnect-privacy-policy\/\"]}]},{\"@type\":\"BreadcrumbList\",\"@id\":\"https:\/\/www.pcfcu.org\/pscu-cardconnect-privacy-policy\/#breadcrumb\",\"itemListElement\":[{\"@type\":\"ListItem\",\"position\":1,\"name\":\"Home\",\"item\":\"https:\/\/www.pcfcu.org\/\"},{\"@type\":\"ListItem\",\"position\":2,\"name\":\"PSCU CardConnect Privacy Policy\"}]},{\"@type\":\"WebSite\",\"@id\":\"https:\/\/www.pcfcu.org\/#website\",\"url\":\"https:\/\/www.pcfcu.org\/\",\"name\":\"Peninsula CU\",\"description\":\"Our Priority is You\",\"publisher\":{\"@id\":\"https:\/\/www.pcfcu.org\/#organization\"},\"potentialAction\":[{\"@type\":\"SearchAction\",\"target\":{\"@type\":\"EntryPoint\",\"urlTemplate\":\"https:\/\/www.pcfcu.org\/?s={search_term_string}\"},\"query-input\":{\"@type\":\"PropertyValueSpecification\",\"valueRequired\":true,\"valueName\":\"search_term_string\"}}],\"inLanguage\":\"es-ES\"},{\"@type\":\"Organization\",\"@id\":\"https:\/\/www.pcfcu.org\/#organization\",\"name\":\"Peninsula CU\",\"url\":\"https:\/\/www.pcfcu.org\/\",\"logo\":{\"@type\":\"ImageObject\",\"inLanguage\":\"es-ES\",\"@id\":\"https:\/\/www.pcfcu.org\/#\/schema\/logo\/image\/\",\"url\":\"https:\/\/www.pcfcu.org\/files\/Screenshot-2025-09-19-at-3.54.32-PM.jpg\",\"contentUrl\":\"https:\/\/www.pcfcu.org\/files\/Screenshot-2025-09-19-at-3.54.32-PM.jpg\",\"width\":386,\"height\":286,\"caption\":\"Peninsula CU\"},\"image\":{\"@id\":\"https:\/\/www.pcfcu.org\/#\/schema\/logo\/image\/\"},\"sameAs\":[\"https:\/\/www.facebook.com\/PeninsulaCreditUnion\",\"https:\/\/x.com\/pcfcuwa\"]}]}<\/script>\n<!-- \/ Yoast SEO plugin. -->","yoast_head_json":{"title":"Pol\u00edtica de privacidad de PSCU CardConnect - Peninsula CU","robots":{"index":"index","follow":"follow","max-snippet":"max-snippet:-1","max-image-preview":"max-image-preview:large","max-video-preview":"max-video-preview:-1"},"canonical":"https:\/\/www.pcfcu.org\/es\/politica-de-privacidad-de-pscu-cardconnect\/","og_locale":"es_ES","og_type":"article","og_title":"PSCU CardConnect Privacy Policy - Peninsula CU","og_url":"https:\/\/www.pcfcu.org\/es\/politica-de-privacidad-de-pscu-cardconnect\/","og_site_name":"Peninsula CU","article_publisher":"https:\/\/www.facebook.com\/PeninsulaCreditUnion","article_modified_time":"2026-04-08T19:55:52+00:00","twitter_card":"summary_large_image","twitter_site":"@pcfcuwa","schema":{"@context":"https:\/\/schema.org","@graph":[{"@type":"WebPage","@id":"https:\/\/www.pcfcu.org\/pscu-cardconnect-privacy-policy\/","url":"https:\/\/www.pcfcu.org\/pscu-cardconnect-privacy-policy\/","name":"Pol\u00edtica de privacidad de PSCU CardConnect - Peninsula CU","isPartOf":{"@id":"https:\/\/www.pcfcu.org\/#website"},"datePublished":"2025-03-12T00:43:05+00:00","dateModified":"2026-04-08T19:55:52+00:00","breadcrumb":{"@id":"https:\/\/www.pcfcu.org\/pscu-cardconnect-privacy-policy\/#breadcrumb"},"inLanguage":"es-ES","potentialAction":[{"@type":"ReadAction","target":["https:\/\/www.pcfcu.org\/pscu-cardconnect-privacy-policy\/"]}]},{"@type":"BreadcrumbList","@id":"https:\/\/www.pcfcu.org\/pscu-cardconnect-privacy-policy\/#breadcrumb","itemListElement":[{"@type":"ListItem","position":1,"name":"Home","item":"https:\/\/www.pcfcu.org\/"},{"@type":"ListItem","position":2,"name":"PSCU CardConnect Privacy Policy"}]},{"@type":"WebSite","@id":"https:\/\/www.pcfcu.org\/#website","url":"https:\/\/www.pcfcu.org\/","name":"Pen\u00ednsula CU","description":"Nuestra prioridad eres t\u00fa","publisher":{"@id":"https:\/\/www.pcfcu.org\/#organization"},"potentialAction":[{"@type":"SearchAction","target":{"@type":"EntryPoint","urlTemplate":"https:\/\/www.pcfcu.org\/?s={search_term_string}"},"query-input":{"@type":"PropertyValueSpecification","valueRequired":true,"valueName":"search_term_string"}}],"inLanguage":"es-ES"},{"@type":"Organization","@id":"https:\/\/www.pcfcu.org\/#organization","name":"Pen\u00ednsula CU","url":"https:\/\/www.pcfcu.org\/","logo":{"@type":"ImageObject","inLanguage":"es-ES","@id":"https:\/\/www.pcfcu.org\/#\/schema\/logo\/image\/","url":"https:\/\/www.pcfcu.org\/files\/Screenshot-2025-09-19-at-3.54.32-PM.jpg","contentUrl":"https:\/\/www.pcfcu.org\/files\/Screenshot-2025-09-19-at-3.54.32-PM.jpg","width":386,"height":286,"caption":"Peninsula CU"},"image":{"@id":"https:\/\/www.pcfcu.org\/#\/schema\/logo\/image\/"},"sameAs":["https:\/\/www.facebook.com\/PeninsulaCreditUnion","https:\/\/x.com\/pcfcuwa"]}]}},"_links":{"self":[{"href":"https:\/\/www.pcfcu.org\/es\/wp-json\/wp\/v2\/pages\/2547","targetHints":{"allow":["GET"]}}],"collection":[{"href":"https:\/\/www.pcfcu.org\/es\/wp-json\/wp\/v2\/pages"}],"about":[{"href":"https:\/\/www.pcfcu.org\/es\/wp-json\/wp\/v2\/types\/page"}],"author":[{"embeddable":true,"href":"https:\/\/www.pcfcu.org\/es\/wp-json\/wp\/v2\/users\/13"}],"replies":[{"embeddable":true,"href":"https:\/\/www.pcfcu.org\/es\/wp-json\/wp\/v2\/comments?post=2547"}],"version-history":[{"count":19,"href":"https:\/\/www.pcfcu.org\/es\/wp-json\/wp\/v2\/pages\/2547\/revisions"}],"predecessor-version":[{"id":4971,"href":"https:\/\/www.pcfcu.org\/es\/wp-json\/wp\/v2\/pages\/2547\/revisions\/4971"}],"wp:attachment":[{"href":"https:\/\/www.pcfcu.org\/es\/wp-json\/wp\/v2\/media?parent=2547"}],"curies":[{"name":"wp","href":"https:\/\/api.w.org\/{rel}","templated":true}]}}