{"id":2556,"date":"2025-03-11T17:43:06","date_gmt":"2025-03-12T00:43:06","guid":{"rendered":"https:\/\/www.pcfcu.org\/auto-loans\/"},"modified":"2025-06-04T13:14:49","modified_gmt":"2025-06-04T20:14:49","slug":"prestamos-para-automoviles","status":"publish","type":"page","link":"https:\/\/www.pcfcu.org\/es\/prestamos-para-automoviles\/","title":{"rendered":"Pr\u00e9stamos para autom\u00f3viles"},"content":{"rendered":"<div class=\"co-flex_row co-flex_row__white co-flex_row__page-hero\" ><div class=\"co-flex_row--row co-row\">\t<header class=\"co-page_hero  co-page_hero__has_image display-img-desktop display-img-mobile\" aria-label=\"Encabezado: Pr\u00e9stamos y compra de autom\u00f3viles\">\n\t\t<div class=\"co-page_hero--inner\">\n\t\t\t<div class=\"prow gap:5\">\n\t\t\t\t\t\t\t\t\t<div class=\"co-page_hero--img_wrap pcol-lg:6\">\n\t\t\t\t\t\t<img loading=\"lazy\" decoding=\"async\" width=\"556\" height=\"360\" src=\"https:\/\/www.pcfcu.org\/files\/hero_auto_loans@15x-556x360-1.jpg\" class=\"co-page_hero--img\" alt=\"Imagen del h\u00e9roe de pr\u00e9stamos para autom\u00f3viles\" srcset=\"https:\/\/www.pcfcu.org\/files\/hero_auto_loans@15x-556x360-1.jpg 556w, https:\/\/www.pcfcu.org\/files\/hero_auto_loans@15x-556x360-1-540x350.jpg 540w, https:\/\/www.pcfcu.org\/files\/hero_auto_loans@15x-556x360-1-396x256.jpg 396w, https:\/\/www.pcfcu.org\/files\/hero_auto_loans@15x-556x360-1-75x49.jpg 75w\" sizes=\"auto, (max-width: 556px) 100vw, 556px\" \/>\t\t\t\t\t<\/div>\n\t\t\t\t\t\t\t\t<div class=\"co-page_hero--text pcol-lg:6\">\n\t\t\t\t\t\t<svg\n\t\tclass=\"co-page_hero--icon IconFern\"\n\t\tviewbox=\"0 0 100.8362 125.0572\"\n\t\twidth=\"100.8362\"\n\t\theight=\"125.0572\"\n\t>\n\t\t<title>Helecho<\/title>\n\t\t\n\t\t<path d=\"M76.5249,112.0789c5.18-.2973,23.6525-8.646,24.3761-14.7561-1.5049-.7336-8.341,1.2766-17.8,5.8833a14.8075,14.8075,0,0,1-6.92,1.8091c-1.5354.0668-2.6322-.2586-2.4411,2.306.1753,2.3675.421,3.0373-.3481,4.6523-.908-2.4433-1.95-5.1726-3.12-8.1287-.0151-.7282.4976-2.0306,4.1433-2.57,6.1139-.9034,20.18-9.5555,20.6865-16.7671,0,0-5.0542.3679-14.034,6.2376-6.5827,4.3018-8.6422,2.7945-10.6319,2.8954-1.9905.1024-1.0673,3.5653-.6456,5.2379.4309,1.7143.2875,2.29-.3041,2.9978-1.1075-2.7551-2.3174-5.6794-3.6267-8.7272a4.6983,4.6983,0,0,1,2.947-3.8125c3.7184-1.4382,21.122-9.5851,21.4792-18.0225A50.7924,50.7924,0,0,0,73.6917,77.81c-4.2919,2.7953-5.9228,4.7008-7.6864,5.05-1.7614.3512-1.6863,2.0936-1.0431,5.5321a4.8593,4.8593,0,0,1-.0015,2.683c-1.0589-2.4258-2.1763-4.9192-3.3513-7.4588.0911-.6607.8951-1.8388,4.6037-3.3688,5.8667-2.4221,16.312-13.8011,14.7016-18.8281,0,0-3.3119.7464-10.5022,6.9143-4.6932,4.0264-6.8035,5.27-8.9479,5.99-2.1475.7206-2.4077.2-1.09,3.41l-1.7727-.4491q-1.056-2.1641-2.1627-4.35c-.0417-.487.1161-1.3192,1.4959-1.8282,2.04-.7555,15.6239-10.182,13.6691-18.7916,0,0-2.2453.5272-7.4505,5.9819-3.767,3.9476-5.2431,4.79-7.2,5.2234-1.9593.4362-3.1-.4414-2.1224,3.04.8837,3.1442,1.0422,3.7313.7593,4.7129-1.3442-2.6125-2.7414-5.2326-4.19-7.84-.0448-.5848.2936-1.4754,1.9654-2.6284C56.5074,58.64,65.8035,47.6913,63.6469,43.4813c0,0-1.3889.2465-5.765,4.5384-3.0585,2.9994-4.2828,3.6745-6.1458,4.4148-1.5839.6251-4.0818.5667-2.7445,2.6883,1.31,2.0785,1.6856,3.8019,1.5649,6.8012q-2.0617-3.6535-4.2517-7.2389c-.1327-.2161-.2617-.4224-.3937-.6371-.0872-.6054-.0591-2.14,2.0132-3.5888,2.6557-1.8538,8.0642-13.0471,5.98-15.413a12.4081,12.4081,0,0,0-3.6031,3.85c-1.816,2.8059-3.0244,4.5718-4.5839,5.4411s-3.4393.2671-2.2181,3.0388c1.219,2.77,2.0861,3.3186,1.4557,5.1111l.08.1426q-2.658-4.2647-5.1582-7.9853c-.0986-.19-.56-1.2728.9823-2.6375,1.7022-1.5049,8.0134-10.0137,5.3175-13.996,0,0-.4059-.2018-2.6823,2.8073-2.2749,3.0108-2.8521,4.0507-4.122,4.7767S36.57,36.209,37.759,38.402c1.1628,2.1445,1.4958,3.3945,1.1537,4.8123-1.6551-2.4335-3.2572-4.6909-4.813-6.8065a5.5725,5.5725,0,0,1,1.395-3.6638C37.08,30.6883,38.7155,24.82,36.6856,21.01c0,0-.6068-.2018-1.4716,1.1871s-1.6392,3.9051-2.9364,5.4662c-1.2971,1.5641-2.6837,1.2948-.89,3.239,2.0389,2.21,1.4283,2.636,1.7461,4.2008-1.7742-2.3735-3.4832-4.5513-5.1293-6.5592a4.1485,4.1485,0,0,1,.64-3.1806,9.9158,9.9158,0,0,0,1.5778-5.435A4.32,4.32,0,0,0,28.48,16.35s-.4021.0288-1.0924,2.0526a8.3487,8.3487,0,0,1-1.6407,3.24c-.49.55-1.5308.7661-.1108,2.369,1.0916,1.2311.8231,1.5679.9482,2.8226q-2.263-2.6875-4.3655-4.9739a3.1018,3.1018,0,0,1,.45-2.8613c1.0627-1.8508.8056-4.7743-.36-5.9812-.7221-.749-1.0119-.4892-1.0119-.4892-.2283.5784-.4862,2.5153-.9186,3.0653s-1.2971,1.16-.6038,2.0815a4.5269,4.5269,0,0,1,1.0043,2.6359c-1.37-1.4526-2.6875-2.7945-3.9543-4.0423a4.2291,4.2291,0,0,1,.3663-3.0919c.8056-1.9381-.2692-4.2752-1.3949-4.3617a13.4594,13.4594,0,0,0-.9217,1.65c-.5469.9558-1.21,1.9677-.1669,2.7164a2.4021,2.4021,0,0,1,1.1561,2.149c-1.552-1.5042-3.0289-2.8772-4.43-4.155A2.8061,2.8061,0,0,1,11.9514,9.07a1.94,1.94,0,0,0-.3231-2.7453c-.55-.2586-.8375.5511-1.2987.8413-.4566.2864-1.0081.6372-.6326,1.4458.3307.7127.6614.7984.7381,1.6575q-.7988-.7238-1.5657-1.4136L7.7027,7.7841A2.8753,2.8753,0,0,1,7.58,6.168c.2579-.9842.3132-1.4458-.5545-2.1088a2.53,2.53,0,0,0-.9945,2.19l-.352-.3232a3.0459,3.0459,0,0,1-.51-1.2523A2.132,2.132,0,0,0,4.3075,3.38c-.8769-.6042-.4218.1487-.9991.2087-.578.0584-.41-2.5139-1.3039-1.53,0,0-.1472-1.1549-1.94-1.7295A5.81,5.81,0,0,1,.7043,1.9163c.2617,1.0119.754.75.9558,1.2991s.1168.3754-.2579.5783c-.377.2029,1.1151.5424,1.5171.7794.4756.2818.421.8932-.1563,1.1531-.628.2844,1.8.3773,2.75,1.7579a1.5607,1.5607,0,0,0-1.56.8989c.29.4323.6129,1.0809,1.6188.69A2.3934,2.3934,0,0,1,7.69,9.5348l.4688.46c.2253.2037.4544.41.685.6179-.9254-.448-2.529.0587-2.6921.7475a7.9609,7.9609,0,0,1-.49,1.3927,4.9709,4.9709,0,0,0,3.49-.5166,1.3922,1.3922,0,0,1,1.2425-.2139c.9558.875,1.9434,1.7906,2.9675,2.7654-.7237.0276-.6759-.3285-1.4026-.6331a1.9084,1.9084,0,0,0-2.281.4673,5.6068,5.6068,0,0,1-1.7325,1.159c1.45,1.8176,3.3262,1.0044,4.6826.0486a1.97,1.97,0,0,1,1.36-.44c1.1242,1.081,2.2893,2.2325,3.4992,3.4735-.6508.0872-.8913.1866-2.0845-.6137-1.1332-.7616-1.6172-.17-2.6268.5537-1.01.7252-2.7741.7867-2.5389,1.508,1.6225,2.54,5.5169.22,6.6146-.4748a1.2912,1.2912,0,0,1,1.442-.1411q1.9139,1.9935,3.9756,4.3147l-.1457-.14c-.8958.3186-1.0119-.1138-2.3439-1.1227-1.33-1.0089-2.08.2071-3.927.7889s-2.944,1.1045-2.6853,1.3335c3.4734,2.969,7.543.795,8.6118.07a1.1784,1.1784,0,0,1,1.1728-.154c1.6362,1.8713,3.3437,3.9141,5.127,6.1624-.54-.07-1.2834-.4073-2.5957-2.0564-1.6506-2.0769-2.6314-.66-6.761.0425-4.13.7009-3.233,1.4792-2.9447,1.71C18.44,33.24,24.48,32.7363,26.27,31.9816a3.1143,3.1143,0,0,1,2.5389-.1062c1.9055,2.4342,3.8936,5.0983,5.9744,8.04l-1.0089-1.39C32.2,38.25,31.4265,37.1193,29.9572,35.229c-1.8455-2.3728-2.2832-.5241-3.8443.3307-1.56.8541-2.6777,1.1-5.5246,1.728-2.85.6258-3.2769,1.4094-3.06,1.6263,1.8145,2.8378,9.0579,1.8889,12.3963.83,3.3346-1.0567,4.8669.1859,4.8722.19q2.4486,3.4625,5.0687,7.4566c-1.772-.3724-2.542-2.4365-4.1766-4.4861-1.681-2.1058-2.6876.4968-4.3594,1.02a34.0653,34.0653,0,0,1-6.2414.9937c-2.86.3246-6.1807,1.1985-5.89,1.89.292.6948.7532,1.5884,3.4734,2.623,2.7172,1.0347,10.69.0653,13.8944-.8078,2.6034-.71,3.9658.1047,4.3868.4361,1.3153,2.0368,2.66,4.17,4.0415,6.4258.16.2617.3187.5257.4779.7881-.3914.0925-1.4253.1752-2.8309-2.1178-1.6119-2.6323-3.3482-2.3865-4.5627-1.3533s-4.8593,1.8182-8.4662,2.2278c-3.61.4089-8.4139,2.4434-7.8382,3.26s1.8441,2.0428,6.9234,2.4881c5.077.443,11.4792-1.9464,14.3715-3.0387,1.9685-.7442,2.9341-.267,3.3506.1138,1.7659,2.9735,3.4567,5.99,5.0724,9.0161a4.5968,4.5968,0,0,1-2.6162-1.5915c-1.065-1.2667-2.1346-4.335-3.3786-4.18-1.2463.1555-1.3495,1.3093-4.0537,2.5715S35.7,65.2078,31.6989,66.018c-3.9984.8116-9.5662,4.3435-8.9957,4.7865a20.7264,20.7264,0,0,0,9.0746,2.0344c4.7948.0971,14.1113-2.7778,17.1069-4.0932,2.0526-.9011,3.0023-.6379,3.3975-.3831q1.7171,3.27,3.3157,6.5305c-1.1507.0644-1.3465.3056-2.9371-1.6749-2.0428-2.5427-2.278-.3217-4.2919.9785s-5.2181,2.369-12.4821,5.0368c-7.7911,2.8643-8.4381,5.0641-8.28,5.1187,8.9054,3.519,23.4272-2.5753,26.1163-4.5581,2.0511-1.5148,3.2974-1.1371,3.8117-.8739,1.5353,3.2527,2.9781,6.46,4.3246,9.5752l-.0653-.1494c-.9861.0607-1.3388-.3011-2.6458-1.82-1.3055-1.5179-2.243-4.7547-4.2343-2.7468-1.4306,1.4435-3.3,2.7915-11.3388,4.2479-10.0714,1.8244-11.794,5.2393-11.794,5.2393,5.8461,1.9844,9.6882,1.4936,14.213.91A55.0845,55.0845,0,0,0,59.663,89.9731c1.9-.9626,2.7073-.0971,2.9652.3148,1.4336,3.37,2.7512,6.6169,3.95,9.6829L66.1168,98.97c-2.8689.355-2.7324-1.6249-4.6439-4.2214s-3.5242.2617-7.1335,2.0891-7.405,1.8653-11.0157,2.9128-8.4336,3.6176-7.9982,3.9916c10.6714,4.9487,24.1243-.9149,27.56-2.743,2.7369-1.4564,3.6009-.927,3.84-.6524,1.4458,3.7094,2.7141,7.1426,3.8019,10.1981-2.4683-.3345-3.1639-2.7908-4.4178-4.4831-1.3047-1.7606-3.3164-.41-5.941,1.4435-2.6261,1.8554-8.8933,2.9083-14.5521,5.0285s-7.3641,3.8337-7.1335,3.95c8.0961,2.96,22.5655-.0455,26.98-2.743,3.3027-2.0162,5.0368-1.6855,5.7021-1.3911,2.6435,7.5537,4.0431,12.3674,4.0855,12.5009.1267.4051,1.5824.6274,1.9867.5007a.7671.7671,0,0,0,.5014-.9626c-.0387-.1221-1.3245-4.1751-3.7025-10.6683C74.02,112.8587,74.5542,112.1927,76.5249,112.0789Z\" transform=\"translate(-0.0649 -0.329)\" fill=\"#93a444\"\/>\n\t\t<\/svg>\n\t\t\t\t\t\t<div class=\"co-page_hero--text_inner\">\n\t\t\t\t\t\t\t\t\t\t\t\t<h1 class=\"co-page_hero--title\">\n\t\t\t\t\t\t\tPr\u00e9stamos para autom\u00f3viles y compra de autom\u00f3viles\t\t\t\t\t\t<\/h1>\n\t\t\t\t\t\t<p class=\"co-page_hero--tagline\">\u00bfNecesitas ayuda para comprar un auto? \u00bfBuscas opciones de financiamiento? \u00bfO quiz\u00e1s quieres reducir tus pagos mensuales? No importa el motivo. Te tenemos cubierto.<\/p>\t\t\t\t\t<\/div>\n\t\t\t\t\t\t\t\t\t<\/div>\n\t\t\t<\/div>\n\t\t<\/div>\n\t<\/header>\n<\/div><\/div>\n\n<div class=\"co-flex_row co-flex_row__white co-flex_row__page-intro\" ><div class=\"co-flex_row--row co-row\">\t<div class=\"co-page_intro\">\n\t\t<div class=\"co-page_intro--desc text-component\"><p>Nuestros pr\u00e9stamos para autom\u00f3viles est\u00e1n disponibles para todos los que viven, trabajan, practican un culto o asisten a la escuela en los condados de Kitsap, Mason, Jefferson, Clallam o Grays Harbor en el estado de Washington, y para los familiares de los miembros actuales de la Pen\u00ednsula.<\/p>\n<\/div>\t<\/div>\n<\/div><\/div>\n\n<div class=\"co-flex_row co-flex_row__white co-flex_row__last co-flex_row__columns\" ><div class=\"co-flex_row--row co-row\">\t<div class=\"co-columns\">\n\t\t\t\t<header class=\"co-intro_text has_intro\">\n\t\t\t<h2 class=\"co-intro_text--title\">\u00bfListo para emprender el viaje?<\/h2><div class=\"co-intro_text--intro text-component\"><p>No importa tu cr\u00e9dito, tenemos opciones para satisfacer tus necesidades.<\/p>\n<\/div>\t\t<\/header>\n\t\t\t\t\t<div class=\"co-columns--row prow prow-md:2 prow-lg:3 co-columns--row__images justify-center\">\n\t\t\t\t\t\t\t\t\t<div class=\"co-columns--box\">\n\t\t\t\t\t\t<img loading=\"lazy\" decoding=\"async\" width=\"556\" height=\"360\" src=\"https:\/\/www.pcfcu.org\/files\/Peninsula-Family-Photo.jpeg\" class=\"co-columns--box_image\" alt=\"comprar un veh\u00edculo\" srcset=\"https:\/\/www.pcfcu.org\/files\/Peninsula-Family-Photo.jpeg 556w, https:\/\/www.pcfcu.org\/files\/Peninsula-Family-Photo-540x350.jpeg 540w, https:\/\/www.pcfcu.org\/files\/Peninsula-Family-Photo-396x256.jpeg 396w, https:\/\/www.pcfcu.org\/files\/Peninsula-Family-Photo-75x49.jpeg 75w\" sizes=\"auto, (max-width: 556px) 100vw, 556px\" \/><h3 class=\"co-columns--box_headline\" >Comprar un veh\u00edculo<\/h3><div class=\"co-columns--box_desc text-component\"><p>Comience su b\u00fasqueda en l\u00ednea y deje que nuestros socios lo ayuden a encontrar el veh\u00edculo perfecto a un precio perfecto.<\/p>\n<\/div><div class=\"co-columns--box_button\"><a class=\"co-columns--button co-button gtm-button\" href=\"https:\/\/www.pcfcu.org\/es\/prestamos-para-automoviles\/encuentra-tu-vehiculo\/\"  >Empezar a comprar<\/a><\/div>\t\t\t\t\t<\/div>\n\t\t\t\t\t\t\t\t\t<div class=\"co-columns--box\">\n\t\t\t\t\t\t<img loading=\"lazy\" decoding=\"async\" width=\"556\" height=\"360\" src=\"https:\/\/www.pcfcu.org\/files\/Woman-in-car-on-mountain.jpeg\" class=\"co-columns--box_image\" alt=\"financia tu veh\u00edculo\" srcset=\"https:\/\/www.pcfcu.org\/files\/Woman-in-car-on-mountain.jpeg 556w, https:\/\/www.pcfcu.org\/files\/Woman-in-car-on-mountain-540x350.jpeg 540w, https:\/\/www.pcfcu.org\/files\/Woman-in-car-on-mountain-396x256.jpeg 396w, https:\/\/www.pcfcu.org\/files\/Woman-in-car-on-mountain-75x49.jpeg 75w\" sizes=\"auto, (max-width: 556px) 100vw, 556px\" \/><h3 class=\"co-columns--box_headline\" >Financia tu veh\u00edculo<\/h3><div class=\"co-columns--box_desc text-component\"><p>Ya sea que compre a un particular o a un concesionario, podemos conectarlo con un pr\u00e9stamo asequible.<\/p>\n<\/div><div class=\"co-columns--box_button\"><a class=\"co-columns--button co-button gtm-button\" href=\"https:\/\/www.pcfcu.org\/es\/prestamos-para-automoviles\/finanzas\/\"  >Obtenga m\u00e1s informaci\u00f3n y post\u00falese<\/a><\/div>\t\t\t\t\t<\/div>\n\t\t\t\t\t\t\t\t\t<div class=\"co-columns--box\">\n\t\t\t\t\t\t<img loading=\"lazy\" decoding=\"async\" width=\"556\" height=\"360\" src=\"https:\/\/www.pcfcu.org\/files\/Woman-happy-in-car.jpg\" class=\"co-columns--box_image\" alt=\"refinanciar su pr\u00e9stamo\" srcset=\"https:\/\/www.pcfcu.org\/files\/Woman-happy-in-car.jpg 556w, https:\/\/www.pcfcu.org\/files\/Woman-happy-in-car-540x350.jpg 540w, https:\/\/www.pcfcu.org\/files\/Woman-happy-in-car-396x256.jpg 396w, https:\/\/www.pcfcu.org\/files\/Woman-happy-in-car-75x49.jpg 75w\" sizes=\"auto, (max-width: 556px) 100vw, 556px\" \/><h3 class=\"co-columns--box_headline\" >Refinanciar su pr\u00e9stamo<\/h3><div class=\"co-columns--box_desc text-component\"><p>Si tiene un pr\u00e9stamo para veh\u00edculo existente, es posible que pueda ahorrar dinero al refinanciarlo con nosotros a una tasa de inter\u00e9s m\u00e1s baja.<\/p>\n<\/div><div class=\"co-columns--box_button\"><a class=\"co-columns--button co-button gtm-button\" href=\"https:\/\/www.pcfcu.org\/es\/prestamos-para-automoviles\/refinanciar\/\"  >Explorar opciones de refinanciamiento<\/a><\/div>\t\t\t\t\t<\/div>\n\t\t\t\t\t\t\t<\/div>\n\t\t\t\t<\/div>\n<\/div><\/div>","protected":false},"excerpt":{"rendered":"","protected":false},"author":10,"featured_media":0,"parent":0,"menu_order":0,"comment_status":"closed","ping_status":"closed","template":"","meta":{"_acf_changed":false,"footnotes":""},"class_list":["post-2556","page","type-page","status-publish","hentry"],"acf":[],"yoast_head":"<!-- This site is optimized with the Yoast SEO plugin v27.2 - https:\/\/yoast.com\/product\/yoast-seo-wordpress\/ -->\n<title>Auto Loans - Peninsula CU<\/title>\n<meta name=\"robots\" content=\"index, follow, max-snippet:-1, max-image-preview:large, max-video-preview:-1\" \/>\n<link rel=\"canonical\" href=\"https:\/\/www.pcfcu.org\/es\/prestamos-para-automoviles\/\" \/>\n<meta property=\"og:locale\" content=\"es_ES\" \/>\n<meta property=\"og:type\" content=\"article\" \/>\n<meta property=\"og:title\" content=\"Auto Loans - Peninsula CU\" \/>\n<meta property=\"og:url\" content=\"https:\/\/www.pcfcu.org\/es\/prestamos-para-automoviles\/\" \/>\n<meta property=\"og:site_name\" content=\"Peninsula CU\" \/>\n<meta property=\"article:publisher\" content=\"https:\/\/www.facebook.com\/PeninsulaCreditUnion\" \/>\n<meta property=\"article:modified_time\" content=\"2025-06-04T20:14:49+00:00\" \/>\n<meta name=\"twitter:card\" content=\"summary_large_image\" \/>\n<meta name=\"twitter:site\" content=\"@pcfcuwa\" \/>\n<script type=\"application\/ld+json\" class=\"yoast-schema-graph\">{\"@context\":\"https:\/\/schema.org\",\"@graph\":[{\"@type\":\"WebPage\",\"@id\":\"https:\/\/www.pcfcu.org\/es\/auto-loans\/\",\"url\":\"https:\/\/www.pcfcu.org\/es\/auto-loans\/\",\"name\":\"Auto Loans - Peninsula CU\",\"isPartOf\":{\"@id\":\"https:\/\/www.pcfcu.org\/#website\"},\"datePublished\":\"2025-03-12T00:43:06+00:00\",\"dateModified\":\"2025-06-04T20:14:49+00:00\",\"breadcrumb\":{\"@id\":\"https:\/\/www.pcfcu.org\/es\/auto-loans\/#breadcrumb\"},\"inLanguage\":\"es-ES\",\"potentialAction\":[{\"@type\":\"ReadAction\",\"target\":[\"https:\/\/www.pcfcu.org\/es\/auto-loans\/\"]}]},{\"@type\":\"BreadcrumbList\",\"@id\":\"https:\/\/www.pcfcu.org\/es\/auto-loans\/#breadcrumb\",\"itemListElement\":[{\"@type\":\"ListItem\",\"position\":1,\"name\":\"Home\",\"item\":\"https:\/\/www.pcfcu.org\/\"},{\"@type\":\"ListItem\",\"position\":2,\"name\":\"Auto Loans\"}]},{\"@type\":\"WebSite\",\"@id\":\"https:\/\/www.pcfcu.org\/#website\",\"url\":\"https:\/\/www.pcfcu.org\/\",\"name\":\"Peninsula CU\",\"description\":\"Our Priority is You\",\"publisher\":{\"@id\":\"https:\/\/www.pcfcu.org\/#organization\"},\"potentialAction\":[{\"@type\":\"SearchAction\",\"target\":{\"@type\":\"EntryPoint\",\"urlTemplate\":\"https:\/\/www.pcfcu.org\/?s={search_term_string}\"},\"query-input\":{\"@type\":\"PropertyValueSpecification\",\"valueRequired\":true,\"valueName\":\"search_term_string\"}}],\"inLanguage\":\"es-ES\"},{\"@type\":\"Organization\",\"@id\":\"https:\/\/www.pcfcu.org\/#organization\",\"name\":\"Peninsula CU\",\"url\":\"https:\/\/www.pcfcu.org\/\",\"logo\":{\"@type\":\"ImageObject\",\"inLanguage\":\"es-ES\",\"@id\":\"https:\/\/www.pcfcu.org\/#\/schema\/logo\/image\/\",\"url\":\"https:\/\/www.pcfcu.org\/files\/Screenshot-2025-09-19-at-3.54.32-PM.jpg\",\"contentUrl\":\"https:\/\/www.pcfcu.org\/files\/Screenshot-2025-09-19-at-3.54.32-PM.jpg\",\"width\":386,\"height\":286,\"caption\":\"Peninsula CU\"},\"image\":{\"@id\":\"https:\/\/www.pcfcu.org\/#\/schema\/logo\/image\/\"},\"sameAs\":[\"https:\/\/www.facebook.com\/PeninsulaCreditUnion\",\"https:\/\/x.com\/pcfcuwa\"]}]}<\/script>\n<!-- \/ Yoast SEO plugin. -->","yoast_head_json":{"title":"Pr\u00e9stamos para autom\u00f3viles - Peninsula CU","robots":{"index":"index","follow":"follow","max-snippet":"max-snippet:-1","max-image-preview":"max-image-preview:large","max-video-preview":"max-video-preview:-1"},"canonical":"https:\/\/www.pcfcu.org\/es\/prestamos-para-automoviles\/","og_locale":"es_ES","og_type":"article","og_title":"Auto Loans - Peninsula CU","og_url":"https:\/\/www.pcfcu.org\/es\/prestamos-para-automoviles\/","og_site_name":"Peninsula CU","article_publisher":"https:\/\/www.facebook.com\/PeninsulaCreditUnion","article_modified_time":"2025-06-04T20:14:49+00:00","twitter_card":"summary_large_image","twitter_site":"@pcfcuwa","schema":{"@context":"https:\/\/schema.org","@graph":[{"@type":"WebPage","@id":"https:\/\/www.pcfcu.org\/es\/auto-loans\/","url":"https:\/\/www.pcfcu.org\/es\/auto-loans\/","name":"Pr\u00e9stamos para autom\u00f3viles - Peninsula CU","isPartOf":{"@id":"https:\/\/www.pcfcu.org\/#website"},"datePublished":"2025-03-12T00:43:06+00:00","dateModified":"2025-06-04T20:14:49+00:00","breadcrumb":{"@id":"https:\/\/www.pcfcu.org\/es\/auto-loans\/#breadcrumb"},"inLanguage":"es-ES","potentialAction":[{"@type":"ReadAction","target":["https:\/\/www.pcfcu.org\/es\/auto-loans\/"]}]},{"@type":"BreadcrumbList","@id":"https:\/\/www.pcfcu.org\/es\/auto-loans\/#breadcrumb","itemListElement":[{"@type":"ListItem","position":1,"name":"Home","item":"https:\/\/www.pcfcu.org\/"},{"@type":"ListItem","position":2,"name":"Auto Loans"}]},{"@type":"WebSite","@id":"https:\/\/www.pcfcu.org\/#website","url":"https:\/\/www.pcfcu.org\/","name":"Pen\u00ednsula CU","description":"Nuestra prioridad eres t\u00fa","publisher":{"@id":"https:\/\/www.pcfcu.org\/#organization"},"potentialAction":[{"@type":"SearchAction","target":{"@type":"EntryPoint","urlTemplate":"https:\/\/www.pcfcu.org\/?s={search_term_string}"},"query-input":{"@type":"PropertyValueSpecification","valueRequired":true,"valueName":"search_term_string"}}],"inLanguage":"es-ES"},{"@type":"Organization","@id":"https:\/\/www.pcfcu.org\/#organization","name":"Pen\u00ednsula CU","url":"https:\/\/www.pcfcu.org\/","logo":{"@type":"ImageObject","inLanguage":"es-ES","@id":"https:\/\/www.pcfcu.org\/#\/schema\/logo\/image\/","url":"https:\/\/www.pcfcu.org\/files\/Screenshot-2025-09-19-at-3.54.32-PM.jpg","contentUrl":"https:\/\/www.pcfcu.org\/files\/Screenshot-2025-09-19-at-3.54.32-PM.jpg","width":386,"height":286,"caption":"Peninsula CU"},"image":{"@id":"https:\/\/www.pcfcu.org\/#\/schema\/logo\/image\/"},"sameAs":["https:\/\/www.facebook.com\/PeninsulaCreditUnion","https:\/\/x.com\/pcfcuwa"]}]}},"_links":{"self":[{"href":"https:\/\/www.pcfcu.org\/es\/wp-json\/wp\/v2\/pages\/2556","targetHints":{"allow":["GET"]}}],"collection":[{"href":"https:\/\/www.pcfcu.org\/es\/wp-json\/wp\/v2\/pages"}],"about":[{"href":"https:\/\/www.pcfcu.org\/es\/wp-json\/wp\/v2\/types\/page"}],"author":[{"embeddable":true,"href":"https:\/\/www.pcfcu.org\/es\/wp-json\/wp\/v2\/users\/10"}],"replies":[{"embeddable":true,"href":"https:\/\/www.pcfcu.org\/es\/wp-json\/wp\/v2\/comments?post=2556"}],"version-history":[{"count":4,"href":"https:\/\/www.pcfcu.org\/es\/wp-json\/wp\/v2\/pages\/2556\/revisions"}],"predecessor-version":[{"id":3725,"href":"https:\/\/www.pcfcu.org\/es\/wp-json\/wp\/v2\/pages\/2556\/revisions\/3725"}],"wp:attachment":[{"href":"https:\/\/www.pcfcu.org\/es\/wp-json\/wp\/v2\/media?parent=2556"}],"curies":[{"name":"wp","href":"https:\/\/api.w.org\/{rel}","templated":true}]}}