{"id":2557,"date":"2025-03-11T17:43:06","date_gmt":"2025-03-12T00:43:06","guid":{"rendered":"https:\/\/www.pcfcu.org\/auto-loans\/find-your-vehicle\/"},"modified":"2025-07-18T18:42:32","modified_gmt":"2025-07-19T01:42:32","slug":"encuentra-tu-vehiculo","status":"publish","type":"page","link":"https:\/\/www.pcfcu.org\/es\/prestamos-para-automoviles\/encuentra-tu-vehiculo\/","title":{"rendered":"Encuentra tu veh\u00edculo"},"content":{"rendered":"<div class=\"co-flex_row co-flex_row__white co-flex_row__page-hero\" ><div class=\"co-flex_row--row co-row\"><div class=\"co-breadcrumbs\"><ol><li class=\"co-breadcrumbs--item\"><a href=\"https:\/\/www.pcfcu.org\/es\/prestamos-para-automoviles\/\">Pr\u00e9stamos para autom\u00f3viles<\/a><svg class=\"icon-svg\" aria-hidden=\"true\" viewbox=\"0 0 16 16\">\n\t\t\t\t<polyline fill=\"none\" stroke=\"currentColor\" stroke-width=\"1\" stroke-linecap=\"round\" stroke-linejoin=\"round\" stroke-miterlimit=\"10\" points=\"6.5,3.5 11,8 6.5,12.5\"><\/polyline>\n\t\t\t<\/svg><\/li><li class=\"co-breadcrumbs--item current\">Encuentra tu veh\u00edculo<\/li><\/ol><\/div>\t<header class=\"co-page_hero  co-page_hero__has_image display-img-desktop display-img-mobile\" aria-label=\"Encabezado: ENCUENTRA TU VEH\u00cdCULO\">\n\t\t<div class=\"co-page_hero--inner\">\n\t\t\t<div class=\"prow gap:5\">\n\t\t\t\t\t\t\t\t\t<div class=\"co-page_hero--img_wrap pcol-lg:6\">\n\t\t\t\t\t\t<img loading=\"lazy\" decoding=\"async\" width=\"556\" height=\"360\" src=\"https:\/\/www.pcfcu.org\/files\/Peninsula-Family-Photo.jpeg\" class=\"co-page_hero--img\" alt=\"comprar un veh\u00edculo\" srcset=\"https:\/\/www.pcfcu.org\/files\/Peninsula-Family-Photo.jpeg 556w, https:\/\/www.pcfcu.org\/files\/Peninsula-Family-Photo-540x350.jpeg 540w, https:\/\/www.pcfcu.org\/files\/Peninsula-Family-Photo-396x256.jpeg 396w, https:\/\/www.pcfcu.org\/files\/Peninsula-Family-Photo-75x49.jpeg 75w\" sizes=\"auto, (max-width: 556px) 100vw, 556px\" \/>\t\t\t\t\t<\/div>\n\t\t\t\t\t\t\t\t<div class=\"co-page_hero--text pcol-lg:6\">\n\t\t\t\t\t\t\t\t\t\t<div class=\"co-page_hero--text_inner\">\n\t\t\t\t\t\t\t\t\t\t\t\t<h1 class=\"co-page_hero--title\">\n\t\t\t\t\t\t\tENCUENTRA TU VEH\u00cdCULO\t\t\t\t\t\t<\/h1>\n\t\t\t\t\t\t<p class=\"co-page_hero--tagline\">Cuando compra en un concesionario, podemos ayudarle a comprar con confianza.<\/p>\t\t\t\t\t\t\t<div class=\"co-page_hero--buttons\">\n\t\t\t\t\t\t\t\t<a class=\"co-page_hero--button gtm-button\" href=\"https:\/\/www.pcfcu.org\/es\/prestamos-para-automoviles\/encuentra-tu-vehiculo\/#shop\"  >Empezar<\/a>\t\t\t\t\t\t\t<\/div>\n\t\t\t\t\t\t\t\t\t\t\t\t<\/div>\n\t\t\t\t\t\t\t\t\t<\/div>\n\t\t\t<\/div>\n\t\t<\/div>\n\t<\/header>\n<\/div><\/div>\n\n<div class=\"co-flex_row co-flex_row__white co-flex_row__page-intro\" ><div class=\"co-flex_row--row co-row\">\t<div class=\"co-page_intro\">\n\t\t<div class=\"co-page_intro--desc text-component\"><p>Comprar un auto puede ser estresante, pero no tiene por qu\u00e9 serlo. Nuestros socios pueden ayudarte a encontrar el veh\u00edculo perfecto al precio ideal.<\/p>\n<\/div>\t<\/div>\n<\/div><\/div>\n\n<div class=\"co-flex_row co-flex_row__white co-flex_row__columns\" ><div class=\"co-flex_row--row co-row\">\t<div class=\"co-columns\">\n\t\t\t\t\t<div class=\"co-columns--row prow prow-md:2 prow-lg:3 co-columns--row__no_media justify-center\">\n\t\t\t\t\t\t\t\t\t<div class=\"co-columns--box\">\n\t\t\t\t\t\t<h2 class=\"co-columns--box_headline\" >Compra a tu manera<\/h2><div class=\"co-columns--box_desc text-component\"><p>Hacemos que sea f\u00e1cil encontrar y financiar un autom\u00f3vil nuevo en un concesionario o comprar un veh\u00edculo usado a un particular.<\/p>\n<\/div>\t\t\t\t\t<\/div>\n\t\t\t\t\t\t\t\t\t<div class=\"co-columns--box\">\n\t\t\t\t\t\t<h2 class=\"co-columns--box_headline\" >Obtenga una aprobaci\u00f3n previa antes de comprar<\/h2><div class=\"co-columns--box_desc text-component\"><p>Una preaprobaci\u00f3n de Peninsula le permite negociar como si tuviera efectivo y tiene 45 d\u00edas para comprar.<\/p>\n<\/div>\t\t\t\t\t<\/div>\n\t\t\t\t\t\t\t\t\t<div class=\"co-columns--box\">\n\t\t\t\t\t\t<h2 class=\"co-columns--box_headline\" >Hazlo en casa<\/h2><div class=\"co-columns--box_desc text-component\"><p>No hay necesidad de andar por la ciudad. \u00a1Podemos ayudarte a comprar, comparar, seleccionar y negociar desde la comodidad de tu casa!<\/p>\n<\/div>\t\t\t\t\t<\/div>\n\t\t\t\t\t\t\t<\/div>\n\t\t\t\t<\/div>\n<\/div><\/div>\n\n<div class=\"co-flex_row co-flex_row__white co-flex_row__auto-loan-calculator\" ><div class=\"co-flex_row--row co-row\">\t\t<header class=\"co-intro_text has_intro\">\n\t\t\t<h2 class=\"co-intro_text--title\">Calcule el pago mensual de su pr\u00e9stamo vehicular<\/h2><div class=\"co-intro_text--intro text-component\"><p>Ingrese un monto total del pr\u00e9stamo en esta calculadora de pr\u00e9stamos para autom\u00f3viles, camiones y motocicletas para estimar su pago mensual.<\/p>\n<\/div>\t\t<\/header>\n\t\t\t<div class=\"co-pix_calc--wrapper\">\n\t\t<div\n\t\t\tclass=\"js-calc_wrapper co-pix_calc\"\n\t\t\tdata-name=\"acf\/auto-loan-calculator\"\n\t\t\t\t\t\t\tdata-tool_tips='{&quot;tt_borrowed_amount&quot;:&quot;Enter the total dollar amount you would like to borrow (typically, the purchase price of the vehicle).&quot;,&quot;tt_down_payment&quot;:&quot;Enter the amount of money you plan to pay towards your vehicle at the time of purchase.&quot;,&quot;tt_loan_term&quot;:&quot;This is the time period for which you will make monthly payments on the amount you borrow. Adjust the available terms to determine which monthly payment works best for you.&quot;}'\n\t\t\t\t\t\t\tdata-down_payment='{&quot;default&quot;:&quot;3000&quot;,&quot;minimum&quot;:&quot;0&quot;,&quot;maximum&quot;:&quot;200000&quot;,&quot;error_message&quot;:&quot;Please enter a total down payment between $0 and $200000. These are the minimum and maximum down payment amounts we&#039;ll allow you to make for this loan.&quot;}'\n\t\t\t\t\t\t\tdata-borrowed_amount='{&quot;default&quot;:&quot;29000&quot;,&quot;minimum&quot;:&quot;1000&quot;,&quot;maximum&quot;:&quot;200000&quot;,&quot;error_message&quot;:&quot;Please enter a total borrowed amount between $1000 and $200000. These are the minimum and maximum amounts we&#039;ll allow you to borrow for this loan.&quot;}'\n\t\t\t\t\t\t\tdata-term_unit='&quot;months&quot;'\n\t\t\t\t\t\t\tdata-term_options='[{&quot;label&quot;:&quot;60&quot;,&quot;value&quot;:&quot;6.05--\\\/--60&quot;},{&quot;label&quot;:&quot;72&quot;,&quot;value&quot;:&quot;6.25--\\\/--72&quot;},{&quot;label&quot;:&quot;84&quot;,&quot;value&quot;:&quot;6.85--\\\/--84&quot;}]'\n\t\t\t\t\t\t\tdata-term_options_default='{&quot;label&quot;:&quot;72&quot;,&quot;value&quot;:&quot;6.25--\\\/--72&quot;}'\n\t\t\t\t\t\t\tdata-cta='&quot;&quot;'\n\t\t\t\t\t>\n\t\t<\/div>\n\t\t<div class=\"co-pix_calc--disclosures\">\n\t\t\t<p>TAE = Tasa de Porcentaje Anual (TAE). Los pagos calculados se muestran solo como una estimaci\u00f3n. El monto real del pago del pr\u00e9stamo se informar\u00e1 al cierre del mismo y puede variar. Su tasa y plazo reales se determinar\u00e1n seg\u00fan el monto del pr\u00e9stamo y la gesti\u00f3n de su cr\u00e9dito. Las tasas actuales est\u00e1n disponibles aqu\u00ed y est\u00e1n sujetas a cambios sin previo aviso, excepto para pr\u00e9stamos vigentes y aquellos con tasas variables.<\/p>\n\t\t<\/div>\n\t<\/div>\n<\/div><\/div>\n\n<div class=\"co-flex_row co-flex_row__white co-flex_row__testimonial\" ><div class=\"co-flex_row--row co-row\">\t<div class=\"co-testis co-testis__no_image co-testis__brown has_intro\">\n\t\t\t\t<header class=\"co-intro_text\">\n\t\t\t<h2 class=\"co-intro_text--title\">Eleg\u00ed el tipo de coche que quer\u00eda.<\/h2>\t\t<\/header>\n\t\t\t\t<div class=\"co-testi gap-y-lg:0 co-testi__no_image\">\n\t\t\t\t\t\t\t<img\n\t\t\t\t\tclass=\"co-testi--wood_image\"\n\t\t\t\t\tsrc=\"https:\/\/www.pcfcu.org\/wp-content\/themes\/peninsula-theme\/images\/wood-background.png\"\n\t\t\t\t\talt=\"madera\"\n\t\t\t\t\twidth=\"481\"\n\t\t\t\t\theight=\"475\"\n\t\t\t\t\tloading=\"lazy\"\n\t\t\t\t>\n\t\t\t\t\t\t\t\t\t<blockquote class=\"co-testi--quote co-testi--quote__center\">\n\t\t\t\t<div class=\"co-testi--quote_text text-component\">\n\t\t\t\t\t<p>Por primera vez en mi vida, eleg\u00ed el tipo de auto que quer\u00eda. Antes, iba a un concesionario que me cobraba demasiado y me dec\u00edan cu\u00e1nto pod\u00eda permitirme. Con la ayuda de Peninsula, eleg\u00ed mi propio auto.<\/p>\n\t\t\t\t<\/div>\n\t\t\t\t<cite class=\"co-testi--attr\">\n\t\t\t\t\tEnero, Port Orchard\t\t\t\t<\/cite>\n\t\t\t<\/blockquote>\n\t\t<\/div>\n\t<\/div>\n<\/div><\/div>\n\n<div class=\"co-flex_row co-flex_row__white co-flex_row__long-form-text\" ><div class=\"co-flex_row--row co-row\">\t<div class=\"co-long_form\">\n\t\t\t\t\t<div class=\"co-long_form--block prow items-center\">\n\t\t\t\t<div class=\"co-long_form--text pcol-md:7\">\n\t\t\t\t\t<h2 class=\"co-long_form--headline\" >Comprar a un distribuidor<\/h2><div class=\"co-long_form--content text-component\"><p>\u00bfTe has decidido por una marca o modelo en particular? Perm\u00edtenos ayudarte a encontrar la mejor oferta. Investiga tus opciones, encuentra y compara precios de concesionarios cercanos y solicita financiaci\u00f3n, \u00a1todo en un mismo lugar!<\/p>\n<\/div><a class=\"co-long_form--button co-button gtm-button\" href=\"https:\/\/www.pcfcu.org\/es\/speed-bump\/?url=https%3A%2F%2Fpcfcu.cudlautosmart.com%2F&#038;prev=https%3A%2F%2Fwww.pcfcu.org%2Fes%2Fprestamos-para-automoviles%2Fencuentra-tu-vehiculo%2F\" target=\"_blank\" >Comienza tu b\u00fasqueda<\/a>\t\t\t\t<\/div>\n\t\t\t\t\t\t\t\t\t<div class=\"co-long_form--media pcol-md:5\">\n\t\t\t\t\t\t<img loading=\"lazy\" decoding=\"async\" width=\"475\" height=\"300\" src=\"https:\/\/www.pcfcu.org\/files\/Car-dealership.jpeg\" class=\"co-long_form--image\" alt=\"Cliente en concesionario de autom\u00f3viles\" srcset=\"https:\/\/www.pcfcu.org\/files\/Car-dealership.jpeg 475w, https:\/\/www.pcfcu.org\/files\/Car-dealership-18x12.jpeg 18w, https:\/\/www.pcfcu.org\/files\/Car-dealership-396x250.jpeg 396w, https:\/\/www.pcfcu.org\/files\/Car-dealership-75x47.jpeg 75w\" sizes=\"auto, (max-width: 475px) 100vw, 475px\" \/>\t\t\t\t\t<\/div>\n\t\t\t\t\t\t\t<\/div>\n\t\t\t\t\t\t<div class=\"co-long_form--block prow items-center\">\n\t\t\t\t<div class=\"co-long_form--text pcol-md:7\">\n\t\t\t\t\t<h2 class=\"co-long_form--headline\" >Obtenga ayuda para comprar, seleccionar y negociar<\/h2><div class=\"co-long_form--content text-component\"><p>Auto Solution es un servicio exclusivo para socios de cooperativas de cr\u00e9dito. Facilitan la compra de un auto, haciendo la b\u00fasqueda, la evaluaci\u00f3n y la negociaci\u00f3n por usted.<\/p>\n<p>Visita el <a href=\"http:\/\/cuautosolution.com\/\">Sitio web de Auto Solution<\/a> Para obtener m\u00e1s informaci\u00f3n o llamar a uno de sus representantes:<\/p>\n<p>Bellevue\u2014<strong>800.935.2886<\/strong><br \/>\nPortland\u2014<strong>800.207.2429<\/strong><br \/>\nEdmonds\u2014<strong>800.635.9717<\/strong><\/p>\n<\/div>\t\t\t\t<\/div>\n\t\t\t\t\t\t\t\t\t<div class=\"co-long_form--media pcol-md:5\">\n\t\t\t\t\t\t<img loading=\"lazy\" decoding=\"async\" width=\"475\" height=\"300\" src=\"https:\/\/www.pcfcu.org\/files\/Man-on-phone.jpeg\" class=\"co-long_form--image\" alt=\"Hombre hablando por tel\u00e9fono\" srcset=\"https:\/\/www.pcfcu.org\/files\/Man-on-phone.jpeg 475w, https:\/\/www.pcfcu.org\/files\/Man-on-phone-18x12.jpeg 18w, https:\/\/www.pcfcu.org\/files\/Man-on-phone-396x250.jpeg 396w, https:\/\/www.pcfcu.org\/files\/Man-on-phone-75x47.jpeg 75w\" sizes=\"auto, (max-width: 475px) 100vw, 475px\" \/>\t\t\t\t\t<\/div>\n\t\t\t\t\t\t\t<\/div>\n\t\t\t\t\t\t<div class=\"co-long_form--block prow items-center\">\n\t\t\t\t<div class=\"co-long_form--text pcol-md:7\">\n\t\t\t\t\t<h2 class=\"co-long_form--headline\" >Estimador de MPG<\/h2><div class=\"co-long_form--content text-component\"><p>No olvides que un factor financiero importante al tener un auto es la gasolina. La eficiencia de combustible se mide en millas por gal\u00f3n (MPG) por la Agencia de Protecci\u00f3n Ambiental de EE. UU. (EPA). Cuanto mayor sea el MPG, m\u00e1s eficiente y econ\u00f3mico ser\u00e1 tu auto.<\/p>\n<p>Aqu\u00ed tienes una herramienta interactiva y pr\u00e1ctica para calcular el MPG de tu futuro veh\u00edculo y ver cu\u00e1nto puedes esperar gastar (\u00a1o ahorrar!) en gasolina por a\u00f1o.<\/p>\n<\/div><a class=\"co-long_form--button co-button gtm-button\" href=\"https:\/\/www.pcfcu.org\/es\/speed-bump\/?url=https%3A%2F%2Fwww.fueleconomy.gov%2Ffeg%2Ffindacar.shtml&#038;prev=https%3A%2F%2Fwww.pcfcu.org%2Fes%2Fprestamos-para-automoviles%2Fencuentra-tu-vehiculo%2F\"  >Comprobar el consumo de combustible<\/a>\t\t\t\t<\/div>\n\t\t\t\t\t\t\t\t\t<div class=\"co-long_form--media pcol-md:5\">\n\t\t\t\t\t\t<img loading=\"lazy\" decoding=\"async\" width=\"540\" height=\"350\" src=\"https:\/\/www.pcfcu.org\/files\/hero_emergency_funds@15x-1-540x350.jpg\" class=\"co-long_form--image\" alt=\"Mujer mirando debajo del cap\u00f3 de su coche\" srcset=\"https:\/\/www.pcfcu.org\/files\/hero_emergency_funds@15x-1-540x350.jpg 540w, https:\/\/www.pcfcu.org\/files\/hero_emergency_funds@15x-1-730x473.jpg 730w, https:\/\/www.pcfcu.org\/files\/hero_emergency_funds@15x-1-768x497.jpg 768w, https:\/\/www.pcfcu.org\/files\/hero_emergency_funds@15x-1-18x12.jpg 18w, https:\/\/www.pcfcu.org\/files\/hero_emergency_funds@15x-1-396x256.jpg 396w, https:\/\/www.pcfcu.org\/files\/hero_emergency_funds@15x-1-75x49.jpg 75w, https:\/\/www.pcfcu.org\/files\/hero_emergency_funds@15x-1.jpg 834w\" sizes=\"auto, (max-width: 540px) 100vw, 540px\" \/>\t\t\t\t\t<\/div>\n\t\t\t\t\t\t\t<\/div>\n\t\t\t\t<\/div>\n<\/div><\/div>\n\n<div class=\"co-flex_row co-flex_row__white co-flex_row__header-keyline\" ><div class=\"co-flex_row--row co-row\"><div class=\"co-header_keyline\">\n\t<div class=\"co-header_keyline--headline\">Preguntas frecuentes<\/div><\/div>\n<\/div><\/div>\n\n<div class=\"co-flex_row co-flex_row__white co-flex_row__faqs\" ><div class=\"co-flex_row--row co-row\">\t<section class=\"co-accords_section\" aria-label=\"\">\n\t\t\t\t<div class=\"co-accordion\" data-animation=\"on\" data-multi-items=\"on\">\n\t\t\t\t\t\t\t<div class=\"co-accordion--item\">\n\t\t\t\t\t<button\n\t\t\t\t\t\t\t\t\t\t\t\t\tdata-accordid=\"2991\"\n\t\t\t\t\t\t\t\t\t\t\t\tclass=\"co-accordion--header\t\t\t\t\t\t\tjs-accord_toggle\t\t\t\t\t\t\tclosed\"\n\t\t\t\t\t>\n\t\t\t\t\t\t<svg class=\"co-accordion--icon no-js:is-hidden\" viewbox=\"0 0 20 20\"><g class=\"icon__group\" fill=\"none\" stroke=\"currentColor\" stroke-linecap=\"round\" stroke-linejoin=\"round\"><line x1=\"3\" y1=\"3\" x2=\"17\" y2=\"17\"><\/line><line x1=\"17\" y1=\"3\" x2=\"3\" y2=\"17\"><\/line><\/g><\/svg>\n\t\t\t\t\t\t\u00bfCual sera mi costo?\t\t\t\t\t<\/button>\n\t\t\t\t\t<div class=\"co-accordion--panel\t\t\t\t\t\tjs-accord_content\t\t\t\t\t\ttext-component\">\n\t\t\t\t\t\t<p>Compru\u00e9balo aqu\u00ed <a href=\"https:\/\/pcfcu.balancepro.org\/resources\/calculators\/car-loan-calculator\">https:\/\/pcfcu.balancepro.org\/resources\/calculators\/car-loan-calculator<\/a><\/p>\n\t\t\t\t\t<\/div>\n\t\t\t\t<\/div>\n\t\t\t\t\t<\/div>\n\t\t\t<\/section>\n<\/div><\/div>\n\n<div class=\"co-flex_row co-flex_row__white co-flex_row__multi-path-cta\" id=\"shop\"><div class=\"co-flex_row--row co-row\">\t<div class=\"co-mp_ctas\">\n\t\t\t\t<header class=\"co-intro_text\">\n\t\t\t<h2 class=\"co-intro_text--title\">\u00bfListo para comenzar a comprar?<\/h2>\t\t<\/header>\n\t\t\t\t<div class=\"co-mp_ctas--list prow justify-center\">\n\t\t\t\t\t\t\t\t\t\t\t<div class=\"co-mp_cta pcol-lg:4\">\n\t\t\t\t\t<div class=\"co-mp_cta--title\">\n\t\t\t\t\t\tUTILICE NUESTRO SERVICIO DE COMPRA DE VEH\u00cdCULOS\t\t\t\t\t<\/div>\n\t\t\t\t\t<a class=\"co-mp_cta--link gtm-button\" href=\"https:\/\/www.pcfcu.org\/es\/speed-bump\/?url=http%3A%2F%2Fcuautosolution.com%2F&#038;prev=https%3A%2F%2Fwww.pcfcu.org%2Fes%2Fprestamos-para-automoviles%2Fencuentra-tu-vehiculo%2F\" target=\"_blank\" >Visita Auto Solution<\/a>\t\t\t\t<\/div>\n\t\t\t\t\t\t\t\t\t\t\t<div class=\"co-mp_cta pcol-lg:4\">\n\t\t\t\t\t<div class=\"co-mp_cta--title\">\n\t\t\t\t\t\tBUSCAR DISTRIBUIDORES CERCANOS\t\t\t\t\t<\/div>\n\t\t\t\t\t<a class=\"co-mp_cta--link gtm-button\" href=\"https:\/\/www.pcfcu.org\/es\/speed-bump\/?url=https%3A%2F%2Fpcfcu.cudlautosmart.com%2F&#038;prev=https%3A%2F%2Fwww.pcfcu.org%2Fes%2Fprestamos-para-automoviles%2Fencuentra-tu-vehiculo%2F\"  >Empezar<\/a>\t\t\t\t<\/div>\n\t\t\t\t\t\t\t\t\t\t\t<div class=\"co-mp_cta pcol-lg:4\">\n\t\t\t\t\t<div class=\"co-mp_cta--title\">\n\t\t\t\t\t\tLL\u00c1MANOS \u2013 HABLAMOS ESPA\u00d1OL\t\t\t\t\t<\/div>\n\t\t\t\t\t<a class=\"co-mp_cta--link gtm-button\" href=\"tel:18004261601\"  >1.800.426.1601<\/a>\t\t\t\t<\/div>\n\t\t\t\t\t<\/div>\n\t<\/div>\n<\/div><\/div>\n\n<div class=\"co-flex_row co-flex_row__white co-flex_row__testimonial\" ><div class=\"co-flex_row--row co-row\">\t<div class=\"co-testis co-testis__no_image co-testis__green\">\n\t\t\t\t<div class=\"co-testi gap-y-lg:0 co-testi__no_image\">\n\t\t\t\t\t\t\t\t\t<blockquote class=\"co-testi--quote co-testi--quote__center\">\n\t\t\t\t<div class=\"co-testi--quote_text text-component\">\n\t\t\t\t\t<p>Con la ayuda de Peninsula Credit Union, pude comprar mi primer auto. No era nuevo ni muy lujoso, pero era m\u00edo. \u00a1Gracias, Peninsula!<\/p>\n\t\t\t\t<\/div>\n\t\t\t\t<cite class=\"co-testi--attr\">\n\t\t\t\t\tGarrett, Shelton\t\t\t\t<\/cite>\n\t\t\t<\/blockquote>\n\t\t<\/div>\n\t<\/div>\n<\/div><\/div>\n\n<div class=\"co-flex_row co-flex_row__last co-flex_row__back-to-top\" ><div class=\"co-flex_row--row co-row\"><div class=\"co-back_top\">\t\n  <a class=\"co-back_top--link\" href=\"#\" aria-label=\"\">\n\tVolver arriba\t<svg class=\"co-back_top--link_icon\" viewbox=\"0 0 52 52\" role=\"img\" aria-label=\"Volver arriba\">\n\t\t<use xlink:href=\"https:\/\/www.pcfcu.org\/wp-content\/themes\/peninsula-theme\/images\/sprite-icons.svg#back-top\" \/>\n\t<\/svg>\n  <\/a>\n<\/div>\n<\/div><\/div>","protected":false},"excerpt":{"rendered":"","protected":false},"author":10,"featured_media":0,"parent":2556,"menu_order":0,"comment_status":"closed","ping_status":"closed","template":"","meta":{"_acf_changed":false,"footnotes":""},"class_list":["post-2557","page","type-page","status-publish","hentry"],"acf":[],"yoast_head":"<!-- This site is optimized with the Yoast SEO plugin v27.2 - https:\/\/yoast.com\/product\/yoast-seo-wordpress\/ -->\n<title>Find your Vehicle - Peninsula CU<\/title>\n<meta name=\"robots\" content=\"index, follow, max-snippet:-1, max-image-preview:large, max-video-preview:-1\" \/>\n<link rel=\"canonical\" href=\"https:\/\/www.pcfcu.org\/es\/prestamos-para-automoviles\/encuentra-tu-vehiculo\/\" \/>\n<meta property=\"og:locale\" content=\"es_ES\" \/>\n<meta property=\"og:type\" content=\"article\" \/>\n<meta property=\"og:title\" content=\"Find your Vehicle - Peninsula CU\" \/>\n<meta property=\"og:url\" content=\"https:\/\/www.pcfcu.org\/es\/prestamos-para-automoviles\/encuentra-tu-vehiculo\/\" \/>\n<meta property=\"og:site_name\" content=\"Peninsula CU\" \/>\n<meta property=\"article:publisher\" content=\"https:\/\/www.facebook.com\/PeninsulaCreditUnion\" \/>\n<meta property=\"article:modified_time\" content=\"2025-07-19T01:42:32+00:00\" \/>\n<meta name=\"twitter:card\" content=\"summary_large_image\" \/>\n<meta name=\"twitter:site\" content=\"@pcfcuwa\" \/>\n<script type=\"application\/ld+json\" class=\"yoast-schema-graph\">{\"@context\":\"https:\/\/schema.org\",\"@graph\":[{\"@type\":\"WebPage\",\"@id\":\"https:\/\/www.pcfcu.org\/es\/auto-loans\/find-your-vehicle\/\",\"url\":\"https:\/\/www.pcfcu.org\/es\/auto-loans\/find-your-vehicle\/\",\"name\":\"Find your Vehicle - Peninsula CU\",\"isPartOf\":{\"@id\":\"https:\/\/www.pcfcu.org\/#website\"},\"datePublished\":\"2025-03-12T00:43:06+00:00\",\"dateModified\":\"2025-07-19T01:42:32+00:00\",\"breadcrumb\":{\"@id\":\"https:\/\/www.pcfcu.org\/es\/auto-loans\/find-your-vehicle\/#breadcrumb\"},\"inLanguage\":\"es-ES\",\"potentialAction\":[{\"@type\":\"ReadAction\",\"target\":[\"https:\/\/www.pcfcu.org\/es\/auto-loans\/find-your-vehicle\/\"]}]},{\"@type\":\"BreadcrumbList\",\"@id\":\"https:\/\/www.pcfcu.org\/es\/auto-loans\/find-your-vehicle\/#breadcrumb\",\"itemListElement\":[{\"@type\":\"ListItem\",\"position\":1,\"name\":\"Home\",\"item\":\"https:\/\/www.pcfcu.org\/\"},{\"@type\":\"ListItem\",\"position\":2,\"name\":\"Auto Loans\",\"item\":\"https:\/\/www.pcfcu.org\/es\/auto-loans\/\"},{\"@type\":\"ListItem\",\"position\":3,\"name\":\"Find your Vehicle\"}]},{\"@type\":\"WebSite\",\"@id\":\"https:\/\/www.pcfcu.org\/#website\",\"url\":\"https:\/\/www.pcfcu.org\/\",\"name\":\"Peninsula CU\",\"description\":\"Our Priority is You\",\"publisher\":{\"@id\":\"https:\/\/www.pcfcu.org\/#organization\"},\"potentialAction\":[{\"@type\":\"SearchAction\",\"target\":{\"@type\":\"EntryPoint\",\"urlTemplate\":\"https:\/\/www.pcfcu.org\/?s={search_term_string}\"},\"query-input\":{\"@type\":\"PropertyValueSpecification\",\"valueRequired\":true,\"valueName\":\"search_term_string\"}}],\"inLanguage\":\"es-ES\"},{\"@type\":\"Organization\",\"@id\":\"https:\/\/www.pcfcu.org\/#organization\",\"name\":\"Peninsula CU\",\"url\":\"https:\/\/www.pcfcu.org\/\",\"logo\":{\"@type\":\"ImageObject\",\"inLanguage\":\"es-ES\",\"@id\":\"https:\/\/www.pcfcu.org\/#\/schema\/logo\/image\/\",\"url\":\"https:\/\/www.pcfcu.org\/files\/Screenshot-2025-09-19-at-3.54.32-PM.jpg\",\"contentUrl\":\"https:\/\/www.pcfcu.org\/files\/Screenshot-2025-09-19-at-3.54.32-PM.jpg\",\"width\":386,\"height\":286,\"caption\":\"Peninsula CU\"},\"image\":{\"@id\":\"https:\/\/www.pcfcu.org\/#\/schema\/logo\/image\/\"},\"sameAs\":[\"https:\/\/www.facebook.com\/PeninsulaCreditUnion\",\"https:\/\/x.com\/pcfcuwa\"]}]}<\/script>\n<!-- \/ Yoast SEO plugin. -->","yoast_head_json":{"title":"Encuentra tu veh\u00edculo - Peninsula CU","robots":{"index":"index","follow":"follow","max-snippet":"max-snippet:-1","max-image-preview":"max-image-preview:large","max-video-preview":"max-video-preview:-1"},"canonical":"https:\/\/www.pcfcu.org\/es\/prestamos-para-automoviles\/encuentra-tu-vehiculo\/","og_locale":"es_ES","og_type":"article","og_title":"Find your Vehicle - Peninsula CU","og_url":"https:\/\/www.pcfcu.org\/es\/prestamos-para-automoviles\/encuentra-tu-vehiculo\/","og_site_name":"Peninsula CU","article_publisher":"https:\/\/www.facebook.com\/PeninsulaCreditUnion","article_modified_time":"2025-07-19T01:42:32+00:00","twitter_card":"summary_large_image","twitter_site":"@pcfcuwa","schema":{"@context":"https:\/\/schema.org","@graph":[{"@type":"WebPage","@id":"https:\/\/www.pcfcu.org\/es\/auto-loans\/find-your-vehicle\/","url":"https:\/\/www.pcfcu.org\/es\/auto-loans\/find-your-vehicle\/","name":"Encuentra tu veh\u00edculo - Peninsula CU","isPartOf":{"@id":"https:\/\/www.pcfcu.org\/#website"},"datePublished":"2025-03-12T00:43:06+00:00","dateModified":"2025-07-19T01:42:32+00:00","breadcrumb":{"@id":"https:\/\/www.pcfcu.org\/es\/auto-loans\/find-your-vehicle\/#breadcrumb"},"inLanguage":"es-ES","potentialAction":[{"@type":"ReadAction","target":["https:\/\/www.pcfcu.org\/es\/auto-loans\/find-your-vehicle\/"]}]},{"@type":"BreadcrumbList","@id":"https:\/\/www.pcfcu.org\/es\/auto-loans\/find-your-vehicle\/#breadcrumb","itemListElement":[{"@type":"ListItem","position":1,"name":"Home","item":"https:\/\/www.pcfcu.org\/"},{"@type":"ListItem","position":2,"name":"Auto Loans","item":"https:\/\/www.pcfcu.org\/es\/auto-loans\/"},{"@type":"ListItem","position":3,"name":"Find your Vehicle"}]},{"@type":"WebSite","@id":"https:\/\/www.pcfcu.org\/#website","url":"https:\/\/www.pcfcu.org\/","name":"Pen\u00ednsula CU","description":"Nuestra prioridad eres t\u00fa","publisher":{"@id":"https:\/\/www.pcfcu.org\/#organization"},"potentialAction":[{"@type":"SearchAction","target":{"@type":"EntryPoint","urlTemplate":"https:\/\/www.pcfcu.org\/?s={search_term_string}"},"query-input":{"@type":"PropertyValueSpecification","valueRequired":true,"valueName":"search_term_string"}}],"inLanguage":"es-ES"},{"@type":"Organization","@id":"https:\/\/www.pcfcu.org\/#organization","name":"Pen\u00ednsula CU","url":"https:\/\/www.pcfcu.org\/","logo":{"@type":"ImageObject","inLanguage":"es-ES","@id":"https:\/\/www.pcfcu.org\/#\/schema\/logo\/image\/","url":"https:\/\/www.pcfcu.org\/files\/Screenshot-2025-09-19-at-3.54.32-PM.jpg","contentUrl":"https:\/\/www.pcfcu.org\/files\/Screenshot-2025-09-19-at-3.54.32-PM.jpg","width":386,"height":286,"caption":"Peninsula CU"},"image":{"@id":"https:\/\/www.pcfcu.org\/#\/schema\/logo\/image\/"},"sameAs":["https:\/\/www.facebook.com\/PeninsulaCreditUnion","https:\/\/x.com\/pcfcuwa"]}]}},"_links":{"self":[{"href":"https:\/\/www.pcfcu.org\/es\/wp-json\/wp\/v2\/pages\/2557","targetHints":{"allow":["GET"]}}],"collection":[{"href":"https:\/\/www.pcfcu.org\/es\/wp-json\/wp\/v2\/pages"}],"about":[{"href":"https:\/\/www.pcfcu.org\/es\/wp-json\/wp\/v2\/types\/page"}],"author":[{"embeddable":true,"href":"https:\/\/www.pcfcu.org\/es\/wp-json\/wp\/v2\/users\/10"}],"replies":[{"embeddable":true,"href":"https:\/\/www.pcfcu.org\/es\/wp-json\/wp\/v2\/comments?post=2557"}],"version-history":[{"count":10,"href":"https:\/\/www.pcfcu.org\/es\/wp-json\/wp\/v2\/pages\/2557\/revisions"}],"predecessor-version":[{"id":4260,"href":"https:\/\/www.pcfcu.org\/es\/wp-json\/wp\/v2\/pages\/2557\/revisions\/4260"}],"up":[{"embeddable":true,"href":"https:\/\/www.pcfcu.org\/es\/wp-json\/wp\/v2\/pages\/2556"}],"wp:attachment":[{"href":"https:\/\/www.pcfcu.org\/es\/wp-json\/wp\/v2\/media?parent=2557"}],"curies":[{"name":"wp","href":"https:\/\/api.w.org\/{rel}","templated":true}]}}