{"id":2571,"date":"2025-03-11T17:43:06","date_gmt":"2025-03-12T00:43:06","guid":{"rendered":"https:\/\/www.pcfcu.org\/home-loans\/"},"modified":"2025-10-14T20:18:17","modified_gmt":"2025-10-15T03:18:17","slug":"prestamos-hipotecarios","status":"publish","type":"page","link":"https:\/\/www.pcfcu.org\/es\/prestamos-hipotecarios\/","title":{"rendered":"Pr\u00e9stamos vivienda"},"content":{"rendered":"<div class=\"co-flex_row co-flex_row__white co-flex_row__page-hero\" ><div class=\"co-flex_row--row co-row\">\t<header class=\"co-page_hero  co-page_hero__has_image display-img-desktop display-img-mobile\" aria-label=\"Encabezado: PR\u00c9STAMOS VIVIENDA\">\n\t\t<div class=\"co-page_hero--inner\">\n\t\t\t<div class=\"prow gap:5\">\n\t\t\t\t\t\t\t\t\t<div class=\"co-page_hero--img_wrap pcol-lg:6\">\n\t\t\t\t\t\t<img loading=\"lazy\" decoding=\"async\" width=\"556\" height=\"360\" src=\"https:\/\/www.pcfcu.org\/files\/Key-in-lock-556x360-1.jpg\" class=\"co-page_hero--img\" alt=\"H\u00e9roe de pr\u00e9stamos hipotecarios\" srcset=\"https:\/\/www.pcfcu.org\/files\/Key-in-lock-556x360-1.jpg 556w, https:\/\/www.pcfcu.org\/files\/Key-in-lock-556x360-1-540x350.jpg 540w, https:\/\/www.pcfcu.org\/files\/Key-in-lock-556x360-1-396x256.jpg 396w, https:\/\/www.pcfcu.org\/files\/Key-in-lock-556x360-1-75x49.jpg 75w\" sizes=\"auto, (max-width: 556px) 100vw, 556px\" \/>\t\t\t\t\t<\/div>\n\t\t\t\t\t\t\t\t<div class=\"co-page_hero--text pcol-lg:6\">\n\t\t\t\t\t\t\t\t\t\t<div class=\"co-page_hero--text_inner\">\n\t\t\t\t\t\t\t\t\t\t\t\t<h1 class=\"co-page_hero--title\">\n\t\t\t\t\t\t\tPR\u00c9STAMOS VIVIENDA\t\t\t\t\t\t<\/h1>\n\t\t\t\t\t\t<p class=\"co-page_hero--tagline\">Estamos aqu\u00ed para ayudarle a construir sue\u00f1os, abrir puertas y desbloquear posibilidades.<\/p>\t\t\t\t\t\t\t<div class=\"co-page_hero--buttons\">\n\t\t\t\t\t\t\t\t<a class=\"co-page_hero--button gtm-button\" href=\"https:\/\/member-peninsulafcu.mycu4mortgages.com\/#\/rate-selection\"  >Consulte las tarifas actuales<\/a>\t\t\t\t\t\t\t<\/div>\n\t\t\t\t\t\t\t\t\t\t\t\t<\/div>\n\t\t\t\t\t\t\t\t\t<\/div>\n\t\t\t<\/div>\n\t\t<\/div>\n\t<\/header>\n<\/div><\/div>\n\n<div class=\"co-flex_row co-flex_row__white co-flex_row__page-intro\" ><div class=\"co-flex_row--row co-row\">\t<div class=\"co-page_intro\">\n\t\t<div class=\"co-page_intro--desc text-component\"><p>Nuestros pr\u00e9stamos hipotecarios est\u00e1n disponibles para todos los que viven, trabajan, adoran o asisten a la escuela en los condados de Kitsap, Mason, Jefferson, Clallam o Grays Harbor en el estado de Washington, y para los familiares de un miembro actual de Peninsula.<\/p>\n<\/div>\t<\/div>\n<\/div><\/div>\n\n<div class=\"co-flex_row co-flex_row__white co-flex_row__columns\" ><div class=\"co-flex_row--row co-row\">\t<div class=\"co-columns\">\n\t\t\t\t\t<div class=\"co-columns--row prow prow-md:2 prow-lg:3 co-columns--row__no_media justify-center\">\n\t\t\t\t\t\t\t\t\t<div class=\"co-columns--box\">\n\t\t\t\t\t\t<h2 class=\"co-columns--box_headline\" >Compra de vivienda<\/h2><div class=\"co-columns--box_desc text-component\"><p>Comprar una casa nunca ha sido tan f\u00e1cil. Hemos racionalizado y actualizado todo el proceso hipotecario para ofrecerle una forma m\u00e1s r\u00e1pida y tecnol\u00f3gicamente avanzada de financiar su vivienda.<\/p>\n<\/div><div class=\"co-columns--box_button\"><a class=\"co-columns--button co-button gtm-button\" href=\"https:\/\/www.pcfcu.org\/es\/compra-de-vivienda-2\/\"  >Explorar los pr\u00e9stamos vivienda<\/a><\/div>\t\t\t\t\t<\/div>\n\t\t\t\t\t\t\t\t\t<div class=\"co-columns--box\">\n\t\t\t\t\t\t<h2 class=\"co-columns--box_headline\" >Refinanciaci\u00f3n de viviendas<\/h2><div class=\"co-columns--box_desc text-component\"><p>Si el valor actual de su vivienda ha aumentado, puede tener sentido refinanciar a un tipo mejor o refinanciar para consolidar deudas o planificar un proyecto de mejora de la vivienda.<\/p>\n<\/div><div class=\"co-columns--box_button\"><a class=\"co-columns--button co-button gtm-button\" href=\"https:\/\/www.pcfcu.org\/es\/refinanciacion-de-hipoteca\/\"  >Refinanciar su vivienda<\/a><\/div>\t\t\t\t\t<\/div>\n\t\t\t\t\t\t\t\t\t<div class=\"co-columns--box\">\n\t\t\t\t\t\t<h2 class=\"co-columns--box_headline\" >Pr\u00e9stamos con garant\u00eda hipotecaria<\/h2><div class=\"co-columns--box_desc text-component\"><p>Aproveche al m\u00e1ximo el capital de su vivienda con nuestros flexibles Pr\u00e9stamos sobre el capital de la vivienda. Ofrecemos dos magn\u00edficas opciones de l\u00ednea de cr\u00e9dito, adem\u00e1s de un pr\u00e9stamo a tipo fijo, cada una con ventajas adaptadas a sus necesidades.<\/p>\n<\/div><div class=\"co-columns--box_button\"><a class=\"co-columns--button co-button gtm-button\" href=\"https:\/\/www.pcfcu.org\/es\/prestamos-con-garantia-hipotecaria\/\"  >Desbloquee su patrimonio<\/a><\/div>\t\t\t\t\t<\/div>\n\t\t\t\t\t\t\t<\/div>\n\t\t\t\t<\/div>\n<\/div><\/div>\n\n<div class=\"co-flex_row co-flex_row__white co-flex_row__columns\" ><div class=\"co-flex_row--row co-row\">\t<div class=\"co-columns\">\n\t\t\t\t\t<div class=\"co-columns--row prow prow-md:2 prow-lg:2 co-columns--row__no_media justify-center\">\n\t\t\t\t\t\t\t\t\t<div class=\"co-columns--box\">\n\t\t\t\t\t\t<h2 class=\"co-columns--box_headline\" >Pr\u00e9stamos para terrenos y construcci\u00f3n<\/h2><div class=\"co-columns--box_desc text-component\"><p>Si desea comprar la parcela perfecta para su nuevo hogar, le ofrecemos condiciones y opciones flexibles que se adaptan a su proyecto.<\/p>\n<\/div><div class=\"co-columns--box_button\"><a class=\"co-columns--button co-button gtm-button\" href=\"https:\/\/www.pcfcu.org\/es\/prestamos-para-terrenos-y-construccion\/\"  >Empezar a construir<\/a><\/div>\t\t\t\t\t<\/div>\n\t\t\t\t\t\t\t\t\t<div class=\"co-columns--box\">\n\t\t\t\t\t\t<h2 class=\"co-columns--box_headline\" >Casas prefabricadas en terrenos arrendados<\/h2><div class=\"co-columns--box_desc text-component\"><p>\u00bfEst\u00e1 pensando en comprar una casa prefabricada en un terreno arrendado? Estos pr\u00e9stamos se manejan un poco diferente a una hipoteca tradicional. Si esto suena como usted, comience a continuaci\u00f3n.<\/p>\n<\/div><div class=\"co-columns--box_button\"><a class=\"co-columns--button co-button gtm-button\" href=\"https:\/\/www.pcfcu.org\/es\/speed-bump\/?url=https%3A%2F%2Foriginate.pcfcu.org%2FKDaSWwPyjcFUGPP%2Fgetting-started%2Flanding-page&#038;prev=https%3A%2F%2Fwww.pcfcu.org%2Fes%2Fprestamos-hipotecarios%2F\" target=\"_blank\" >Comenzar<\/a><\/div>\t\t\t\t\t<\/div>\n\t\t\t\t\t\t\t<\/div>\n\t\t\t\t<\/div>\n<\/div><\/div>\n\n<div class=\"co-flex_row co-flex_row__white co-flex_row__header-keyline\" ><div class=\"co-flex_row--row co-row\"><div class=\"co-header_keyline\">\n\t<div class=\"co-header_keyline--headline\">Conozca a nuestro agente hipotecario<\/div><\/div>\n<\/div><\/div>\n\n<div class=\"co-flex_row co-flex_row__white co-flex_row__one-column-bio\" ><div class=\"co-flex_row--row co-row\">\t<div class=\"co-team\">\n\t\t\t\t\t<ul class=\"co-team--list\">\n\t\t\t\t\t\t\t<li class=\"co-team--member prow gap-x-md:5 justify-center\">\n\t\t\t\t\t<div class=\"pcol-sm:3 pcol-md:4\">\n\t\t\t\t\t\t\t\t\t\t\t\t\t<div class=\"co-team--member__image_wrap\">\n\t\t\t\t\t\t\t\t<img loading=\"lazy\" decoding=\"async\" width=\"584\" height=\"730\" src=\"https:\/\/www.pcfcu.org\/files\/DSA4185-Edit-WEB-584x730-1.jpg\" class=\"co-team--member__image\" alt=\"Holly - Oficial de pr\u00e9stamos hipotecarios\" srcset=\"https:\/\/www.pcfcu.org\/files\/DSA4185-Edit-WEB-584x730-1.jpg 584w, https:\/\/www.pcfcu.org\/files\/DSA4185-Edit-WEB-584x730-1-432x540.jpg 432w, https:\/\/www.pcfcu.org\/files\/DSA4185-Edit-WEB-584x730-1-317x396.jpg 317w, https:\/\/www.pcfcu.org\/files\/DSA4185-Edit-WEB-584x730-1-60x75.jpg 60w\" sizes=\"auto, (max-width: 584px) 100vw, 584px\" \/>\t\t\t\t\t\t\t<\/div>\n\t\t\t\t\t\t\t\t\t\t\t<\/div>\n\t\t\t\t\t<div class=\"pcol-sm:9 pcol-md:8\">\n\t\t\t\t\t\t<h2 class=\"co-team--member__name\" >Hollyanna Vopat-Steiner<\/h2><div class=\"co-team--member__title\">Oficial de pr\u00e9stamos hipotecarios<\/div><div class=\"co-team--member__content text-component\"><p>\u00a1Hola! Mi nombre es Hollyanna Vopat-Steiner y soy la Oficial de Pr\u00e9stamos Hipotecarios aqu\u00ed en Peninsula Credit Union. Soy esposa y madre de 3 hermosos ni\u00f1os. Me encanta cocinar y hornear con regularidad, y en esos raros momentos para m\u00ed, me encanta hacer artes y oficios. He estado trabajando en Community Banking desde 2012, y me un\u00ed a la fuerza de trabajo de servicio al cliente cuando ten\u00eda s\u00f3lo 14 a\u00f1os de edad. Con los a\u00f1os, he identificado que tengo una pasi\u00f3n muy real por ayudar a los miembros de la comunidad a crecer y alcanzar sus metas personales y financieras. Si usted est\u00e1 comprando su primera casa, refinanciaci\u00f3n, compra de tierras o en la necesidad de un pr\u00e9stamo de construcci\u00f3n, puedo ayudarle a trav\u00e9s del proceso de principio a fin. Es mi objetivo hacer que su viaje pr\u00e9stamo ir tan suave como sea posible y ser una gran experiencia en general. \u00a1Perm\u00edtame ayudarle a alcanzar sus metas de ser propietario de una casa!<\/p>\n<p>Hollyanna Vopat-Steiner<\/p>\n<p>360.426-1601 x3162<\/p>\n<p>NMLS #1227394<\/p>\n<\/div>\t\t\t\t\t\t\t<div class=\"co-team--member__link_wrap\">\n\t\t\t\t\t\t\t\t\t\t\t\t\t\t\t<\/div>\t\t\t\t\t<\/div>\n\t\t\t\t<\/li>\n\t\t\t\t\t\t\t<\/ul>\n\t\t\t<\/div>\n<\/div><\/div>\n\n<div class=\"co-flex_row co-flex_row__white co-flex_row__last co-flex_row__multi-path-cta\" ><div class=\"co-flex_row--row co-row\">\t<div class=\"co-mp_ctas\">\n\t\t\t\t<header class=\"co-intro_text\">\n\t\t\t<h2 class=\"co-intro_text--title\">\u00bfListo para solicitar un pr\u00e9stamo hipotecario?<\/h2>\t\t<\/header>\n\t\t\t\t<div class=\"co-mp_ctas--list prow justify-center\">\n\t\t\t\t\t\t\t\t\t\t\t<div class=\"co-mp_cta pcol-lg:4\">\n\t\t\t\t\t<div class=\"co-mp_cta--title\">\n\t\t\t\t\t\t\t\t\t\t\t<\/div>\n\t\t\t\t\t<a class=\"co-mp_cta--link gtm-button\" href=\"https:\/\/www.pcfcu.org\/es\/sucursales-y-cajeros-automaticos\/\"  >Encuentre su sucursal m\u00e1s cercana<\/a>\t\t\t\t<\/div>\n\t\t\t\t\t\t\t\t\t\t\t<div class=\"co-mp_cta pcol-lg:4\">\n\t\t\t\t\t<div class=\"co-mp_cta--title\">\n\t\t\t\t\t\tLl\u00e1manos\t\t\t\t\t<\/div>\n\t\t\t\t\t<a class=\"co-mp_cta--link gtm-button\" href=\"tel:18004261601\"  >1.800.426.1601<\/a>\t\t\t\t<\/div>\n\t\t\t\t\t\t\t\t\t\t\t<div class=\"co-mp_cta pcol-lg:4\">\n\t\t\t\t\t<div class=\"co-mp_cta--title\">\n\t\t\t\t\t\tHablamos espa\u00f1ol\t\t\t\t\t<\/div>\n\t\t\t\t\t<a class=\"co-mp_cta--link gtm-button\" href=\"mailto:SpanishTeam@pcfcu.org\"  >Env\u00edanos un mensaje<\/a>\t\t\t\t<\/div>\n\t\t\t\t\t<\/div>\n\t<\/div>\n<\/div><\/div>","protected":false},"excerpt":{"rendered":"","protected":false},"author":12,"featured_media":0,"parent":0,"menu_order":0,"comment_status":"closed","ping_status":"closed","template":"","meta":{"_acf_changed":false,"footnotes":""},"class_list":["post-2571","page","type-page","status-publish","hentry"],"acf":[],"yoast_head":"<!-- This site is optimized with the Yoast SEO plugin v27.2 - https:\/\/yoast.com\/product\/yoast-seo-wordpress\/ -->\n<title>Home Loans - Peninsula CU<\/title>\n<meta name=\"robots\" content=\"index, follow, max-snippet:-1, max-image-preview:large, max-video-preview:-1\" \/>\n<link rel=\"canonical\" href=\"https:\/\/www.pcfcu.org\/es\/prestamos-hipotecarios\/\" \/>\n<meta property=\"og:locale\" content=\"es_ES\" \/>\n<meta property=\"og:type\" content=\"article\" \/>\n<meta property=\"og:title\" content=\"Home Loans - Peninsula CU\" \/>\n<meta property=\"og:url\" content=\"https:\/\/www.pcfcu.org\/es\/prestamos-hipotecarios\/\" \/>\n<meta property=\"og:site_name\" content=\"Peninsula CU\" \/>\n<meta property=\"article:publisher\" content=\"https:\/\/www.facebook.com\/PeninsulaCreditUnion\" \/>\n<meta property=\"article:modified_time\" content=\"2025-10-15T03:18:17+00:00\" \/>\n<meta name=\"twitter:card\" content=\"summary_large_image\" \/>\n<meta name=\"twitter:site\" content=\"@pcfcuwa\" \/>\n<script type=\"application\/ld+json\" class=\"yoast-schema-graph\">{\"@context\":\"https:\/\/schema.org\",\"@graph\":[{\"@type\":\"WebPage\",\"@id\":\"https:\/\/www.pcfcu.org\/home-loans\/\",\"url\":\"https:\/\/www.pcfcu.org\/home-loans\/\",\"name\":\"Home Loans - Peninsula CU\",\"isPartOf\":{\"@id\":\"https:\/\/www.pcfcu.org\/#website\"},\"datePublished\":\"2025-03-12T00:43:06+00:00\",\"dateModified\":\"2025-10-15T03:18:17+00:00\",\"breadcrumb\":{\"@id\":\"https:\/\/www.pcfcu.org\/home-loans\/#breadcrumb\"},\"inLanguage\":\"es-ES\",\"potentialAction\":[{\"@type\":\"ReadAction\",\"target\":[\"https:\/\/www.pcfcu.org\/home-loans\/\"]}]},{\"@type\":\"BreadcrumbList\",\"@id\":\"https:\/\/www.pcfcu.org\/home-loans\/#breadcrumb\",\"itemListElement\":[{\"@type\":\"ListItem\",\"position\":1,\"name\":\"Home\",\"item\":\"https:\/\/www.pcfcu.org\/\"},{\"@type\":\"ListItem\",\"position\":2,\"name\":\"Home Loans\"}]},{\"@type\":\"WebSite\",\"@id\":\"https:\/\/www.pcfcu.org\/#website\",\"url\":\"https:\/\/www.pcfcu.org\/\",\"name\":\"Peninsula CU\",\"description\":\"Our Priority is You\",\"publisher\":{\"@id\":\"https:\/\/www.pcfcu.org\/#organization\"},\"potentialAction\":[{\"@type\":\"SearchAction\",\"target\":{\"@type\":\"EntryPoint\",\"urlTemplate\":\"https:\/\/www.pcfcu.org\/?s={search_term_string}\"},\"query-input\":{\"@type\":\"PropertyValueSpecification\",\"valueRequired\":true,\"valueName\":\"search_term_string\"}}],\"inLanguage\":\"es-ES\"},{\"@type\":\"Organization\",\"@id\":\"https:\/\/www.pcfcu.org\/#organization\",\"name\":\"Peninsula CU\",\"url\":\"https:\/\/www.pcfcu.org\/\",\"logo\":{\"@type\":\"ImageObject\",\"inLanguage\":\"es-ES\",\"@id\":\"https:\/\/www.pcfcu.org\/#\/schema\/logo\/image\/\",\"url\":\"https:\/\/www.pcfcu.org\/files\/Screenshot-2025-09-19-at-3.54.32-PM.jpg\",\"contentUrl\":\"https:\/\/www.pcfcu.org\/files\/Screenshot-2025-09-19-at-3.54.32-PM.jpg\",\"width\":386,\"height\":286,\"caption\":\"Peninsula CU\"},\"image\":{\"@id\":\"https:\/\/www.pcfcu.org\/#\/schema\/logo\/image\/\"},\"sameAs\":[\"https:\/\/www.facebook.com\/PeninsulaCreditUnion\",\"https:\/\/x.com\/pcfcuwa\"]}]}<\/script>\n<!-- \/ Yoast SEO plugin. -->","yoast_head_json":{"title":"Pr\u00e9stamos hipotecarios - Pen\u00ednsula CU","robots":{"index":"index","follow":"follow","max-snippet":"max-snippet:-1","max-image-preview":"max-image-preview:large","max-video-preview":"max-video-preview:-1"},"canonical":"https:\/\/www.pcfcu.org\/es\/prestamos-hipotecarios\/","og_locale":"es_ES","og_type":"article","og_title":"Home Loans - Peninsula CU","og_url":"https:\/\/www.pcfcu.org\/es\/prestamos-hipotecarios\/","og_site_name":"Peninsula CU","article_publisher":"https:\/\/www.facebook.com\/PeninsulaCreditUnion","article_modified_time":"2025-10-15T03:18:17+00:00","twitter_card":"summary_large_image","twitter_site":"@pcfcuwa","schema":{"@context":"https:\/\/schema.org","@graph":[{"@type":"WebPage","@id":"https:\/\/www.pcfcu.org\/home-loans\/","url":"https:\/\/www.pcfcu.org\/home-loans\/","name":"Pr\u00e9stamos hipotecarios - Pen\u00ednsula CU","isPartOf":{"@id":"https:\/\/www.pcfcu.org\/#website"},"datePublished":"2025-03-12T00:43:06+00:00","dateModified":"2025-10-15T03:18:17+00:00","breadcrumb":{"@id":"https:\/\/www.pcfcu.org\/home-loans\/#breadcrumb"},"inLanguage":"es-ES","potentialAction":[{"@type":"ReadAction","target":["https:\/\/www.pcfcu.org\/home-loans\/"]}]},{"@type":"BreadcrumbList","@id":"https:\/\/www.pcfcu.org\/home-loans\/#breadcrumb","itemListElement":[{"@type":"ListItem","position":1,"name":"Home","item":"https:\/\/www.pcfcu.org\/"},{"@type":"ListItem","position":2,"name":"Home Loans"}]},{"@type":"WebSite","@id":"https:\/\/www.pcfcu.org\/#website","url":"https:\/\/www.pcfcu.org\/","name":"Pen\u00ednsula CU","description":"Nuestra prioridad eres t\u00fa","publisher":{"@id":"https:\/\/www.pcfcu.org\/#organization"},"potentialAction":[{"@type":"SearchAction","target":{"@type":"EntryPoint","urlTemplate":"https:\/\/www.pcfcu.org\/?s={search_term_string}"},"query-input":{"@type":"PropertyValueSpecification","valueRequired":true,"valueName":"search_term_string"}}],"inLanguage":"es-ES"},{"@type":"Organization","@id":"https:\/\/www.pcfcu.org\/#organization","name":"Pen\u00ednsula CU","url":"https:\/\/www.pcfcu.org\/","logo":{"@type":"ImageObject","inLanguage":"es-ES","@id":"https:\/\/www.pcfcu.org\/#\/schema\/logo\/image\/","url":"https:\/\/www.pcfcu.org\/files\/Screenshot-2025-09-19-at-3.54.32-PM.jpg","contentUrl":"https:\/\/www.pcfcu.org\/files\/Screenshot-2025-09-19-at-3.54.32-PM.jpg","width":386,"height":286,"caption":"Peninsula CU"},"image":{"@id":"https:\/\/www.pcfcu.org\/#\/schema\/logo\/image\/"},"sameAs":["https:\/\/www.facebook.com\/PeninsulaCreditUnion","https:\/\/x.com\/pcfcuwa"]}]}},"_links":{"self":[{"href":"https:\/\/www.pcfcu.org\/es\/wp-json\/wp\/v2\/pages\/2571","targetHints":{"allow":["GET"]}}],"collection":[{"href":"https:\/\/www.pcfcu.org\/es\/wp-json\/wp\/v2\/pages"}],"about":[{"href":"https:\/\/www.pcfcu.org\/es\/wp-json\/wp\/v2\/types\/page"}],"author":[{"embeddable":true,"href":"https:\/\/www.pcfcu.org\/es\/wp-json\/wp\/v2\/users\/12"}],"replies":[{"embeddable":true,"href":"https:\/\/www.pcfcu.org\/es\/wp-json\/wp\/v2\/comments?post=2571"}],"version-history":[{"count":7,"href":"https:\/\/www.pcfcu.org\/es\/wp-json\/wp\/v2\/pages\/2571\/revisions"}],"predecessor-version":[{"id":4423,"href":"https:\/\/www.pcfcu.org\/es\/wp-json\/wp\/v2\/pages\/2571\/revisions\/4423"}],"wp:attachment":[{"href":"https:\/\/www.pcfcu.org\/es\/wp-json\/wp\/v2\/media?parent=2571"}],"curies":[{"name":"wp","href":"https:\/\/api.w.org\/{rel}","templated":true}]}}