{"id":2577,"date":"2025-03-11T17:43:06","date_gmt":"2025-03-12T00:43:06","guid":{"rendered":"https:\/\/www.pcfcu.org\/asset-builder-loan\/"},"modified":"2025-04-17T13:15:49","modified_gmt":"2025-04-17T20:15:49","slug":"prestamo-para-la-construccion-de-activos","status":"publish","type":"page","link":"https:\/\/www.pcfcu.org\/es\/prestamo-para-la-construccion-de-activos\/","title":{"rendered":"Pr\u00e9stamo para la construcci\u00f3n de activos"},"content":{"rendered":"<div class=\"co-flex_row co-flex_row__white co-flex_row__page-hero\" ><div class=\"co-flex_row--row co-row\">\t<header class=\"co-page_hero  co-page_hero__has_image display-img-desktop display-img-mobile\" aria-label=\"Encabezado: Pr\u00e9stamo para la construcci\u00f3n de activos\">\n\t\t<div class=\"co-page_hero--inner\">\n\t\t\t<div class=\"prow gap:5\">\n\t\t\t\t\t\t\t\t\t<div class=\"co-page_hero--img_wrap pcol-lg:6\">\n\t\t\t\t\t\t<img loading=\"lazy\" decoding=\"async\" width=\"824\" height=\"425\" src=\"https:\/\/www.pcfcu.org\/files\/Hero-Component-PSPlaceholderImage.jpg\" class=\"co-page_hero--img\" alt=\"H\u00e9roe FPO\" srcset=\"https:\/\/www.pcfcu.org\/files\/Hero-Component-PSPlaceholderImage.jpg 824w, https:\/\/www.pcfcu.org\/files\/Hero-Component-PSPlaceholderImage-540x279.jpg 540w, https:\/\/www.pcfcu.org\/files\/Hero-Component-PSPlaceholderImage-730x377.jpg 730w, https:\/\/www.pcfcu.org\/files\/Hero-Component-PSPlaceholderImage-768x396.jpg 768w, https:\/\/www.pcfcu.org\/files\/Hero-Component-PSPlaceholderImage-396x204.jpg 396w, https:\/\/www.pcfcu.org\/files\/Hero-Component-PSPlaceholderImage-75x39.jpg 75w\" sizes=\"auto, (max-width: 824px) 100vw, 824px\" \/>\t\t\t\t\t<\/div>\n\t\t\t\t\t\t\t\t<div class=\"co-page_hero--text pcol-lg:6\">\n\t\t\t\t\t\t\t\t\t\t<div class=\"co-page_hero--text_inner\">\n\t\t\t\t\t\t\t\t\t\t\t\t<h1 class=\"co-page_hero--title\">\n\t\t\t\t\t\t\tPr\u00e9stamo para la construcci\u00f3n de activos\t\t\t\t\t\t<\/h1>\n\t\t\t\t\t\t<p class=\"co-page_hero--tagline\">Ahorre para el futuro mientras construye cr\u00e9dito.<\/p>\t\t\t\t\t\t\t<div class=\"co-page_hero--buttons\">\n\t\t\t\t\t\t\t\t<a class=\"co-page_hero--button gtm-button\" href=\"https:\/\/www.pcfcu.org\/es\/speed-bump\/?url=https%3A%2F%2Foriginate.pcfcu.org%2FKDaSWwPyjcFUGPP%2Fgetting-started%2Flanding-page&#038;prev=https%3A%2F%2Fwww.pcfcu.org%2Fes%2Fprestamo-para-la-construccion-de-activos%2F\"  >Aplicar ahora<\/a>\t\t\t\t\t\t\t<\/div>\n\t\t\t\t\t\t\t\t\t\t\t\t<\/div>\n\t\t\t\t\t\t\t\t\t<\/div>\n\t\t\t<\/div>\n\t\t<\/div>\n\t<\/header>\n<\/div><\/div>\n\n<div class=\"co-flex_row co-flex_row__white co-flex_row__page-intro\" ><div class=\"co-flex_row--row co-row\">\t<div class=\"co-page_intro\">\n\t\t<h2 class=\"co-page_intro--title\">Sea cual sea la situaci\u00f3n, nos comprometemos a brindarle el apoyo que necesita para salir adelante.<\/h2><div class=\"co-page_intro--desc text-component\"><p>Quiz\u00e1s no est\u00e9 listo para hacer esa gran compra ahora mismo. Quiz\u00e1s quiera empezar a construir su historial crediticio. Por eso ofrecemos nuestro Pr\u00e9stamo para la Construcci\u00f3n de Activos, para ayudarle a financiar lo que necesite. Ll\u00e1menos y descubra c\u00f3mo un Pr\u00e9stamo para la Construcci\u00f3n de Activos puede ayudarle.<\/p>\n<\/div>\t<\/div>\n<\/div><\/div>\n\n<div class=\"co-flex_row co-flex_row__white co-flex_row__columns\" ><div class=\"co-flex_row--row co-row\">\t<div class=\"co-columns\">\n\t\t\t\t\t<div class=\"co-columns--row prow prow-md:2 prow-lg:3 co-columns--row__no_media justify-center\">\n\t\t\t\t\t\t\t\t\t<div class=\"co-columns--box\">\n\t\t\t\t\t\t<h2 class=\"co-columns--box_headline\" >Ahorrar y planificar<\/h2><div class=\"co-columns--box_desc text-component\"><p>Planifique todo, desde una fiesta hasta emergencias.<\/p>\n<\/div>\t\t\t\t\t<\/div>\n\t\t\t\t\t\t\t\t\t<div class=\"co-columns--box\">\n\t\t\t\t\t\t<h2 class=\"co-columns--box_headline\" >Flexibilidad<\/h2><div class=\"co-columns--box_desc text-component\"><p>Ofrecemos opciones flexibles que se adaptan a sus necesidades.<\/p>\n<\/div>\t\t\t\t\t<\/div>\n\t\t\t\t\t\t\t\t\t<div class=\"co-columns--box\">\n\t\t\t\t\t\t<h2 class=\"co-columns--box_headline\" >Proceso de solicitud f\u00e1cil<\/h2><div class=\"co-columns--box_desc text-component\"><p>Presentar solicitud r\u00e1pidamente en l\u00ednea.<\/p>\n<\/div>\t\t\t\t\t<\/div>\n\t\t\t\t\t\t\t<\/div>\n\t\t\t\t<\/div>\n<\/div><\/div>\n\n<div class=\"co-flex_row co-flex_row__white co-flex_row__shared\" ><div class=\"co-flex_row--row co-row\">\t<div class=\"co-sp_cta\">\n\t\t<h2 class=\"co-sp_cta--headline\">Mi saldo<\/h2><div class=\"co-sp_cta--desc\"><p>Puedes tomar el control de tu dinero. Al crear un plan de gastos, romper\u00e1s el ciclo de la deuda y usar\u00e1s tu dinero para lo que m\u00e1s te importa: tu jubilaci\u00f3n, las vacaciones de tus sue\u00f1os, la entrada de una casa... Sea cual sea tu objetivo, un plan de gastos s\u00f3lido es la base para alcanzarlo.<\/p>\n<p>Una vez que desarrolle su plan, le brindaremos pasos de acci\u00f3n inmediatos y herramientas para que su dinero trabaje para usted.<\/p>\n<\/div><a class=\"co-sp_cta--button gtm-button\" href=\"https:\/\/pcfcu.balancepro.org\/\" target=\"_blank\" >Empieza hoy<\/a>\t<\/div>\n<\/div><\/div>\n\n<div class=\"co-flex_row co-flex_row__disclosures\" ><div class=\"co-flex_row--row co-row\"><\/div><\/div>\n\n<div class=\"co-flex_row co-flex_row__white co-flex_row__last co-flex_row__disclosures\" ><div class=\"co-flex_row--row co-row\">\t<div class=\"co-disclosures\">\n\t\t<h2 class=\"co-disclosures--title\">Divulgaciones<\/h2>\n\t\t<dl class=\"co-disclosures--list\">\n\t\t\t\t\t\t\t<div class=\"co-disclosure\">\n\t\t\t\t\t<dd class=\"co-disclosure--desc\">\n\t\t\t\t\t\t\t\t\t\t\t\t<div class=\"text-component\"><p>La aprobaci\u00f3n del pr\u00e9stamo est\u00e1 sujeta a la solvencia y otros factores. La tasa de inter\u00e9s es fija en 6.00% TAE durante la vigencia del pr\u00e9stamo. TAE = Tasa de Porcentaje Anual (TAE). El dinero del pr\u00e9stamo se mantiene en la cuenta de ahorros del socio hasta su pago total. El plazo m\u00ednimo del pr\u00e9stamo es de 12 meses. El plazo m\u00e1ximo es de 120 meses para pr\u00e9stamos superiores a $5,000. Los pagos mensuales se debitar\u00e1n de los fondos retenidos si se cumplen 29 d\u00edas de atraso. Se requiere ser miembro. Pueden aplicarse t\u00e9rminos y condiciones adicionales. La oferta est\u00e1 sujeta a cambios y puede retirarse en cualquier momento. Asegurada federalmente por la NCUA. Peninsula Credit Union es una entidad crediticia que promueve la igualdad de oportunidades en la vivienda.<\/p>\n<\/div>\t\t\t\t\t<\/dd>\n\t\t\t\t<\/div>\n\t\t\t\t\t<\/dl>\n\t<\/div>\n<\/div><\/div>","protected":false},"excerpt":{"rendered":"","protected":false},"author":10,"featured_media":0,"parent":0,"menu_order":0,"comment_status":"closed","ping_status":"closed","template":"","meta":{"_acf_changed":false,"footnotes":""},"class_list":["post-2577","page","type-page","status-publish","hentry"],"acf":[],"yoast_head":"<!-- This site is optimized with the Yoast SEO plugin v27.2 - https:\/\/yoast.com\/product\/yoast-seo-wordpress\/ -->\n<title>Asset Builder Loan - Peninsula CU<\/title>\n<meta name=\"robots\" content=\"index, follow, max-snippet:-1, max-image-preview:large, max-video-preview:-1\" \/>\n<link rel=\"canonical\" href=\"https:\/\/www.pcfcu.org\/es\/prestamo-para-la-construccion-de-activos\/\" \/>\n<meta property=\"og:locale\" content=\"es_ES\" \/>\n<meta property=\"og:type\" content=\"article\" \/>\n<meta property=\"og:title\" content=\"Asset Builder Loan - Peninsula CU\" \/>\n<meta property=\"og:url\" content=\"https:\/\/www.pcfcu.org\/es\/prestamo-para-la-construccion-de-activos\/\" \/>\n<meta property=\"og:site_name\" content=\"Peninsula CU\" \/>\n<meta property=\"article:publisher\" content=\"https:\/\/www.facebook.com\/PeninsulaCreditUnion\" \/>\n<meta property=\"article:modified_time\" content=\"2025-04-17T20:15:49+00:00\" \/>\n<meta name=\"twitter:card\" content=\"summary_large_image\" \/>\n<meta name=\"twitter:site\" content=\"@pcfcuwa\" \/>\n<script type=\"application\/ld+json\" class=\"yoast-schema-graph\">{\"@context\":\"https:\/\/schema.org\",\"@graph\":[{\"@type\":\"WebPage\",\"@id\":\"https:\/\/www.pcfcu.org\/asset-builder-loan\/\",\"url\":\"https:\/\/www.pcfcu.org\/asset-builder-loan\/\",\"name\":\"Asset Builder Loan - Peninsula CU\",\"isPartOf\":{\"@id\":\"https:\/\/www.pcfcu.org\/#website\"},\"datePublished\":\"2025-03-12T00:43:06+00:00\",\"dateModified\":\"2025-04-17T20:15:49+00:00\",\"breadcrumb\":{\"@id\":\"https:\/\/www.pcfcu.org\/asset-builder-loan\/#breadcrumb\"},\"inLanguage\":\"es-ES\",\"potentialAction\":[{\"@type\":\"ReadAction\",\"target\":[\"https:\/\/www.pcfcu.org\/asset-builder-loan\/\"]}]},{\"@type\":\"BreadcrumbList\",\"@id\":\"https:\/\/www.pcfcu.org\/asset-builder-loan\/#breadcrumb\",\"itemListElement\":[{\"@type\":\"ListItem\",\"position\":1,\"name\":\"Home\",\"item\":\"https:\/\/www.pcfcu.org\/\"},{\"@type\":\"ListItem\",\"position\":2,\"name\":\"Asset Builder Loan\"}]},{\"@type\":\"WebSite\",\"@id\":\"https:\/\/www.pcfcu.org\/#website\",\"url\":\"https:\/\/www.pcfcu.org\/\",\"name\":\"Peninsula CU\",\"description\":\"Our Priority is You\",\"publisher\":{\"@id\":\"https:\/\/www.pcfcu.org\/#organization\"},\"potentialAction\":[{\"@type\":\"SearchAction\",\"target\":{\"@type\":\"EntryPoint\",\"urlTemplate\":\"https:\/\/www.pcfcu.org\/?s={search_term_string}\"},\"query-input\":{\"@type\":\"PropertyValueSpecification\",\"valueRequired\":true,\"valueName\":\"search_term_string\"}}],\"inLanguage\":\"es-ES\"},{\"@type\":\"Organization\",\"@id\":\"https:\/\/www.pcfcu.org\/#organization\",\"name\":\"Peninsula CU\",\"url\":\"https:\/\/www.pcfcu.org\/\",\"logo\":{\"@type\":\"ImageObject\",\"inLanguage\":\"es-ES\",\"@id\":\"https:\/\/www.pcfcu.org\/#\/schema\/logo\/image\/\",\"url\":\"https:\/\/www.pcfcu.org\/files\/Screenshot-2025-09-19-at-3.54.32-PM.jpg\",\"contentUrl\":\"https:\/\/www.pcfcu.org\/files\/Screenshot-2025-09-19-at-3.54.32-PM.jpg\",\"width\":386,\"height\":286,\"caption\":\"Peninsula CU\"},\"image\":{\"@id\":\"https:\/\/www.pcfcu.org\/#\/schema\/logo\/image\/\"},\"sameAs\":[\"https:\/\/www.facebook.com\/PeninsulaCreditUnion\",\"https:\/\/x.com\/pcfcuwa\"]}]}<\/script>\n<!-- \/ Yoast SEO plugin. -->","yoast_head_json":{"title":"Pr\u00e9stamo para la construcci\u00f3n de activos - Peninsula CU","robots":{"index":"index","follow":"follow","max-snippet":"max-snippet:-1","max-image-preview":"max-image-preview:large","max-video-preview":"max-video-preview:-1"},"canonical":"https:\/\/www.pcfcu.org\/es\/prestamo-para-la-construccion-de-activos\/","og_locale":"es_ES","og_type":"article","og_title":"Asset Builder Loan - Peninsula CU","og_url":"https:\/\/www.pcfcu.org\/es\/prestamo-para-la-construccion-de-activos\/","og_site_name":"Peninsula CU","article_publisher":"https:\/\/www.facebook.com\/PeninsulaCreditUnion","article_modified_time":"2025-04-17T20:15:49+00:00","twitter_card":"summary_large_image","twitter_site":"@pcfcuwa","schema":{"@context":"https:\/\/schema.org","@graph":[{"@type":"WebPage","@id":"https:\/\/www.pcfcu.org\/asset-builder-loan\/","url":"https:\/\/www.pcfcu.org\/asset-builder-loan\/","name":"Pr\u00e9stamo para la construcci\u00f3n de activos - Peninsula CU","isPartOf":{"@id":"https:\/\/www.pcfcu.org\/#website"},"datePublished":"2025-03-12T00:43:06+00:00","dateModified":"2025-04-17T20:15:49+00:00","breadcrumb":{"@id":"https:\/\/www.pcfcu.org\/asset-builder-loan\/#breadcrumb"},"inLanguage":"es-ES","potentialAction":[{"@type":"ReadAction","target":["https:\/\/www.pcfcu.org\/asset-builder-loan\/"]}]},{"@type":"BreadcrumbList","@id":"https:\/\/www.pcfcu.org\/asset-builder-loan\/#breadcrumb","itemListElement":[{"@type":"ListItem","position":1,"name":"Home","item":"https:\/\/www.pcfcu.org\/"},{"@type":"ListItem","position":2,"name":"Asset Builder Loan"}]},{"@type":"WebSite","@id":"https:\/\/www.pcfcu.org\/#website","url":"https:\/\/www.pcfcu.org\/","name":"Pen\u00ednsula CU","description":"Nuestra prioridad eres t\u00fa","publisher":{"@id":"https:\/\/www.pcfcu.org\/#organization"},"potentialAction":[{"@type":"SearchAction","target":{"@type":"EntryPoint","urlTemplate":"https:\/\/www.pcfcu.org\/?s={search_term_string}"},"query-input":{"@type":"PropertyValueSpecification","valueRequired":true,"valueName":"search_term_string"}}],"inLanguage":"es-ES"},{"@type":"Organization","@id":"https:\/\/www.pcfcu.org\/#organization","name":"Pen\u00ednsula CU","url":"https:\/\/www.pcfcu.org\/","logo":{"@type":"ImageObject","inLanguage":"es-ES","@id":"https:\/\/www.pcfcu.org\/#\/schema\/logo\/image\/","url":"https:\/\/www.pcfcu.org\/files\/Screenshot-2025-09-19-at-3.54.32-PM.jpg","contentUrl":"https:\/\/www.pcfcu.org\/files\/Screenshot-2025-09-19-at-3.54.32-PM.jpg","width":386,"height":286,"caption":"Peninsula CU"},"image":{"@id":"https:\/\/www.pcfcu.org\/#\/schema\/logo\/image\/"},"sameAs":["https:\/\/www.facebook.com\/PeninsulaCreditUnion","https:\/\/x.com\/pcfcuwa"]}]}},"_links":{"self":[{"href":"https:\/\/www.pcfcu.org\/es\/wp-json\/wp\/v2\/pages\/2577","targetHints":{"allow":["GET"]}}],"collection":[{"href":"https:\/\/www.pcfcu.org\/es\/wp-json\/wp\/v2\/pages"}],"about":[{"href":"https:\/\/www.pcfcu.org\/es\/wp-json\/wp\/v2\/types\/page"}],"author":[{"embeddable":true,"href":"https:\/\/www.pcfcu.org\/es\/wp-json\/wp\/v2\/users\/10"}],"replies":[{"embeddable":true,"href":"https:\/\/www.pcfcu.org\/es\/wp-json\/wp\/v2\/comments?post=2577"}],"version-history":[{"count":5,"href":"https:\/\/www.pcfcu.org\/es\/wp-json\/wp\/v2\/pages\/2577\/revisions"}],"predecessor-version":[{"id":2657,"href":"https:\/\/www.pcfcu.org\/es\/wp-json\/wp\/v2\/pages\/2577\/revisions\/2657"}],"wp:attachment":[{"href":"https:\/\/www.pcfcu.org\/es\/wp-json\/wp\/v2\/media?parent=2577"}],"curies":[{"name":"wp","href":"https:\/\/api.w.org\/{rel}","templated":true}]}}