{"id":4412,"date":"2025-10-14T18:51:04","date_gmt":"2025-10-15T01:51:04","guid":{"rendered":"https:\/\/www.pcfcu.org\/?page_id=4412"},"modified":"2025-10-14T18:51:09","modified_gmt":"2025-10-15T01:51:09","slug":"deposito-movil","status":"publish","type":"page","link":"https:\/\/www.pcfcu.org\/es\/deposito-movil\/","title":{"rendered":"Dep\u00f3sito m\u00f3vil"},"content":{"rendered":"<div class=\"co-flex_row co-flex_row__white co-flex_row__page-hero\" ><div class=\"co-flex_row--row co-row\">\t<header class=\"co-page_hero  co-page_hero__has_image display-img-desktop\" aria-label=\"Encabezado: Dep\u00f3sito de cheques m\u00f3vil\">\n\t\t<div class=\"co-page_hero--inner\">\n\t\t\t<div class=\"prow gap:5\">\n\t\t\t\t\t\t\t\t\t<div class=\"co-page_hero--img_wrap pcol-lg:6\">\n\t\t\t\t\t\t<img loading=\"lazy\" decoding=\"async\" width=\"840\" height=\"423\" src=\"https:\/\/www.pcfcu.org\/files\/RDC-840x423.jpg\" class=\"co-page_hero--img\" alt=\"Dep\u00f3sito m\u00f3vil de cheques\" srcset=\"https:\/\/www.pcfcu.org\/files\/RDC-840x423.jpg 840w, https:\/\/www.pcfcu.org\/files\/RDC-540x272.jpg 540w, https:\/\/www.pcfcu.org\/files\/RDC-730x367.jpg 730w, https:\/\/www.pcfcu.org\/files\/RDC-768x387.jpg 768w, https:\/\/www.pcfcu.org\/files\/RDC-18x9.jpg 18w, https:\/\/www.pcfcu.org\/files\/RDC-396x199.jpg 396w, https:\/\/www.pcfcu.org\/files\/RDC-75x38.jpg 75w, https:\/\/www.pcfcu.org\/files\/RDC.jpg 878w\" sizes=\"auto, (max-width: 840px) 100vw, 840px\" \/>\t\t\t\t\t<\/div>\n\t\t\t\t\t\t\t\t<div class=\"co-page_hero--text pcol-lg:6\">\n\t\t\t\t\t\t\t\t\t\t<div class=\"co-page_hero--text_inner\">\n\t\t\t\t\t\t\t\t\t\t\t\t<h1 class=\"co-page_hero--title\">\n\t\t\t\t\t\t\tDep\u00f3sito m\u00f3vil de cheques\t\t\t\t\t\t<\/h1>\n\t\t\t\t\t\t<p class=\"co-page_hero--tagline\">Consejos sencillos para utilizar el dep\u00f3sito de cheques m\u00f3vil<\/p>\t\t\t\t\t<\/div>\n\t\t\t\t\t\t\t\t\t<\/div>\n\t\t\t<\/div>\n\t\t<\/div>\n\t<\/header>\n<\/div><\/div>\n\n<div class=\"co-flex_row co-flex_row__white co-flex_row__last co-flex_row__long-form-text\" ><div class=\"co-flex_row--row co-row\">\t<div class=\"co-long_form\">\n\t\t\t\t\t<div class=\"co-long_form--block co-long_form--block__nomedia prow items-center  flex-center text-center\">\n\t\t\t\t<div class=\"co-long_form--text pcol-md:8\">\n\t\t\t\t\t<h2 class=\"co-long_form--headline\" >Aqu\u00ed hay algunos consejos \u00fatiles sobre el uso del dep\u00f3sito m\u00f3vil.<\/h2><div class=\"co-long_form--content text-component\"><ul>\n<li><strong>Aseg\u00farese de endosar el reverso de sus cheques con \"Para Dep\u00f3sito M\u00f3vil PCU\".<\/strong><\/li>\n<li>Antes de iniciar sesi\u00f3n en la aplicaci\u00f3n Dep\u00f3sito M\u00f3vil, cierre todas las dem\u00e1s aplicaciones que se est\u00e9n ejecutando en segundo plano en su tel\u00e9fono m\u00f3vil.<\/li>\n<li>Cuando se le solicite el importe, introduzca cuidadosamente el importe del cheque para asegurarse de que coincide con el importe escrito en su cheque.<\/li>\n<li>Aplana los cheques doblados o arrugados antes de hacer las fotos.<\/li>\n<li>Mant\u00e9n el control dentro del visor en la pantalla de la c\u00e1mara al capturar tus fotos<\/li>\n<li>Intente no coger demasiado de las zonas que rodean el cheque.<\/li>\n<li>Tome las fotos de su cheque en una zona bien iluminada.<\/li>\n<li>Coloque el cheque sobre un fondo s\u00f3lido y oscuro antes de fotografiarlo.<\/li>\n<li>Mant\u00e9n el tel\u00e9fono plano y firme sobre el cheque cuando hagas las fotos.<\/li>\n<li>Mantenga la c\u00e1mara lo m\u00e1s alineada posible con el cheque para reducir la inclinaci\u00f3n de esquina a esquina.<\/li>\n<li>Aseg\u00farese de que toda la imagen del cheque es visible y est\u00e1 enfocada antes de enviar el dep\u00f3sito.<\/li>\n<li>Sin sombras en el cheque<\/li>\n<li>Las cuatro esquinas son visibles<\/li>\n<li>El cheque no est\u00e1 borroso<\/li>\n<li>La l\u00ednea MICR (n\u00fameros en la parte inferior del cheque) es legible.<\/li>\n<\/ul>\n<p>&nbsp;<\/p>\n<p><strong>DESCARGA LA APLICACI\u00d3N Y PRU\u00c9BALA HOY<\/strong><\/p>\n<p>Obtenga nuestra aplicaci\u00f3n de banca m\u00f3vil con todas las funciones para su tel\u00e9fono inteligente Android o iOS.<\/p>\n<p><a href=\"https:\/\/play.google.com\/store\/apps\/details?id=com.pccu.mobile\" aria-label=\"Google Play\"><img loading=\"lazy\" decoding=\"async\" class=\"size-full wp-image-1795 aligncenter\" src=\"https:\/\/www.pcfcu.org\/wp-content\/uploads\/google.png\" alt=\"\" width=\"130\" height=\"40\" \/><\/a><\/p>\n<p><a href=\"https:\/\/apps.apple.com\/us\/app\/id1533966676\" aria-label=\"Tienda de aplicaciones\"><img loading=\"lazy\" decoding=\"async\" class=\"alignnone size-full wp-image-1796 aligncenter\" src=\"https:\/\/www.pcfcu.org\/wp-content\/uploads\/apple.png\" alt=\"\" width=\"130\" height=\"40\" \/><\/a><\/p>\n<\/div><a class=\"co-long_form--button co-button gtm-button\" href=\"https:\/\/www.pcfcu.org\/es\/banca-digital\/ayuda\/\"  >Conozca m\u00e1s sobre la banca digital<\/a>\t\t\t\t<\/div>\n\t\t\t\t\t\t\t<\/div>\n\t\t\t\t<\/div>\n<\/div><\/div>","protected":false},"excerpt":{"rendered":"","protected":false},"author":10,"featured_media":0,"parent":0,"menu_order":0,"comment_status":"closed","ping_status":"closed","template":"","meta":{"_acf_changed":false,"footnotes":""},"class_list":["post-4412","page","type-page","status-publish","hentry"],"acf":[],"yoast_head":"<!-- This site is optimized with the Yoast SEO plugin v27.2 - https:\/\/yoast.com\/product\/yoast-seo-wordpress\/ -->\n<title>Mobile Deposit - Peninsula CU<\/title>\n<meta name=\"robots\" content=\"index, follow, max-snippet:-1, max-image-preview:large, max-video-preview:-1\" \/>\n<link rel=\"canonical\" href=\"https:\/\/www.pcfcu.org\/es\/deposito-movil\/\" \/>\n<meta property=\"og:locale\" content=\"es_ES\" \/>\n<meta property=\"og:type\" content=\"article\" \/>\n<meta property=\"og:title\" content=\"Mobile Deposit - Peninsula CU\" \/>\n<meta property=\"og:url\" content=\"https:\/\/www.pcfcu.org\/es\/deposito-movil\/\" \/>\n<meta property=\"og:site_name\" content=\"Peninsula CU\" \/>\n<meta property=\"article:publisher\" content=\"https:\/\/www.facebook.com\/PeninsulaCreditUnion\" \/>\n<meta property=\"article:modified_time\" content=\"2025-10-15T01:51:09+00:00\" \/>\n<meta name=\"twitter:card\" content=\"summary_large_image\" \/>\n<meta name=\"twitter:site\" content=\"@pcfcuwa\" \/>\n<script type=\"application\/ld+json\" class=\"yoast-schema-graph\">{\"@context\":\"https:\/\/schema.org\",\"@graph\":[{\"@type\":\"WebPage\",\"@id\":\"https:\/\/www.pcfcu.org\/mobile-deposit\/\",\"url\":\"https:\/\/www.pcfcu.org\/mobile-deposit\/\",\"name\":\"Mobile Deposit - Peninsula CU\",\"isPartOf\":{\"@id\":\"https:\/\/www.pcfcu.org\/#website\"},\"datePublished\":\"2025-10-15T01:51:04+00:00\",\"dateModified\":\"2025-10-15T01:51:09+00:00\",\"breadcrumb\":{\"@id\":\"https:\/\/www.pcfcu.org\/mobile-deposit\/#breadcrumb\"},\"inLanguage\":\"es-ES\",\"potentialAction\":[{\"@type\":\"ReadAction\",\"target\":[\"https:\/\/www.pcfcu.org\/mobile-deposit\/\"]}]},{\"@type\":\"BreadcrumbList\",\"@id\":\"https:\/\/www.pcfcu.org\/mobile-deposit\/#breadcrumb\",\"itemListElement\":[{\"@type\":\"ListItem\",\"position\":1,\"name\":\"Home\",\"item\":\"https:\/\/www.pcfcu.org\/\"},{\"@type\":\"ListItem\",\"position\":2,\"name\":\"Mobile Deposit\"}]},{\"@type\":\"WebSite\",\"@id\":\"https:\/\/www.pcfcu.org\/#website\",\"url\":\"https:\/\/www.pcfcu.org\/\",\"name\":\"Peninsula CU\",\"description\":\"Our Priority is You\",\"publisher\":{\"@id\":\"https:\/\/www.pcfcu.org\/#organization\"},\"potentialAction\":[{\"@type\":\"SearchAction\",\"target\":{\"@type\":\"EntryPoint\",\"urlTemplate\":\"https:\/\/www.pcfcu.org\/?s={search_term_string}\"},\"query-input\":{\"@type\":\"PropertyValueSpecification\",\"valueRequired\":true,\"valueName\":\"search_term_string\"}}],\"inLanguage\":\"es-ES\"},{\"@type\":\"Organization\",\"@id\":\"https:\/\/www.pcfcu.org\/#organization\",\"name\":\"Peninsula CU\",\"url\":\"https:\/\/www.pcfcu.org\/\",\"logo\":{\"@type\":\"ImageObject\",\"inLanguage\":\"es-ES\",\"@id\":\"https:\/\/www.pcfcu.org\/#\/schema\/logo\/image\/\",\"url\":\"https:\/\/www.pcfcu.org\/files\/Screenshot-2025-09-19-at-3.54.32-PM.jpg\",\"contentUrl\":\"https:\/\/www.pcfcu.org\/files\/Screenshot-2025-09-19-at-3.54.32-PM.jpg\",\"width\":386,\"height\":286,\"caption\":\"Peninsula CU\"},\"image\":{\"@id\":\"https:\/\/www.pcfcu.org\/#\/schema\/logo\/image\/\"},\"sameAs\":[\"https:\/\/www.facebook.com\/PeninsulaCreditUnion\",\"https:\/\/x.com\/pcfcuwa\"]}]}<\/script>\n<!-- \/ Yoast SEO plugin. -->","yoast_head_json":{"title":"Dep\u00f3sito m\u00f3vil - Pen\u00ednsula CU","robots":{"index":"index","follow":"follow","max-snippet":"max-snippet:-1","max-image-preview":"max-image-preview:large","max-video-preview":"max-video-preview:-1"},"canonical":"https:\/\/www.pcfcu.org\/es\/deposito-movil\/","og_locale":"es_ES","og_type":"article","og_title":"Mobile Deposit - Peninsula CU","og_url":"https:\/\/www.pcfcu.org\/es\/deposito-movil\/","og_site_name":"Peninsula CU","article_publisher":"https:\/\/www.facebook.com\/PeninsulaCreditUnion","article_modified_time":"2025-10-15T01:51:09+00:00","twitter_card":"summary_large_image","twitter_site":"@pcfcuwa","schema":{"@context":"https:\/\/schema.org","@graph":[{"@type":"WebPage","@id":"https:\/\/www.pcfcu.org\/mobile-deposit\/","url":"https:\/\/www.pcfcu.org\/mobile-deposit\/","name":"Dep\u00f3sito m\u00f3vil - Pen\u00ednsula CU","isPartOf":{"@id":"https:\/\/www.pcfcu.org\/#website"},"datePublished":"2025-10-15T01:51:04+00:00","dateModified":"2025-10-15T01:51:09+00:00","breadcrumb":{"@id":"https:\/\/www.pcfcu.org\/mobile-deposit\/#breadcrumb"},"inLanguage":"es-ES","potentialAction":[{"@type":"ReadAction","target":["https:\/\/www.pcfcu.org\/mobile-deposit\/"]}]},{"@type":"BreadcrumbList","@id":"https:\/\/www.pcfcu.org\/mobile-deposit\/#breadcrumb","itemListElement":[{"@type":"ListItem","position":1,"name":"Home","item":"https:\/\/www.pcfcu.org\/"},{"@type":"ListItem","position":2,"name":"Mobile Deposit"}]},{"@type":"WebSite","@id":"https:\/\/www.pcfcu.org\/#website","url":"https:\/\/www.pcfcu.org\/","name":"Pen\u00ednsula CU","description":"Nuestra prioridad eres t\u00fa","publisher":{"@id":"https:\/\/www.pcfcu.org\/#organization"},"potentialAction":[{"@type":"SearchAction","target":{"@type":"EntryPoint","urlTemplate":"https:\/\/www.pcfcu.org\/?s={search_term_string}"},"query-input":{"@type":"PropertyValueSpecification","valueRequired":true,"valueName":"search_term_string"}}],"inLanguage":"es-ES"},{"@type":"Organization","@id":"https:\/\/www.pcfcu.org\/#organization","name":"Pen\u00ednsula CU","url":"https:\/\/www.pcfcu.org\/","logo":{"@type":"ImageObject","inLanguage":"es-ES","@id":"https:\/\/www.pcfcu.org\/#\/schema\/logo\/image\/","url":"https:\/\/www.pcfcu.org\/files\/Screenshot-2025-09-19-at-3.54.32-PM.jpg","contentUrl":"https:\/\/www.pcfcu.org\/files\/Screenshot-2025-09-19-at-3.54.32-PM.jpg","width":386,"height":286,"caption":"Peninsula CU"},"image":{"@id":"https:\/\/www.pcfcu.org\/#\/schema\/logo\/image\/"},"sameAs":["https:\/\/www.facebook.com\/PeninsulaCreditUnion","https:\/\/x.com\/pcfcuwa"]}]}},"_links":{"self":[{"href":"https:\/\/www.pcfcu.org\/es\/wp-json\/wp\/v2\/pages\/4412","targetHints":{"allow":["GET"]}}],"collection":[{"href":"https:\/\/www.pcfcu.org\/es\/wp-json\/wp\/v2\/pages"}],"about":[{"href":"https:\/\/www.pcfcu.org\/es\/wp-json\/wp\/v2\/types\/page"}],"author":[{"embeddable":true,"href":"https:\/\/www.pcfcu.org\/es\/wp-json\/wp\/v2\/users\/10"}],"replies":[{"embeddable":true,"href":"https:\/\/www.pcfcu.org\/es\/wp-json\/wp\/v2\/comments?post=4412"}],"version-history":[{"count":1,"href":"https:\/\/www.pcfcu.org\/es\/wp-json\/wp\/v2\/pages\/4412\/revisions"}],"predecessor-version":[{"id":4413,"href":"https:\/\/www.pcfcu.org\/es\/wp-json\/wp\/v2\/pages\/4412\/revisions\/4413"}],"wp:attachment":[{"href":"https:\/\/www.pcfcu.org\/es\/wp-json\/wp\/v2\/media?parent=4412"}],"curies":[{"name":"wp","href":"https:\/\/api.w.org\/{rel}","templated":true}]}}