{"id":4725,"date":"2026-02-19T14:21:37","date_gmt":"2026-02-19T22:21:37","guid":{"rendered":"https:\/\/www.pcfcu.org\/?page_id=4725"},"modified":"2026-02-19T14:45:13","modified_gmt":"2026-02-19T22:45:13","slug":"promocion-de-prestamos-para-automoviles","status":"publish","type":"page","link":"https:\/\/www.pcfcu.org\/es\/promocion-de-prestamos-para-automoviles\/","title":{"rendered":"Promoci\u00f3n \u2013 Pr\u00e9stamo para Auto"},"content":{"rendered":"<div class=\"co-flex_row co-flex_row__ co-flex_row__page-hero\" ><div class=\"co-flex_row--row co-row\">\t<header class=\"co-page_hero  co-page_hero__has_image display-img-desktop\" aria-label=\"Encabezado: Conduzca su pr\u00e9stamo para autom\u00f3vil a Peninsula Credit Union\">\n\t\t<div class=\"co-page_hero--inner\">\n\t\t\t<div class=\"prow gap:5\">\n\t\t\t\t\t\t\t\t\t<div class=\"co-page_hero--img_wrap pcol-lg:6\">\n\t\t\t\t\t\t<img loading=\"lazy\" decoding=\"async\" width=\"840\" height=\"560\" src=\"https:\/\/www.pcfcu.org\/files\/pexels-gustavo-fring-3985229-840x560.jpg\" class=\"co-page_hero--img\" alt=\"Una mujer y su hijo viajando en un coche de juguete.\" srcset=\"https:\/\/www.pcfcu.org\/files\/pexels-gustavo-fring-3985229-840x560.jpg 840w, https:\/\/www.pcfcu.org\/files\/pexels-gustavo-fring-3985229-540x360.jpg 540w, https:\/\/www.pcfcu.org\/files\/pexels-gustavo-fring-3985229-730x487.jpg 730w, https:\/\/www.pcfcu.org\/files\/pexels-gustavo-fring-3985229-768x512.jpg 768w, https:\/\/www.pcfcu.org\/files\/pexels-gustavo-fring-3985229-1536x1024.jpg 1536w, https:\/\/www.pcfcu.org\/files\/pexels-gustavo-fring-3985229-2048x1365.jpg 2048w, https:\/\/www.pcfcu.org\/files\/pexels-gustavo-fring-3985229-18x12.jpg 18w, https:\/\/www.pcfcu.org\/files\/pexels-gustavo-fring-3985229-396x264.jpg 396w, https:\/\/www.pcfcu.org\/files\/pexels-gustavo-fring-3985229-75x50.jpg 75w\" sizes=\"auto, (max-width: 840px) 100vw, 840px\" \/>\t\t\t\t\t<\/div>\n\t\t\t\t\t\t\t\t<div class=\"co-page_hero--text pcol-lg:6\">\n\t\t\t\t\t\t\t\t\t\t<div class=\"co-page_hero--text_inner\">\n\t\t\t\t\t\t\t\t\t\t\t\t<h1 class=\"co-page_hero--title\">\n\t\t\t\t\t\t\tConduzca su pr\u00e9stamo para autom\u00f3vil a Peninsula Credit Union\t\t\t\t\t\t<\/h1>\n\t\t\t\t\t\t<p class=\"co-page_hero--tagline\">Orient\u00e1ndose hacia el ahorro<\/p>\t\t\t\t\t\t\t<div class=\"co-page_hero--buttons\">\n\t\t\t\t\t\t\t\t\t\t\t\t\t\t\t<\/div>\n\t\t\t\t\t\t\t\t\t\t\t\t<\/div>\n\t\t\t\t\t\t\t\t\t<\/div>\n\t\t\t<\/div>\n\t\t<\/div>\n\t<\/header>\n<\/div><\/div>\n\n<div class=\"co-flex_row co-flex_row__ co-flex_row__next_row_diff co-flex_row__long-form-text\" ><div class=\"co-flex_row--row co-row\">\t<div class=\"co-long_form\">\n\t\t\t\t\t<div class=\"co-long_form--block co-long_form--block__nomedia prow items-center  flex-center text-center\">\n\t\t\t\t<div class=\"co-long_form--text pcol-md:12\">\n\t\t\t\t\t<h2 class=\"co-long_form--headline\" >Refinancia y obt\u00e9n hasta un 2% de descuento en nuestra tasa<\/h2><div class=\"co-long_form--content text-component\"><ul>\n<li>APR* tan bajo como 5.49%<\/li>\n<li>90 d\u00edas para el primer pago<\/li>\n<li>Refinancia hoy y ahorra en intereses<\/li>\n<li>\u00a1Toma el control de tu futuro financiero!<\/li>\n<\/ul>\n<a href=\"https:\/\/originate.pcfcu.org\/KDaSWwPyjcFUGPP\/getting-started\/landing-page\" class=\"co-button gtm-button\">\u00a1Aplica ya!<\/a>\n<p>&nbsp;<\/p>\n<\/div>\t\t\t\t<\/div>\n\t\t\t\t\t\t\t<\/div>\n\t\t\t\t<\/div>\n<\/div><\/div>\n\n<div class=\"co-flex_row co-flex_row__white co-flex_row__auto-loan-calculator\" ><div class=\"co-flex_row--row co-row\">\t\t<header class=\"co-intro_text has_intro\">\n\t\t\t<h2 class=\"co-intro_text--title\">Calculadora de pr\u00e9stamos<\/h2><div class=\"co-intro_text--intro text-component\"><p>Esta calculadora le ayuda a estimar cu\u00e1l podr\u00eda ser su pago mensual de autom\u00f3vil.<\/p>\n<\/div>\t\t<\/header>\n\t\t\t<div class=\"co-pix_calc--wrapper\">\n\t\t<div\n\t\t\tclass=\"js-calc_wrapper co-pix_calc\"\n\t\t\tdata-name=\"acf\/auto-loan-calculator\"\n\t\t\t\t\t\t\tdata-tool_tips='{&quot;tt_borrowed_amount&quot;:&quot;Enter the total dollar amount you would like to borrow (typically, the purchase price of the vehicle).&quot;,&quot;tt_down_payment&quot;:&quot;Enter the amount of money you plan to pay towards your vehicle at the time of purchase.&quot;,&quot;tt_loan_term&quot;:&quot;This is the time period for which you will make monthly payments on the amount you borrow. Adjust the available terms to determine which monthly payment works best for you.&quot;}'\n\t\t\t\t\t\t\tdata-down_payment='{&quot;default&quot;:&quot;1000&quot;,&quot;minimum&quot;:&quot;0&quot;,&quot;maximum&quot;:&quot;&quot;,&quot;error_message&quot;:&quot;Please enter a down payment at or above $0. This is the minimum down payment amount we&#039;ll allow you to make for this loan.&quot;}'\n\t\t\t\t\t\t\tdata-borrowed_amount='{&quot;default&quot;:&quot;13500&quot;,&quot;minimum&quot;:&quot;0&quot;,&quot;maximum&quot;:&quot;&quot;,&quot;error_message&quot;:&quot;Please enter a total borrowed amount at or above $0. That is the minimum amount we&#039;ll allow you to borrow for this loan.&quot;}'\n\t\t\t\t\t\t\tdata-term_unit='&quot;months&quot;'\n\t\t\t\t\t\t\tdata-term_options='[{&quot;label&quot;:&quot;60&quot;,&quot;value&quot;:&quot;5.49--\\\/--60&quot;}]'\n\t\t\t\t\t\t\tdata-term_options_default='{&quot;label&quot;:&quot;60&quot;,&quot;value&quot;:&quot;5.49--\\\/--60&quot;}'\n\t\t\t\t\t\t\tdata-cta='&quot;&quot;'\n\t\t\t\t\t>\n\t\t<\/div>\n\t\t<div class=\"co-pix_calc--disclosures\">\n\t\t\t\t\t<\/div>\n\t<\/div>\n<\/div><\/div>\n\n<div class=\"co-flex_row co-flex_row__white co-flex_row__testimonial\" ><div class=\"co-flex_row--row co-row\">\t<div class=\"co-testis co-testis__no_image co-testis__green\">\n\t\t\t\t<div class=\"co-testi gap-y-lg:0 co-testi__no_image\">\n\t\t\t\t\t\t\t\t\t<blockquote class=\"co-testi--quote co-testi--quote__center\">\n\t\t\t\t<div class=\"co-testi--quote_text text-component\">\n\t\t\t\t\t<div class=\"co-testi--quote_text text-component\">\n<p>He estado trabajando con Leah Pokraka en la sucursal de Belfair y les digo: \u00a1GUAU! Es fenomenal en lo que hace. Es muy competente y amable. Me sorprendi\u00f3 mucho que estuviera tan dispuesta a ayudarme a mejorar mi cr\u00e9dito. \u00a1Le estar\u00e9 eternamente agradecida! \u00a1La recomendar\u00eda a ella y a Peninsula Credit Union a todo el mundo!<cite class=\"co-testi--attr\"><\/cite><\/p>\n<\/div>\n\t\t\t\t<\/div>\n\t\t\t\t<cite class=\"co-testi--attr\">\n\t\t\t\t\tKrystal D, Belfair\t\t\t\t<\/cite>\n\t\t\t<\/blockquote>\n\t\t<\/div>\n\t<\/div>\n<\/div><\/div>\n\n<div class=\"co-flex_row co-flex_row__white co-flex_row__last co-flex_row__disclosures\" ><div class=\"co-flex_row--row co-row\">\t<div class=\"co-disclosures\">\n\t\t<h2 class=\"co-disclosures--title\">Divulgaciones<\/h2>\n\t\t<dl class=\"co-disclosures--list\">\n\t\t\t\t\t\t\t<div class=\"co-disclosure\">\n\t\t\t\t\t<dd class=\"co-disclosure--desc\">\n\t\t\t\t\t\t\t\t\t\t\t\t<div class=\"text-component\"><p class=\"p1\">*APR = Tasa de Porcentaje Anual (TPA). Oferta v\u00e1lida del 17\/2\/26 al 31\/3\/26; todos los pr\u00e9stamos deben estar financiados antes del 15\/5\/26. Disponible para miembros calificados solo para refinanciamientos externos en un pr\u00e9stamo para auto, camioneta o motocicleta nuevo o usado originado en otro prestamista. El descuento en la tasa es de hasta 2.00% sobre la tasa aprobada, publicada en pcfcu.org\/rates. Tasa promocional no inferior a 5.49% APR. Relaci\u00f3n pr\u00e9stamo-valor m\u00e1xima 150%. El pr\u00e9stamo debe estar en el informe de cr\u00e9dito por un m\u00ednimo de 6 meses. Los refinanciamientos internos y los pr\u00e9stamos indirectos no son elegibles. Renovaci\u00f3n, Consolidaci\u00f3n de Pr\u00e9stamos para Autos y Programas Expandidos no son elegibles. Plazo m\u00e1ximo de 84 meses. Hasta 90 d\u00edas para el primer pago; los intereses se acumulan desde el desembolso y se cobran con el primer pago. No se requiere un monto m\u00ednimo de pr\u00e9stamo. Pr\u00e9stamos sujetos a aprobaci\u00f3n de cr\u00e9dito; Las tasas y condiciones se basan en el historial crediticio, el valor, el a\u00f1o y el plazo del veh\u00edculo. Requiere membres\u00eda. No se puede combinar con ninguna otra oferta de veh\u00edculo. Las tasas, condiciones y la oferta est\u00e1n sujetas a cambios en cualquier momento. Asegurado federalmente por la NCUA.<\/p>\n<\/div>\t\t\t\t\t<\/dd>\n\t\t\t\t<\/div>\n\t\t\t\t\t<\/dl>\n\t<\/div>\n<\/div><\/div>","protected":false},"excerpt":{"rendered":"","protected":false},"author":13,"featured_media":0,"parent":0,"menu_order":0,"comment_status":"closed","ping_status":"closed","template":"","meta":{"_acf_changed":false,"footnotes":""},"class_list":["post-4725","page","type-page","status-publish","hentry"],"acf":[],"yoast_head":"<!-- This site is optimized with the Yoast SEO plugin v27.2 - https:\/\/yoast.com\/product\/yoast-seo-wordpress\/ -->\n<title>Promotion - Auto Loan - Peninsula CU<\/title>\n<meta name=\"robots\" content=\"index, follow, max-snippet:-1, max-image-preview:large, max-video-preview:-1\" \/>\n<link rel=\"canonical\" href=\"https:\/\/www.pcfcu.org\/es\/promocion-de-prestamos-para-automoviles\/\" \/>\n<meta property=\"og:locale\" content=\"es_ES\" \/>\n<meta property=\"og:type\" content=\"article\" \/>\n<meta property=\"og:title\" content=\"Promotion - Auto Loan - Peninsula CU\" \/>\n<meta property=\"og:url\" content=\"https:\/\/www.pcfcu.org\/es\/promocion-de-prestamos-para-automoviles\/\" \/>\n<meta property=\"og:site_name\" content=\"Peninsula CU\" \/>\n<meta property=\"article:publisher\" content=\"https:\/\/www.facebook.com\/PeninsulaCreditUnion\" \/>\n<meta property=\"article:modified_time\" content=\"2026-02-19T22:45:13+00:00\" \/>\n<meta name=\"twitter:card\" content=\"summary_large_image\" \/>\n<meta name=\"twitter:site\" content=\"@pcfcuwa\" \/>\n<script type=\"application\/ld+json\" class=\"yoast-schema-graph\">{\"@context\":\"https:\/\/schema.org\",\"@graph\":[{\"@type\":\"WebPage\",\"@id\":\"https:\/\/www.pcfcu.org\/promotion-auto-loan\/\",\"url\":\"https:\/\/www.pcfcu.org\/promotion-auto-loan\/\",\"name\":\"Promotion - Auto Loan - Peninsula CU\",\"isPartOf\":{\"@id\":\"https:\/\/www.pcfcu.org\/#website\"},\"datePublished\":\"2026-02-19T22:21:37+00:00\",\"dateModified\":\"2026-02-19T22:45:13+00:00\",\"breadcrumb\":{\"@id\":\"https:\/\/www.pcfcu.org\/promotion-auto-loan\/#breadcrumb\"},\"inLanguage\":\"es-ES\",\"potentialAction\":[{\"@type\":\"ReadAction\",\"target\":[\"https:\/\/www.pcfcu.org\/promotion-auto-loan\/\"]}]},{\"@type\":\"BreadcrumbList\",\"@id\":\"https:\/\/www.pcfcu.org\/promotion-auto-loan\/#breadcrumb\",\"itemListElement\":[{\"@type\":\"ListItem\",\"position\":1,\"name\":\"Home\",\"item\":\"https:\/\/www.pcfcu.org\/\"},{\"@type\":\"ListItem\",\"position\":2,\"name\":\"Promotion &#8211; Auto Loan\"}]},{\"@type\":\"WebSite\",\"@id\":\"https:\/\/www.pcfcu.org\/#website\",\"url\":\"https:\/\/www.pcfcu.org\/\",\"name\":\"Peninsula CU\",\"description\":\"Our Priority is You\",\"publisher\":{\"@id\":\"https:\/\/www.pcfcu.org\/#organization\"},\"potentialAction\":[{\"@type\":\"SearchAction\",\"target\":{\"@type\":\"EntryPoint\",\"urlTemplate\":\"https:\/\/www.pcfcu.org\/?s={search_term_string}\"},\"query-input\":{\"@type\":\"PropertyValueSpecification\",\"valueRequired\":true,\"valueName\":\"search_term_string\"}}],\"inLanguage\":\"es-ES\"},{\"@type\":\"Organization\",\"@id\":\"https:\/\/www.pcfcu.org\/#organization\",\"name\":\"Peninsula CU\",\"url\":\"https:\/\/www.pcfcu.org\/\",\"logo\":{\"@type\":\"ImageObject\",\"inLanguage\":\"es-ES\",\"@id\":\"https:\/\/www.pcfcu.org\/#\/schema\/logo\/image\/\",\"url\":\"https:\/\/www.pcfcu.org\/files\/Screenshot-2025-09-19-at-3.54.32-PM.jpg\",\"contentUrl\":\"https:\/\/www.pcfcu.org\/files\/Screenshot-2025-09-19-at-3.54.32-PM.jpg\",\"width\":386,\"height\":286,\"caption\":\"Peninsula CU\"},\"image\":{\"@id\":\"https:\/\/www.pcfcu.org\/#\/schema\/logo\/image\/\"},\"sameAs\":[\"https:\/\/www.facebook.com\/PeninsulaCreditUnion\",\"https:\/\/x.com\/pcfcuwa\"]}]}<\/script>\n<!-- \/ Yoast SEO plugin. -->","yoast_head_json":{"title":"Promoci\u00f3n - Pr\u00e9stamo para Auto - Pen\u00ednsula CU","robots":{"index":"index","follow":"follow","max-snippet":"max-snippet:-1","max-image-preview":"max-image-preview:large","max-video-preview":"max-video-preview:-1"},"canonical":"https:\/\/www.pcfcu.org\/es\/promocion-de-prestamos-para-automoviles\/","og_locale":"es_ES","og_type":"article","og_title":"Promotion - Auto Loan - Peninsula CU","og_url":"https:\/\/www.pcfcu.org\/es\/promocion-de-prestamos-para-automoviles\/","og_site_name":"Peninsula CU","article_publisher":"https:\/\/www.facebook.com\/PeninsulaCreditUnion","article_modified_time":"2026-02-19T22:45:13+00:00","twitter_card":"summary_large_image","twitter_site":"@pcfcuwa","schema":{"@context":"https:\/\/schema.org","@graph":[{"@type":"WebPage","@id":"https:\/\/www.pcfcu.org\/promotion-auto-loan\/","url":"https:\/\/www.pcfcu.org\/promotion-auto-loan\/","name":"Promoci\u00f3n - Pr\u00e9stamo para Auto - Pen\u00ednsula CU","isPartOf":{"@id":"https:\/\/www.pcfcu.org\/#website"},"datePublished":"2026-02-19T22:21:37+00:00","dateModified":"2026-02-19T22:45:13+00:00","breadcrumb":{"@id":"https:\/\/www.pcfcu.org\/promotion-auto-loan\/#breadcrumb"},"inLanguage":"es-ES","potentialAction":[{"@type":"ReadAction","target":["https:\/\/www.pcfcu.org\/promotion-auto-loan\/"]}]},{"@type":"BreadcrumbList","@id":"https:\/\/www.pcfcu.org\/promotion-auto-loan\/#breadcrumb","itemListElement":[{"@type":"ListItem","position":1,"name":"Home","item":"https:\/\/www.pcfcu.org\/"},{"@type":"ListItem","position":2,"name":"Promotion &#8211; Auto Loan"}]},{"@type":"WebSite","@id":"https:\/\/www.pcfcu.org\/#website","url":"https:\/\/www.pcfcu.org\/","name":"Pen\u00ednsula CU","description":"Nuestra prioridad eres t\u00fa","publisher":{"@id":"https:\/\/www.pcfcu.org\/#organization"},"potentialAction":[{"@type":"SearchAction","target":{"@type":"EntryPoint","urlTemplate":"https:\/\/www.pcfcu.org\/?s={search_term_string}"},"query-input":{"@type":"PropertyValueSpecification","valueRequired":true,"valueName":"search_term_string"}}],"inLanguage":"es-ES"},{"@type":"Organization","@id":"https:\/\/www.pcfcu.org\/#organization","name":"Pen\u00ednsula CU","url":"https:\/\/www.pcfcu.org\/","logo":{"@type":"ImageObject","inLanguage":"es-ES","@id":"https:\/\/www.pcfcu.org\/#\/schema\/logo\/image\/","url":"https:\/\/www.pcfcu.org\/files\/Screenshot-2025-09-19-at-3.54.32-PM.jpg","contentUrl":"https:\/\/www.pcfcu.org\/files\/Screenshot-2025-09-19-at-3.54.32-PM.jpg","width":386,"height":286,"caption":"Peninsula CU"},"image":{"@id":"https:\/\/www.pcfcu.org\/#\/schema\/logo\/image\/"},"sameAs":["https:\/\/www.facebook.com\/PeninsulaCreditUnion","https:\/\/x.com\/pcfcuwa"]}]}},"_links":{"self":[{"href":"https:\/\/www.pcfcu.org\/es\/wp-json\/wp\/v2\/pages\/4725","targetHints":{"allow":["GET"]}}],"collection":[{"href":"https:\/\/www.pcfcu.org\/es\/wp-json\/wp\/v2\/pages"}],"about":[{"href":"https:\/\/www.pcfcu.org\/es\/wp-json\/wp\/v2\/types\/page"}],"author":[{"embeddable":true,"href":"https:\/\/www.pcfcu.org\/es\/wp-json\/wp\/v2\/users\/13"}],"replies":[{"embeddable":true,"href":"https:\/\/www.pcfcu.org\/es\/wp-json\/wp\/v2\/comments?post=4725"}],"version-history":[{"count":16,"href":"https:\/\/www.pcfcu.org\/es\/wp-json\/wp\/v2\/pages\/4725\/revisions"}],"predecessor-version":[{"id":4750,"href":"https:\/\/www.pcfcu.org\/es\/wp-json\/wp\/v2\/pages\/4725\/revisions\/4750"}],"wp:attachment":[{"href":"https:\/\/www.pcfcu.org\/es\/wp-json\/wp\/v2\/media?parent=4725"}],"curies":[{"name":"wp","href":"https:\/\/api.w.org\/{rel}","templated":true}]}}